{"id":453,"date":"2025-04-23T13:42:44","date_gmt":"2025-04-23T10:42:44","guid":{"rendered":"http:\/\/de-co.com.tr\/?page_id=453"},"modified":"2025-04-23T13:48:02","modified_gmt":"2025-04-23T10:48:02","slug":"turgut-ozal-mahallesi-sosyal-tesis","status":"publish","type":"page","link":"https:\/\/de-co.com.tr\/index.php\/turgut-ozal-mahallesi-sosyal-tesis\/","title":{"rendered":"TURGUT \u00d6ZAL MAHALLES\u0130 SOSYAL TES\u0130S"},"content":{"rendered":"\t\t<div data-elementor-type=\"wp-page\" data-elementor-id=\"453\" class=\"elementor elementor-453\">\n\t\t\t\t\t\t<section class=\"elementor-section elementor-top-section elementor-element elementor-element-89ba51e elementor-section-boxed elementor-section-height-default elementor-section-height-default\" data-id=\"89ba51e\" data-element_type=\"section\" data-settings=\"{&quot;background_background&quot;:&quot;classic&quot;}\">\n\t\t\t\t\t\t<div class=\"elementor-container elementor-column-gap-default\">\n\t\t\t\t\t<div class=\"elementor-column elementor-col-100 elementor-top-column elementor-element elementor-element-15997bb\" data-id=\"15997bb\" data-element_type=\"column\">\n\t\t\t<div class=\"elementor-widget-wrap elementor-element-populated\">\n\t\t\t\t\t\t<div class=\"elementor-element elementor-element-c904c2a elementor-widget elementor-widget-spacer\" data-id=\"c904c2a\" data-element_type=\"widget\" data-widget_type=\"spacer.default\">\n\t\t\t\t<div class=\"elementor-widget-container\">\n\t\t\t\t\t\t\t<div class=\"elementor-spacer\">\n\t\t\t<div class=\"elementor-spacer-inner\"><\/div>\n\t\t<\/div>\n\t\t\t\t\t\t<\/div>\n\t\t\t\t<\/div>\n\t\t\t\t<div class=\"elementor-element elementor-element-217f39f elementor-widget elementor-widget-heading\" data-id=\"217f39f\" data-element_type=\"widget\" data-widget_type=\"heading.default\">\n\t\t\t\t<div class=\"elementor-widget-container\">\n\t\t\t\t\t<h2 class=\"elementor-heading-title elementor-size-default\">Tamamlanan Projeler<\/h2>\t\t\t\t<\/div>\n\t\t\t\t<\/div>\n\t\t\t\t<div class=\"elementor-element elementor-element-7c43b92 elementor-widget elementor-widget-text-editor\" data-id=\"7c43b92\" data-element_type=\"widget\" data-widget_type=\"text-editor.default\">\n\t\t\t\t<div class=\"elementor-widget-container\">\n\t\t\t\t\t\t\t\t\t<p>Ana Sayfa \u2192 TURGUT \u00d6ZAL MAHALLES\u0130 SOSYAL TES\u0130S<\/p>\t\t\t\t\t\t\t\t<\/div>\n\t\t\t\t<\/div>\n\t\t\t\t\t<\/div>\n\t\t<\/div>\n\t\t\t\t\t<\/div>\n\t\t<\/section>\n\t\t\t\t<section class=\"elementor-section elementor-top-section elementor-element elementor-element-68dac58 elementor-section-boxed elementor-section-height-default elementor-section-height-default\" data-id=\"68dac58\" data-element_type=\"section\">\n\t\t\t\t\t\t<div class=\"elementor-container elementor-column-gap-default\">\n\t\t\t\t\t<div class=\"elementor-column elementor-col-100 elementor-top-column elementor-element elementor-element-9e09e04\" data-id=\"9e09e04\" data-element_type=\"column\">\n\t\t\t<div class=\"elementor-widget-wrap elementor-element-populated\">\n\t\t\t\t\t\t<div class=\"elementor-element elementor-element-6384932 elementor-widget elementor-widget-heading\" data-id=\"6384932\" data-element_type=\"widget\" data-widget_type=\"heading.default\">\n\t\t\t\t<div class=\"elementor-widget-container\">\n\t\t\t\t\t<h2 class=\"elementor-heading-title elementor-size-default\">Turgut \u00d6zal Mahallesi 43052 Ada 3 Parsel Sosyal Tesis Yap\u0131m \u0130\u015fi \/ Ankara (Beton Kal\u0131p ve Demir ve \u0130nce \u0130\u015fler  <br>\nProje ba\u015flama tarihi: 26.08.2022 - Proje biti\u015f tarihi: 30.03.2024<\/h2>\t\t\t\t<\/div>\n\t\t\t\t<\/div>\n\t\t\t\t\t<\/div>\n\t\t<\/div>\n\t\t\t\t\t<\/div>\n\t\t<\/section>\n\t\t\t\t<section class=\"elementor-section elementor-top-section elementor-element elementor-element-f09b72f elementor-section-boxed elementor-section-height-default elementor-section-height-default\" data-id=\"f09b72f\" data-element_type=\"section\">\n\t\t\t\t\t\t<div class=\"elementor-container elementor-column-gap-default\">\n\t\t\t\t\t<div class=\"elementor-column elementor-col-100 elementor-top-column elementor-element elementor-element-466f990\" data-id=\"466f990\" data-element_type=\"column\">\n\t\t\t<div class=\"elementor-widget-wrap elementor-element-populated\">\n\t\t\t\t\t\t<div class=\"elementor-element elementor-element-5f2bf2d gallery-spacing-custom elementor-widget elementor-widget-image-gallery\" data-id=\"5f2bf2d\" data-element_type=\"widget\" data-widget_type=\"image-gallery.default\">\n\t\t\t\t<div class=\"elementor-widget-container\">\n\t\t\t\t\t\t\t<div class=\"elementor-image-gallery\">\n\t\t\t<div id='gallery-1' class='gallery galleryid-453 gallery-columns-3 gallery-size-full'><figure class='gallery-item'>\n\t\t\t<div class='gallery-icon landscape'>\n\t\t\t\t<a data-elementor-open-lightbox=\"yes\" data-elementor-lightbox-slideshow=\"5f2bf2d\" data-e-action-hash=\"#elementor-action%3Aaction%3Dlightbox%26settings%3DeyJpZCI6NDU2LCJ1cmwiOiJodHRwczpcL1wvZGUtY28uY29tLnRyXC93cC1jb250ZW50XC91cGxvYWRzXC8yMDI1XC8wNFwvMDFmMjY1ZGQtNTc3Yi00MDMxLTkxNTItOTQzNzY4MDlkODJiLmpwZyIsInNsaWRlc2hvdyI6IjVmMmJmMmQifQ%3D%3D\" href='https:\/\/de-co.com.tr\/wp-content\/uploads\/2025\/04\/01f265dd-577b-4031-9152-94376809d82b.jpg'><img fetchpriority=\"high\" decoding=\"async\" width=\"2000\" height=\"934\" src=\"https:\/\/de-co.com.tr\/wp-content\/uploads\/2025\/04\/01f265dd-577b-4031-9152-94376809d82b.jpg\" class=\"attachment-full size-full\" alt=\"\" srcset=\"https:\/\/de-co.com.tr\/wp-content\/uploads\/2025\/04\/01f265dd-577b-4031-9152-94376809d82b.jpg 2000w, https:\/\/de-co.com.tr\/wp-content\/uploads\/2025\/04\/01f265dd-577b-4031-9152-94376809d82b-300x140.jpg 300w, https:\/\/de-co.com.tr\/wp-content\/uploads\/2025\/04\/01f265dd-577b-4031-9152-94376809d82b-1024x478.jpg 1024w, https:\/\/de-co.com.tr\/wp-content\/uploads\/2025\/04\/01f265dd-577b-4031-9152-94376809d82b-768x359.jpg 768w, https:\/\/de-co.com.tr\/wp-content\/uploads\/2025\/04\/01f265dd-577b-4031-9152-94376809d82b-1536x717.jpg 1536w\" sizes=\"(max-width: 2000px) 100vw, 2000px\" \/><\/a>\n\t\t\t<\/div><\/figure><figure class='gallery-item'>\n\t\t\t<div class='gallery-icon landscape'>\n\t\t\t\t<a data-elementor-open-lightbox=\"yes\" data-elementor-lightbox-slideshow=\"5f2bf2d\" data-e-action-hash=\"#elementor-action%3Aaction%3Dlightbox%26settings%3DeyJpZCI6NDYyLCJ1cmwiOiJodHRwczpcL1wvZGUtY28uY29tLnRyXC93cC1jb250ZW50XC91cGxvYWRzXC8yMDI1XC8wNFwvY2I5NWY3ZTgtYmUxNi00YjEzLWE2NmMtNjI3ZjM4MWMzOWFlLmpwZyIsInNsaWRlc2hvdyI6IjVmMmJmMmQifQ%3D%3D\" href='https:\/\/de-co.com.tr\/wp-content\/uploads\/2025\/04\/cb95f7e8-be16-4b13-a66c-627f381c39ae.jpg'><img decoding=\"async\" width=\"2000\" height=\"934\" src=\"https:\/\/de-co.com.tr\/wp-content\/uploads\/2025\/04\/cb95f7e8-be16-4b13-a66c-627f381c39ae.jpg\" class=\"attachment-full size-full\" alt=\"\" srcset=\"https:\/\/de-co.com.tr\/wp-content\/uploads\/2025\/04\/cb95f7e8-be16-4b13-a66c-627f381c39ae.jpg 2000w, https:\/\/de-co.com.tr\/wp-content\/uploads\/2025\/04\/cb95f7e8-be16-4b13-a66c-627f381c39ae-300x140.jpg 300w, https:\/\/de-co.com.tr\/wp-content\/uploads\/2025\/04\/cb95f7e8-be16-4b13-a66c-627f381c39ae-1024x478.jpg 1024w, https:\/\/de-co.com.tr\/wp-content\/uploads\/2025\/04\/cb95f7e8-be16-4b13-a66c-627f381c39ae-768x359.jpg 768w, https:\/\/de-co.com.tr\/wp-content\/uploads\/2025\/04\/cb95f7e8-be16-4b13-a66c-627f381c39ae-1536x717.jpg 1536w\" sizes=\"(max-width: 2000px) 100vw, 2000px\" \/><\/a>\n\t\t\t<\/div><\/figure><figure class='gallery-item'>\n\t\t\t<div class='gallery-icon landscape'>\n\t\t\t\t<a data-elementor-open-lightbox=\"yes\" data-elementor-lightbox-slideshow=\"5f2bf2d\" data-e-action-hash=\"#elementor-action%3Aaction%3Dlightbox%26settings%3DeyJpZCI6NDY1LCJ1cmwiOiJodHRwczpcL1wvZGUtY28uY29tLnRyXC93cC1jb250ZW50XC91cGxvYWRzXC8yMDI1XC8wNFwvZmVhMTJlNTQtNWUyNC00MzNiLTllNmUtMjFlZmEwOTM5ZDc2LmpwZyIsInNsaWRlc2hvdyI6IjVmMmJmMmQifQ%3D%3D\" href='https:\/\/de-co.com.tr\/wp-content\/uploads\/2025\/04\/fea12e54-5e24-433b-9e6e-21efa0939d76.jpg'><img decoding=\"async\" width=\"2000\" height=\"934\" src=\"https:\/\/de-co.com.tr\/wp-content\/uploads\/2025\/04\/fea12e54-5e24-433b-9e6e-21efa0939d76.jpg\" class=\"attachment-full size-full\" alt=\"\" srcset=\"https:\/\/de-co.com.tr\/wp-content\/uploads\/2025\/04\/fea12e54-5e24-433b-9e6e-21efa0939d76.jpg 2000w, https:\/\/de-co.com.tr\/wp-content\/uploads\/2025\/04\/fea12e54-5e24-433b-9e6e-21efa0939d76-300x140.jpg 300w, https:\/\/de-co.com.tr\/wp-content\/uploads\/2025\/04\/fea12e54-5e24-433b-9e6e-21efa0939d76-1024x478.jpg 1024w, https:\/\/de-co.com.tr\/wp-content\/uploads\/2025\/04\/fea12e54-5e24-433b-9e6e-21efa0939d76-768x359.jpg 768w, https:\/\/de-co.com.tr\/wp-content\/uploads\/2025\/04\/fea12e54-5e24-433b-9e6e-21efa0939d76-1536x717.jpg 1536w\" sizes=\"(max-width: 2000px) 100vw, 2000px\" \/><\/a>\n\t\t\t<\/div><\/figure><figure class='gallery-item'>\n\t\t\t<div class='gallery-icon landscape'>\n\t\t\t\t<a data-elementor-open-lightbox=\"yes\" data-elementor-lightbox-slideshow=\"5f2bf2d\" data-e-action-hash=\"#elementor-action%3Aaction%3Dlightbox%26settings%3DeyJpZCI6NDY0LCJ1cmwiOiJodHRwczpcL1wvZGUtY28uY29tLnRyXC93cC1jb250ZW50XC91cGxvYWRzXC8yMDI1XC8wNFwvZjk1MjY5NDItYWUwMC00Y2ZjLThjNGUtN2FlMWQ5YWI5MzlhLmpwZyIsInNsaWRlc2hvdyI6IjVmMmJmMmQifQ%3D%3D\" href='https:\/\/de-co.com.tr\/wp-content\/uploads\/2025\/04\/f9526942-ae00-4cfc-8c4e-7ae1d9ab939a.jpg'><img loading=\"lazy\" decoding=\"async\" width=\"2000\" height=\"934\" src=\"https:\/\/de-co.com.tr\/wp-content\/uploads\/2025\/04\/f9526942-ae00-4cfc-8c4e-7ae1d9ab939a.jpg\" class=\"attachment-full size-full\" alt=\"\" srcset=\"https:\/\/de-co.com.tr\/wp-content\/uploads\/2025\/04\/f9526942-ae00-4cfc-8c4e-7ae1d9ab939a.jpg 2000w, https:\/\/de-co.com.tr\/wp-content\/uploads\/2025\/04\/f9526942-ae00-4cfc-8c4e-7ae1d9ab939a-300x140.jpg 300w, https:\/\/de-co.com.tr\/wp-content\/uploads\/2025\/04\/f9526942-ae00-4cfc-8c4e-7ae1d9ab939a-1024x478.jpg 1024w, https:\/\/de-co.com.tr\/wp-content\/uploads\/2025\/04\/f9526942-ae00-4cfc-8c4e-7ae1d9ab939a-768x359.jpg 768w, https:\/\/de-co.com.tr\/wp-content\/uploads\/2025\/04\/f9526942-ae00-4cfc-8c4e-7ae1d9ab939a-1536x717.jpg 1536w\" sizes=\"(max-width: 2000px) 100vw, 2000px\" \/><\/a>\n\t\t\t<\/div><\/figure><figure class='gallery-item'>\n\t\t\t<div class='gallery-icon landscape'>\n\t\t\t\t<a data-elementor-open-lightbox=\"yes\" data-elementor-lightbox-slideshow=\"5f2bf2d\" data-e-action-hash=\"#elementor-action%3Aaction%3Dlightbox%26settings%3DeyJpZCI6NDYzLCJ1cmwiOiJodHRwczpcL1wvZGUtY28uY29tLnRyXC93cC1jb250ZW50XC91cGxvYWRzXC8yMDI1XC8wNFwvZDAxOTYxMzAtMjhjMi00YmQ3LThjZjItYmJmZjRkYzc2NTg0LmpwZyIsInNsaWRlc2hvdyI6IjVmMmJmMmQifQ%3D%3D\" href='https:\/\/de-co.com.tr\/wp-content\/uploads\/2025\/04\/d0196130-28c2-4bd7-8cf2-bbff4dc76584.jpg'><img loading=\"lazy\" decoding=\"async\" width=\"2000\" height=\"934\" src=\"https:\/\/de-co.com.tr\/wp-content\/uploads\/2025\/04\/d0196130-28c2-4bd7-8cf2-bbff4dc76584.jpg\" class=\"attachment-full size-full\" alt=\"\" srcset=\"https:\/\/de-co.com.tr\/wp-content\/uploads\/2025\/04\/d0196130-28c2-4bd7-8cf2-bbff4dc76584.jpg 2000w, https:\/\/de-co.com.tr\/wp-content\/uploads\/2025\/04\/d0196130-28c2-4bd7-8cf2-bbff4dc76584-300x140.jpg 300w, https:\/\/de-co.com.tr\/wp-content\/uploads\/2025\/04\/d0196130-28c2-4bd7-8cf2-bbff4dc76584-1024x478.jpg 1024w, https:\/\/de-co.com.tr\/wp-content\/uploads\/2025\/04\/d0196130-28c2-4bd7-8cf2-bbff4dc76584-768x359.jpg 768w, https:\/\/de-co.com.tr\/wp-content\/uploads\/2025\/04\/d0196130-28c2-4bd7-8cf2-bbff4dc76584-1536x717.jpg 1536w\" sizes=\"(max-width: 2000px) 100vw, 2000px\" \/><\/a>\n\t\t\t<\/div><\/figure><figure class='gallery-item'>\n\t\t\t<div class='gallery-icon landscape'>\n\t\t\t\t<a data-elementor-open-lightbox=\"yes\" data-elementor-lightbox-slideshow=\"5f2bf2d\" data-e-action-hash=\"#elementor-action%3Aaction%3Dlightbox%26settings%3DeyJpZCI6NDYxLCJ1cmwiOiJodHRwczpcL1wvZGUtY28uY29tLnRyXC93cC1jb250ZW50XC91cGxvYWRzXC8yMDI1XC8wNFwvNjQ0NTcyZmItZjJhZS00MmFlLWIxOWYtMDVlMDRkY2E3NzEwLmpwZyIsInNsaWRlc2hvdyI6IjVmMmJmMmQifQ%3D%3D\" href='https:\/\/de-co.com.tr\/wp-content\/uploads\/2025\/04\/644572fb-f2ae-42ae-b19f-05e04dca7710.jpg'><img loading=\"lazy\" decoding=\"async\" width=\"2000\" height=\"934\" src=\"https:\/\/de-co.com.tr\/wp-content\/uploads\/2025\/04\/644572fb-f2ae-42ae-b19f-05e04dca7710.jpg\" class=\"attachment-full size-full\" alt=\"\" srcset=\"https:\/\/de-co.com.tr\/wp-content\/uploads\/2025\/04\/644572fb-f2ae-42ae-b19f-05e04dca7710.jpg 2000w, https:\/\/de-co.com.tr\/wp-content\/uploads\/2025\/04\/644572fb-f2ae-42ae-b19f-05e04dca7710-300x140.jpg 300w, https:\/\/de-co.com.tr\/wp-content\/uploads\/2025\/04\/644572fb-f2ae-42ae-b19f-05e04dca7710-1024x478.jpg 1024w, https:\/\/de-co.com.tr\/wp-content\/uploads\/2025\/04\/644572fb-f2ae-42ae-b19f-05e04dca7710-768x359.jpg 768w, https:\/\/de-co.com.tr\/wp-content\/uploads\/2025\/04\/644572fb-f2ae-42ae-b19f-05e04dca7710-1536x717.jpg 1536w\" sizes=\"(max-width: 2000px) 100vw, 2000px\" \/><\/a>\n\t\t\t<\/div><\/figure><figure class='gallery-item'>\n\t\t\t<div class='gallery-icon landscape'>\n\t\t\t\t<a data-elementor-open-lightbox=\"yes\" data-elementor-lightbox-slideshow=\"5f2bf2d\" data-e-action-hash=\"#elementor-action%3Aaction%3Dlightbox%26settings%3DeyJpZCI6NDYwLCJ1cmwiOiJodHRwczpcL1wvZGUtY28uY29tLnRyXC93cC1jb250ZW50XC91cGxvYWRzXC8yMDI1XC8wNFwvNzMzMTlhMmEtNWYyMC00NTFhLTgzYzktNmUwOWNhZDY5ZDM1LmpwZyIsInNsaWRlc2hvdyI6IjVmMmJmMmQifQ%3D%3D\" href='https:\/\/de-co.com.tr\/wp-content\/uploads\/2025\/04\/73319a2a-5f20-451a-83c9-6e09cad69d35.jpg'><img loading=\"lazy\" decoding=\"async\" width=\"2000\" height=\"934\" src=\"https:\/\/de-co.com.tr\/wp-content\/uploads\/2025\/04\/73319a2a-5f20-451a-83c9-6e09cad69d35.jpg\" class=\"attachment-full size-full\" alt=\"\" srcset=\"https:\/\/de-co.com.tr\/wp-content\/uploads\/2025\/04\/73319a2a-5f20-451a-83c9-6e09cad69d35.jpg 2000w, https:\/\/de-co.com.tr\/wp-content\/uploads\/2025\/04\/73319a2a-5f20-451a-83c9-6e09cad69d35-300x140.jpg 300w, https:\/\/de-co.com.tr\/wp-content\/uploads\/2025\/04\/73319a2a-5f20-451a-83c9-6e09cad69d35-1024x478.jpg 1024w, https:\/\/de-co.com.tr\/wp-content\/uploads\/2025\/04\/73319a2a-5f20-451a-83c9-6e09cad69d35-768x359.jpg 768w, https:\/\/de-co.com.tr\/wp-content\/uploads\/2025\/04\/73319a2a-5f20-451a-83c9-6e09cad69d35-1536x717.jpg 1536w\" sizes=\"(max-width: 2000px) 100vw, 2000px\" \/><\/a>\n\t\t\t<\/div><\/figure><figure class='gallery-item'>\n\t\t\t<div class='gallery-icon landscape'>\n\t\t\t\t<a data-elementor-open-lightbox=\"yes\" data-elementor-lightbox-slideshow=\"5f2bf2d\" data-e-action-hash=\"#elementor-action%3Aaction%3Dlightbox%26settings%3DeyJpZCI6NDU5LCJ1cmwiOiJodHRwczpcL1wvZGUtY28uY29tLnRyXC93cC1jb250ZW50XC91cGxvYWRzXC8yMDI1XC8wNFwvOWE1Mjg0YzgtODU2Zi00NjljLTlhMGUtM2IwNmIyNjM1ZGExLmpwZyIsInNsaWRlc2hvdyI6IjVmMmJmMmQifQ%3D%3D\" href='https:\/\/de-co.com.tr\/wp-content\/uploads\/2025\/04\/9a5284c8-856f-469c-9a0e-3b06b2635da1.jpg'><img loading=\"lazy\" decoding=\"async\" width=\"2000\" height=\"934\" src=\"https:\/\/de-co.com.tr\/wp-content\/uploads\/2025\/04\/9a5284c8-856f-469c-9a0e-3b06b2635da1.jpg\" class=\"attachment-full size-full\" alt=\"\" srcset=\"https:\/\/de-co.com.tr\/wp-content\/uploads\/2025\/04\/9a5284c8-856f-469c-9a0e-3b06b2635da1.jpg 2000w, https:\/\/de-co.com.tr\/wp-content\/uploads\/2025\/04\/9a5284c8-856f-469c-9a0e-3b06b2635da1-300x140.jpg 300w, https:\/\/de-co.com.tr\/wp-content\/uploads\/2025\/04\/9a5284c8-856f-469c-9a0e-3b06b2635da1-1024x478.jpg 1024w, https:\/\/de-co.com.tr\/wp-content\/uploads\/2025\/04\/9a5284c8-856f-469c-9a0e-3b06b2635da1-768x359.jpg 768w, https:\/\/de-co.com.tr\/wp-content\/uploads\/2025\/04\/9a5284c8-856f-469c-9a0e-3b06b2635da1-1536x717.jpg 1536w\" sizes=\"(max-width: 2000px) 100vw, 2000px\" \/><\/a>\n\t\t\t<\/div><\/figure><figure class='gallery-item'>\n\t\t\t<div class='gallery-icon landscape'>\n\t\t\t\t<a data-elementor-open-lightbox=\"yes\" data-elementor-lightbox-slideshow=\"5f2bf2d\" data-e-action-hash=\"#elementor-action%3Aaction%3Dlightbox%26settings%3DeyJpZCI6NDU4LCJ1cmwiOiJodHRwczpcL1wvZGUtY28uY29tLnRyXC93cC1jb250ZW50XC91cGxvYWRzXC8yMDI1XC8wNFwvMmQ2ZTI4M2YtZjA1OC00ZDZkLWIyYmUtNjQ1NDg5N2YyM2IwLmpwZyIsInNsaWRlc2hvdyI6IjVmMmJmMmQifQ%3D%3D\" href='https:\/\/de-co.com.tr\/wp-content\/uploads\/2025\/04\/2d6e283f-f058-4d6d-b2be-6454897f23b0.jpg'><img loading=\"lazy\" decoding=\"async\" width=\"2000\" height=\"934\" src=\"https:\/\/de-co.com.tr\/wp-content\/uploads\/2025\/04\/2d6e283f-f058-4d6d-b2be-6454897f23b0.jpg\" class=\"attachment-full size-full\" alt=\"\" srcset=\"https:\/\/de-co.com.tr\/wp-content\/uploads\/2025\/04\/2d6e283f-f058-4d6d-b2be-6454897f23b0.jpg 2000w, https:\/\/de-co.com.tr\/wp-content\/uploads\/2025\/04\/2d6e283f-f058-4d6d-b2be-6454897f23b0-300x140.jpg 300w, https:\/\/de-co.com.tr\/wp-content\/uploads\/2025\/04\/2d6e283f-f058-4d6d-b2be-6454897f23b0-1024x478.jpg 1024w, https:\/\/de-co.com.tr\/wp-content\/uploads\/2025\/04\/2d6e283f-f058-4d6d-b2be-6454897f23b0-768x359.jpg 768w, https:\/\/de-co.com.tr\/wp-content\/uploads\/2025\/04\/2d6e283f-f058-4d6d-b2be-6454897f23b0-1536x717.jpg 1536w\" sizes=\"(max-width: 2000px) 100vw, 2000px\" \/><\/a>\n\t\t\t<\/div><\/figure><figure class='gallery-item'>\n\t\t\t<div class='gallery-icon landscape'>\n\t\t\t\t<a data-elementor-open-lightbox=\"yes\" data-elementor-lightbox-slideshow=\"5f2bf2d\" data-e-action-hash=\"#elementor-action%3Aaction%3Dlightbox%26settings%3DeyJpZCI6NDU3LCJ1cmwiOiJodHRwczpcL1wvZGUtY28uY29tLnRyXC93cC1jb250ZW50XC91cGxvYWRzXC8yMDI1XC8wNFwvMmNiYmFjNTctZmZhNC00ZDI2LTlhMDQtMDI2MDZjNTc5OTYxLmpwZyIsInNsaWRlc2hvdyI6IjVmMmJmMmQifQ%3D%3D\" href='https:\/\/de-co.com.tr\/wp-content\/uploads\/2025\/04\/2cbbac57-ffa4-4d26-9a04-02606c579961.jpg'><img loading=\"lazy\" decoding=\"async\" width=\"2000\" height=\"934\" src=\"https:\/\/de-co.com.tr\/wp-content\/uploads\/2025\/04\/2cbbac57-ffa4-4d26-9a04-02606c579961.jpg\" class=\"attachment-full size-full\" alt=\"\" srcset=\"https:\/\/de-co.com.tr\/wp-content\/uploads\/2025\/04\/2cbbac57-ffa4-4d26-9a04-02606c579961.jpg 2000w, https:\/\/de-co.com.tr\/wp-content\/uploads\/2025\/04\/2cbbac57-ffa4-4d26-9a04-02606c579961-300x140.jpg 300w, https:\/\/de-co.com.tr\/wp-content\/uploads\/2025\/04\/2cbbac57-ffa4-4d26-9a04-02606c579961-1024x478.jpg 1024w, https:\/\/de-co.com.tr\/wp-content\/uploads\/2025\/04\/2cbbac57-ffa4-4d26-9a04-02606c579961-768x359.jpg 768w, https:\/\/de-co.com.tr\/wp-content\/uploads\/2025\/04\/2cbbac57-ffa4-4d26-9a04-02606c579961-1536x717.jpg 1536w\" sizes=\"(max-width: 2000px) 100vw, 2000px\" \/><\/a>\n\t\t\t<\/div><\/figure><figure class='gallery-item'>\n\t\t\t<div class='gallery-icon landscape'>\n\t\t\t\t<a data-elementor-open-lightbox=\"yes\" data-elementor-lightbox-slideshow=\"5f2bf2d\" data-e-action-hash=\"#elementor-action%3Aaction%3Dlightbox%26settings%3DeyJpZCI6NDU1LCJ1cmwiOiJodHRwczpcL1wvZGUtY28uY29tLnRyXC93cC1jb250ZW50XC91cGxvYWRzXC8yMDI1XC8wNFwvMGYxMWI0YjEtM2JjZC00ZmZkLTk0MjEtOGY5YTU3OWUxN2YwLmpwZyIsInNsaWRlc2hvdyI6IjVmMmJmMmQifQ%3D%3D\" href='https:\/\/de-co.com.tr\/wp-content\/uploads\/2025\/04\/0f11b4b1-3bcd-4ffd-9421-8f9a579e17f0.jpg'><img loading=\"lazy\" decoding=\"async\" width=\"2000\" height=\"934\" src=\"https:\/\/de-co.com.tr\/wp-content\/uploads\/2025\/04\/0f11b4b1-3bcd-4ffd-9421-8f9a579e17f0.jpg\" class=\"attachment-full size-full\" alt=\"\" srcset=\"https:\/\/de-co.com.tr\/wp-content\/uploads\/2025\/04\/0f11b4b1-3bcd-4ffd-9421-8f9a579e17f0.jpg 2000w, https:\/\/de-co.com.tr\/wp-content\/uploads\/2025\/04\/0f11b4b1-3bcd-4ffd-9421-8f9a579e17f0-300x140.jpg 300w, https:\/\/de-co.com.tr\/wp-content\/uploads\/2025\/04\/0f11b4b1-3bcd-4ffd-9421-8f9a579e17f0-1024x478.jpg 1024w, https:\/\/de-co.com.tr\/wp-content\/uploads\/2025\/04\/0f11b4b1-3bcd-4ffd-9421-8f9a579e17f0-768x359.jpg 768w, https:\/\/de-co.com.tr\/wp-content\/uploads\/2025\/04\/0f11b4b1-3bcd-4ffd-9421-8f9a579e17f0-1536x717.jpg 1536w\" sizes=\"(max-width: 2000px) 100vw, 2000px\" \/><\/a>\n\t\t\t<\/div><\/figure>\n\t\t<\/div>\n\t\t<\/div>\n\t\t\t\t\t\t<\/div>\n\t\t\t\t<\/div>\n\t\t\t\t\t<\/div>\n\t\t<\/div>\n\t\t\t\t\t<\/div>\n\t\t<\/section>\n\t\t\t\t<\/div>\n\t\t","protected":false},"excerpt":{"rendered":"<p>Tamamlanan Projeler Ana Sayfa \u2192 TURGUT \u00d6ZAL MAHALLES\u0130 SOSYAL TES\u0130S Turgut \u00d6zal Mahallesi 43052 Ada 3 Parsel Sosyal Tesis Yap\u0131m [&hellip;]<\/p>\n","protected":false},"author":1,"featured_media":0,"parent":0,"menu_order":0,"comment_status":"closed","ping_status":"closed","template":"elementor_header_footer","meta":{"site-sidebar-layout":"no-sidebar","site-content-layout":"","ast-site-content-layout":"full-width-container","site-content-style":"default","site-sidebar-style":"default","ast-global-header-display":"","ast-banner-title-visibility":"","ast-main-header-display":"","ast-hfb-above-header-display":"","ast-hfb-below-header-display":"","ast-hfb-mobile-header-display":"","site-post-title":"disabled","ast-breadcrumbs-content":"","ast-featured-img":"disabled","footer-sml-layout":"","theme-transparent-header-meta":"","adv-header-id-meta":"","stick-header-meta":"","header-above-stick-meta":"","header-main-stick-meta":"","header-below-stick-meta":"","astra-migrate-meta-layouts":"default","ast-page-background-enabled":"default","ast-page-background-meta":{"desktop":{"background-color":"var(--ast-global-color-5)","background-image":"","background-repeat":"repeat","background-position":"center center","background-size":"auto","background-attachment":"scroll","background-type":"","background-media":"","overlay-type":"","overlay-color":"","overlay-opacity":"","overlay-gradient":""},"tablet":{"background-color":"","background-image":"","background-repeat":"repeat","background-position":"center center","background-size":"auto","background-attachment":"scroll","background-type":"","background-media":"","overlay-type":"","overlay-color":"","overlay-opacity":"","overlay-gradient":""},"mobile":{"background-color":"","background-image":"","background-repeat":"repeat","background-position":"center center","background-size":"auto","background-attachment":"scroll","background-type":"","background-media":"","overlay-type":"","overlay-color":"","overlay-opacity":"","overlay-gradient":""}},"ast-content-background-meta":{"desktop":{"background-color":"var(--ast-global-color-4)","background-image":"","background-repeat":"repeat","background-position":"center center","background-size":"auto","background-attachment":"scroll","background-type":"","background-media":"","overlay-type":"","overlay-color":"","overlay-opacity":"","overlay-gradient":""},"tablet":{"background-color":"var(--ast-global-color-4)","background-image":"","background-repeat":"repeat","background-position":"center center","background-size":"auto","background-attachment":"scroll","background-type":"","background-media":"","overlay-type":"","overlay-color":"","overlay-opacity":"","overlay-gradient":""},"mobile":{"background-color":"var(--ast-global-color-4)","background-image":"","background-repeat":"repeat","background-position":"center center","background-size":"auto","background-attachment":"scroll","background-type":"","background-media":"","overlay-type":"","overlay-color":"","overlay-opacity":"","overlay-gradient":""}},"footnotes":""},"class_list":["post-453","page","type-page","status-publish","hentry"],"_links":{"self":[{"href":"https:\/\/de-co.com.tr\/index.php\/wp-json\/wp\/v2\/pages\/453","targetHints":{"allow":["GET"]}}],"collection":[{"href":"https:\/\/de-co.com.tr\/index.php\/wp-json\/wp\/v2\/pages"}],"about":[{"href":"https:\/\/de-co.com.tr\/index.php\/wp-json\/wp\/v2\/types\/page"}],"author":[{"embeddable":true,"href":"https:\/\/de-co.com.tr\/index.php\/wp-json\/wp\/v2\/users\/1"}],"replies":[{"embeddable":true,"href":"https:\/\/de-co.com.tr\/index.php\/wp-json\/wp\/v2\/comments?post=453"}],"version-history":[{"count":4,"href":"https:\/\/de-co.com.tr\/index.php\/wp-json\/wp\/v2\/pages\/453\/revisions"}],"predecessor-version":[{"id":469,"href":"https:\/\/de-co.com.tr\/index.php\/wp-json\/wp\/v2\/pages\/453\/revisions\/469"}],"wp:attachment":[{"href":"https:\/\/de-co.com.tr\/index.php\/wp-json\/wp\/v2\/media?parent=453"}],"curies":[{"name":"wp","href":"https:\/\/api.w.org\/{rel}","templated":true}]}}