{"id":355,"date":"2025-04-22T23:38:43","date_gmt":"2025-04-22T20:38:43","guid":{"rendered":"http:\/\/de-co.com.tr\/?page_id=355"},"modified":"2025-04-24T11:11:27","modified_gmt":"2025-04-24T08:11:27","slug":"insaat-taahhut","status":"publish","type":"page","link":"https:\/\/de-co.com.tr\/index.php\/insaat-taahhut\/","title":{"rendered":"\u0130n\u015faat &amp; Taahh\u00fct"},"content":{"rendered":"\t\t<div data-elementor-type=\"wp-page\" data-elementor-id=\"355\" class=\"elementor elementor-355\">\n\t\t\t\t\t\t<section class=\"elementor-section elementor-top-section elementor-element elementor-element-faeff76 elementor-section-boxed elementor-section-height-default elementor-section-height-default\" data-id=\"faeff76\" data-element_type=\"section\" data-settings=\"{&quot;background_background&quot;:&quot;classic&quot;}\">\n\t\t\t\t\t\t<div class=\"elementor-container elementor-column-gap-default\">\n\t\t\t\t\t<div class=\"elementor-column elementor-col-100 elementor-top-column elementor-element elementor-element-6c294f8\" data-id=\"6c294f8\" data-element_type=\"column\">\n\t\t\t<div class=\"elementor-widget-wrap elementor-element-populated\">\n\t\t\t\t\t\t<div class=\"elementor-element elementor-element-0e5ffb3 elementor-widget elementor-widget-spacer\" data-id=\"0e5ffb3\" data-element_type=\"widget\" data-widget_type=\"spacer.default\">\n\t\t\t\t<div class=\"elementor-widget-container\">\n\t\t\t\t\t\t\t<div class=\"elementor-spacer\">\n\t\t\t<div class=\"elementor-spacer-inner\"><\/div>\n\t\t<\/div>\n\t\t\t\t\t\t<\/div>\n\t\t\t\t<\/div>\n\t\t\t\t<div class=\"elementor-element elementor-element-8dd445d elementor-widget elementor-widget-heading\" data-id=\"8dd445d\" data-element_type=\"widget\" data-widget_type=\"heading.default\">\n\t\t\t\t<div class=\"elementor-widget-container\">\n\t\t\t\t\t<h2 class=\"elementor-heading-title elementor-size-default\">\u0130n\u015faat &amp; Taahh\u00fct<\/h2>\t\t\t\t<\/div>\n\t\t\t\t<\/div>\n\t\t\t\t<div class=\"elementor-element elementor-element-39863d7 elementor-widget elementor-widget-text-editor\" data-id=\"39863d7\" data-element_type=\"widget\" data-widget_type=\"text-editor.default\">\n\t\t\t\t<div class=\"elementor-widget-container\">\n\t\t\t\t\t\t\t\t\t<p>Ana Sayfa \u2192 \u0130n\u015faat &amp; Taahh\u00fct<\/p>\t\t\t\t\t\t\t\t<\/div>\n\t\t\t\t<\/div>\n\t\t\t\t\t<\/div>\n\t\t<\/div>\n\t\t\t\t\t<\/div>\n\t\t<\/section>\n\t\t\t\t<section class=\"elementor-section elementor-top-section elementor-element elementor-element-4613c99 elementor-section-boxed elementor-section-height-default elementor-section-height-default\" data-id=\"4613c99\" data-element_type=\"section\">\n\t\t\t\t\t\t<div class=\"elementor-container elementor-column-gap-default\">\n\t\t\t\t\t<div class=\"elementor-column elementor-col-100 elementor-top-column elementor-element elementor-element-d204024\" data-id=\"d204024\" data-element_type=\"column\">\n\t\t\t<div class=\"elementor-widget-wrap elementor-element-populated\">\n\t\t\t\t\t\t<div class=\"elementor-element elementor-element-2847bb7 elementor-widget elementor-widget-heading\" data-id=\"2847bb7\" data-element_type=\"widget\" data-widget_type=\"heading.default\">\n\t\t\t\t<div class=\"elementor-widget-container\">\n\t\t\t\t\t<h2 class=\"elementor-heading-title elementor-size-default\">\u0130N\u015eAAT &amp; TAAHH\u00dcT<\/h2>\t\t\t\t<\/div>\n\t\t\t\t<\/div>\n\t\t\t\t\t<\/div>\n\t\t<\/div>\n\t\t\t\t\t<\/div>\n\t\t<\/section>\n\t\t\t\t<section class=\"elementor-section elementor-top-section elementor-element elementor-element-f04419b elementor-section-boxed elementor-section-height-default elementor-section-height-default\" data-id=\"f04419b\" data-element_type=\"section\">\n\t\t\t\t\t\t<div class=\"elementor-container elementor-column-gap-default\">\n\t\t\t\t\t<div class=\"elementor-column elementor-col-100 elementor-top-column elementor-element elementor-element-3c4cb19\" data-id=\"3c4cb19\" data-element_type=\"column\">\n\t\t\t<div class=\"elementor-widget-wrap elementor-element-populated\">\n\t\t\t\t\t\t<div class=\"elementor-element elementor-element-c2a0361 elementor-widget elementor-widget-text-editor\" data-id=\"c2a0361\" data-element_type=\"widget\" data-widget_type=\"text-editor.default\">\n\t\t\t\t<div class=\"elementor-widget-container\">\n\t\t\t\t\t\t\t\t\t<p>DDE-CO ana faaliyet konusu olan \u0130n\u015faat &amp; Taahh\u00fct sekt\u00f6r\u00fcnde; Anahtar Teslimi Projeler, Hangarlar, Altyap\u0131 \u0130\u015fleri (g\u00fcvenlik t\u00fcnelleri, asfalt kaplama, karayolu tamir, bak\u0131m ve yap\u0131m), Konut Projeleri, Havaliman\u0131 Projeleri, End\u00fcstriyel Tesisler ve E\u011fitim Bina Projeleri ger\u00e7ekle\u015ftirmektedir. <br \/>\u200b<br \/>DE-CO, planl\u0131 ve istikrarl\u0131 b\u00fcy\u00fcme politikalar\u0131yla \u0130n\u015faat &amp; Taahh\u00fct sekt\u00f6r\u00fcn\u00fcn yan\u0131 s\u0131ra, pazar\u0131n geli\u015fen ihtiya\u00e7lar\u0131n\u0131 ve m\u00fc\u015fterilerinin beklentilerini kar\u015f\u0131lamak i\u00e7in geni\u015f bir faaliyet yelpazesi ile hem altyap\u0131 alan\u0131nda, hem de \u00fcstyap\u0131 alan\u0131nda hizmet vermeye devam etmektedir. Faaliyet g\u00f6sterdi\u011fi her alanda d\u00fcnya standartlar\u0131nda hizmet sunan \u015eirket, kalite ve g\u00fcvenilirli\u011fini sahip oldu\u011fu uluslararas\u0131 kalite belgeleri ISO 9001:2008 Kalite Y\u00f6netim Sistemi Standard\u0131 ve ISO 14001:2004 \u00c7evre Y\u00f6netim Sistemi Standard\u0131 ile belgelemi\u015ftir.<\/p>\t\t\t\t\t\t\t\t<\/div>\n\t\t\t\t<\/div>\n\t\t\t\t<div class=\"elementor-element elementor-element-64d099a elementor-widget elementor-widget-text-editor\" data-id=\"64d099a\" data-element_type=\"widget\" data-widget_type=\"text-editor.default\">\n\t\t\t\t<div class=\"elementor-widget-container\">\n\t\t\t\t\t\t\t\t\t<p>Y\u00f6netim kabiliyeti, \u00e7al\u0131\u015fanlara verdi\u011fi de\u011fer, g\u00fc\u00e7l\u00fc kurum k\u00fclt\u00fcr\u00fc, sosyal sorumluluk anlay\u0131\u015f\u0131, etik de\u011ferlere ba\u011fl\u0131l\u0131\u011f\u0131, \u00e7evre, i\u015f sa\u011fl\u0131\u011f\u0131 ve i\u015f g\u00fcvenli\u011fi ile kamusal d\u00fczenlemelere \u00fcst d\u00fczeyde riayet etme konular\u0131na verdi\u011fi \u00f6nem ve sergiledi\u011fi \u00f6rnek davran\u0131\u015flar, \u015eirketin s\u00fcrd\u00fcr\u00fclebilir b\u00fcy\u00fcme stratejisindeki de\u011fi\u015fmez ilkeleridir.<\/p>\t\t\t\t\t\t\t\t<\/div>\n\t\t\t\t<\/div>\n\t\t\t\t\t<\/div>\n\t\t<\/div>\n\t\t\t\t\t<\/div>\n\t\t<\/section>\n\t\t\t\t<\/div>\n\t\t","protected":false},"excerpt":{"rendered":"<p>\u0130n\u015faat &amp; Taahh\u00fct Ana Sayfa \u2192 \u0130n\u015faat &amp; Taahh\u00fct \u0130N\u015eAAT &amp; TAAHH\u00dcT DDE-CO ana faaliyet konusu olan \u0130n\u015faat &amp; Taahh\u00fct [&hellip;]<\/p>\n","protected":false},"author":1,"featured_media":0,"parent":0,"menu_order":0,"comment_status":"closed","ping_status":"closed","template":"elementor_header_footer","meta":{"site-sidebar-layout":"no-sidebar","site-content-layout":"","ast-site-content-layout":"full-width-container","site-content-style":"default","site-sidebar-style":"default","ast-global-header-display":"","ast-banner-title-visibility":"","ast-main-header-display":"","ast-hfb-above-header-display":"","ast-hfb-below-header-display":"","ast-hfb-mobile-header-display":"","site-post-title":"disabled","ast-breadcrumbs-content":"","ast-featured-img":"disabled","footer-sml-layout":"","theme-transparent-header-meta":"","adv-header-id-meta":"","stick-header-meta":"","header-above-stick-meta":"","header-main-stick-meta":"","header-below-stick-meta":"","astra-migrate-meta-layouts":"default","ast-page-background-enabled":"default","ast-page-background-meta":{"desktop":{"background-color":"var(--ast-global-color-5)","background-image":"","background-repeat":"repeat","background-position":"center center","background-size":"auto","background-attachment":"scroll","background-type":"","background-media":"","overlay-type":"","overlay-color":"","overlay-opacity":"","overlay-gradient":""},"tablet":{"background-color":"","background-image":"","background-repeat":"repeat","background-position":"center center","background-size":"auto","background-attachment":"scroll","background-type":"","background-media":"","overlay-type":"","overlay-color":"","overlay-opacity":"","overlay-gradient":""},"mobile":{"background-color":"","background-image":"","background-repeat":"repeat","background-position":"center center","background-size":"auto","background-attachment":"scroll","background-type":"","background-media":"","overlay-type":"","overlay-color":"","overlay-opacity":"","overlay-gradient":""}},"ast-content-background-meta":{"desktop":{"background-color":"var(--ast-global-color-4)","background-image":"","background-repeat":"repeat","background-position":"center center","background-size":"auto","background-attachment":"scroll","background-type":"","background-media":"","overlay-type":"","overlay-color":"","overlay-opacity":"","overlay-gradient":""},"tablet":{"background-color":"var(--ast-global-color-4)","background-image":"","background-repeat":"repeat","background-position":"center center","background-size":"auto","background-attachment":"scroll","background-type":"","background-media":"","overlay-type":"","overlay-color":"","overlay-opacity":"","overlay-gradient":""},"mobile":{"background-color":"var(--ast-global-color-4)","background-image":"","background-repeat":"repeat","background-position":"center center","background-size":"auto","background-attachment":"scroll","background-type":"","background-media":"","overlay-type":"","overlay-color":"","overlay-opacity":"","overlay-gradient":""}},"footnotes":""},"class_list":["post-355","page","type-page","status-publish","hentry"],"_links":{"self":[{"href":"https:\/\/de-co.com.tr\/index.php\/wp-json\/wp\/v2\/pages\/355","targetHints":{"allow":["GET"]}}],"collection":[{"href":"https:\/\/de-co.com.tr\/index.php\/wp-json\/wp\/v2\/pages"}],"about":[{"href":"https:\/\/de-co.com.tr\/index.php\/wp-json\/wp\/v2\/types\/page"}],"author":[{"embeddable":true,"href":"https:\/\/de-co.com.tr\/index.php\/wp-json\/wp\/v2\/users\/1"}],"replies":[{"embeddable":true,"href":"https:\/\/de-co.com.tr\/index.php\/wp-json\/wp\/v2\/comments?post=355"}],"version-history":[{"count":7,"href":"https:\/\/de-co.com.tr\/index.php\/wp-json\/wp\/v2\/pages\/355\/revisions"}],"predecessor-version":[{"id":489,"href":"https:\/\/de-co.com.tr\/index.php\/wp-json\/wp\/v2\/pages\/355\/revisions\/489"}],"wp:attachment":[{"href":"https:\/\/de-co.com.tr\/index.php\/wp-json\/wp\/v2\/media?parent=355"}],"curies":[{"name":"wp","href":"https:\/\/api.w.org\/{rel}","templated":true}]}}