{"id":316,"date":"2025-04-22T22:42:38","date_gmt":"2025-04-22T19:42:38","guid":{"rendered":"http:\/\/de-co.com.tr\/?page_id=316"},"modified":"2025-04-23T13:27:50","modified_gmt":"2025-04-23T10:27:50","slug":"merkez-ofis-binasi","status":"publish","type":"page","link":"https:\/\/de-co.com.tr\/index.php\/merkez-ofis-binasi\/","title":{"rendered":"MERKEZ OF\u0130S B\u0130NASI"},"content":{"rendered":"\t\t<div data-elementor-type=\"wp-page\" data-elementor-id=\"316\" class=\"elementor elementor-316\">\n\t\t\t\t\t\t<section class=\"elementor-section elementor-top-section elementor-element elementor-element-7c24f0d elementor-section-boxed elementor-section-height-default elementor-section-height-default\" data-id=\"7c24f0d\" data-element_type=\"section\" data-settings=\"{&quot;background_background&quot;:&quot;classic&quot;}\">\n\t\t\t\t\t\t<div class=\"elementor-container elementor-column-gap-default\">\n\t\t\t\t\t<div class=\"elementor-column elementor-col-100 elementor-top-column elementor-element elementor-element-6360904\" data-id=\"6360904\" data-element_type=\"column\">\n\t\t\t<div class=\"elementor-widget-wrap elementor-element-populated\">\n\t\t\t\t\t\t<div class=\"elementor-element elementor-element-2db3786 elementor-widget elementor-widget-spacer\" data-id=\"2db3786\" data-element_type=\"widget\" data-widget_type=\"spacer.default\">\n\t\t\t\t<div class=\"elementor-widget-container\">\n\t\t\t\t\t\t\t<div class=\"elementor-spacer\">\n\t\t\t<div class=\"elementor-spacer-inner\"><\/div>\n\t\t<\/div>\n\t\t\t\t\t\t<\/div>\n\t\t\t\t<\/div>\n\t\t\t\t<div class=\"elementor-element elementor-element-986ff3a elementor-widget elementor-widget-heading\" data-id=\"986ff3a\" data-element_type=\"widget\" data-widget_type=\"heading.default\">\n\t\t\t\t<div class=\"elementor-widget-container\">\n\t\t\t\t\t<h2 class=\"elementor-heading-title elementor-size-default\">Tamamlanan Projeler<\/h2>\t\t\t\t<\/div>\n\t\t\t\t<\/div>\n\t\t\t\t<div class=\"elementor-element elementor-element-c7e244e elementor-widget elementor-widget-text-editor\" data-id=\"c7e244e\" data-element_type=\"widget\" data-widget_type=\"text-editor.default\">\n\t\t\t\t<div class=\"elementor-widget-container\">\n\t\t\t\t\t\t\t\t\t<p>Ana Sayfa \u2192 MERKEZ OF\u0130S B\u0130NASI<\/p>\t\t\t\t\t\t\t\t<\/div>\n\t\t\t\t<\/div>\n\t\t\t\t\t<\/div>\n\t\t<\/div>\n\t\t\t\t\t<\/div>\n\t\t<\/section>\n\t\t\t\t<section class=\"elementor-section elementor-top-section elementor-element elementor-element-d42414f elementor-section-boxed elementor-section-height-default elementor-section-height-default\" data-id=\"d42414f\" data-element_type=\"section\">\n\t\t\t\t\t\t<div class=\"elementor-container elementor-column-gap-default\">\n\t\t\t\t\t<div class=\"elementor-column elementor-col-100 elementor-top-column elementor-element elementor-element-c55ad6c\" data-id=\"c55ad6c\" data-element_type=\"column\">\n\t\t\t<div class=\"elementor-widget-wrap elementor-element-populated\">\n\t\t\t\t\t\t<div class=\"elementor-element elementor-element-aefb9f7 elementor-widget elementor-widget-heading\" data-id=\"aefb9f7\" data-element_type=\"widget\" data-widget_type=\"heading.default\">\n\t\t\t\t<div class=\"elementor-widget-container\">\n\t\t\t\t\t<h2 class=\"elementor-heading-title elementor-size-default\">Merkez ofis binas\u0131 kaba i\u015fler yap\u0131m\u0131 (Kaba i\u015fler ve ince i\u015fler yap\u0131m i\u015fi) - \u0130ncek \/ Ankara, in\u015faat yap\u0131m\u0131.\nProje ba\u015flama tarihi: 10.11.2023 - Proje biti\u015f tarihi: 01.04.2024\n<\/h2>\t\t\t\t<\/div>\n\t\t\t\t<\/div>\n\t\t\t\t\t<\/div>\n\t\t<\/div>\n\t\t\t\t\t<\/div>\n\t\t<\/section>\n\t\t\t\t<section class=\"elementor-section elementor-top-section elementor-element elementor-element-9e7be05 elementor-section-boxed elementor-section-height-default elementor-section-height-default\" data-id=\"9e7be05\" data-element_type=\"section\">\n\t\t\t\t\t\t<div class=\"elementor-container elementor-column-gap-default\">\n\t\t\t\t\t<div class=\"elementor-column elementor-col-100 elementor-top-column elementor-element elementor-element-3829432\" data-id=\"3829432\" data-element_type=\"column\">\n\t\t\t<div class=\"elementor-widget-wrap elementor-element-populated\">\n\t\t\t\t\t\t<div class=\"elementor-element elementor-element-3f386d3 gallery-spacing-custom elementor-widget elementor-widget-image-gallery\" data-id=\"3f386d3\" data-element_type=\"widget\" data-widget_type=\"image-gallery.default\">\n\t\t\t\t<div class=\"elementor-widget-container\">\n\t\t\t\t\t\t\t<div class=\"elementor-image-gallery\">\n\t\t\t<div id='gallery-1' class='gallery galleryid-316 gallery-columns-3 gallery-size-full'><figure class='gallery-item'>\n\t\t\t<div class='gallery-icon landscape'>\n\t\t\t\t<a data-elementor-open-lightbox=\"yes\" data-elementor-lightbox-slideshow=\"3f386d3\" data-e-action-hash=\"#elementor-action%3Aaction%3Dlightbox%26settings%3DeyJpZCI6MjQzLCJ1cmwiOiJodHRwczpcL1wvZGUtY28uY29tLnRyXC93cC1jb250ZW50XC91cGxvYWRzXC8yMDI1XC8wNFwvYmFiMDZiMTctYjRmYi00ZGFiLWE1YmEtNzBlNzYyYzZkMGNlLmpwZyIsInNsaWRlc2hvdyI6IjNmMzg2ZDMifQ%3D%3D\" href='https:\/\/de-co.com.tr\/wp-content\/uploads\/2025\/04\/bab06b17-b4fb-4dab-a5ba-70e762c6d0ce.jpg'><img fetchpriority=\"high\" decoding=\"async\" width=\"1284\" height=\"707\" src=\"https:\/\/de-co.com.tr\/wp-content\/uploads\/2025\/04\/bab06b17-b4fb-4dab-a5ba-70e762c6d0ce.jpg\" class=\"attachment-full size-full\" alt=\"\" srcset=\"https:\/\/de-co.com.tr\/wp-content\/uploads\/2025\/04\/bab06b17-b4fb-4dab-a5ba-70e762c6d0ce.jpg 1284w, https:\/\/de-co.com.tr\/wp-content\/uploads\/2025\/04\/bab06b17-b4fb-4dab-a5ba-70e762c6d0ce-300x165.jpg 300w, https:\/\/de-co.com.tr\/wp-content\/uploads\/2025\/04\/bab06b17-b4fb-4dab-a5ba-70e762c6d0ce-1024x564.jpg 1024w, https:\/\/de-co.com.tr\/wp-content\/uploads\/2025\/04\/bab06b17-b4fb-4dab-a5ba-70e762c6d0ce-768x423.jpg 768w\" sizes=\"(max-width: 1284px) 100vw, 1284px\" \/><\/a>\n\t\t\t<\/div><\/figure><figure class='gallery-item'>\n\t\t\t<div class='gallery-icon landscape'>\n\t\t\t\t<a data-elementor-open-lightbox=\"yes\" data-elementor-lightbox-slideshow=\"3f386d3\" data-e-action-hash=\"#elementor-action%3Aaction%3Dlightbox%26settings%3DeyJpZCI6MjQyLCJ1cmwiOiJodHRwczpcL1wvZGUtY28uY29tLnRyXC93cC1jb250ZW50XC91cGxvYWRzXC8yMDI1XC8wNFwvODdmYjY4YjgtZmM3OS00NmNhLWJlODgtYjc4NDdjYmYzZmI2LmpwZyIsInNsaWRlc2hvdyI6IjNmMzg2ZDMifQ%3D%3D\" href='https:\/\/de-co.com.tr\/wp-content\/uploads\/2025\/04\/87fb68b8-fc79-46ca-be88-b7847cbf3fb6.jpg'><img decoding=\"async\" width=\"1284\" height=\"948\" src=\"https:\/\/de-co.com.tr\/wp-content\/uploads\/2025\/04\/87fb68b8-fc79-46ca-be88-b7847cbf3fb6.jpg\" class=\"attachment-full size-full\" alt=\"\" srcset=\"https:\/\/de-co.com.tr\/wp-content\/uploads\/2025\/04\/87fb68b8-fc79-46ca-be88-b7847cbf3fb6.jpg 1284w, https:\/\/de-co.com.tr\/wp-content\/uploads\/2025\/04\/87fb68b8-fc79-46ca-be88-b7847cbf3fb6-300x221.jpg 300w, https:\/\/de-co.com.tr\/wp-content\/uploads\/2025\/04\/87fb68b8-fc79-46ca-be88-b7847cbf3fb6-1024x756.jpg 1024w, https:\/\/de-co.com.tr\/wp-content\/uploads\/2025\/04\/87fb68b8-fc79-46ca-be88-b7847cbf3fb6-768x567.jpg 768w\" sizes=\"(max-width: 1284px) 100vw, 1284px\" \/><\/a>\n\t\t\t<\/div><\/figure>\n\t\t<\/div>\n\t\t<\/div>\n\t\t\t\t\t\t<\/div>\n\t\t\t\t<\/div>\n\t\t\t\t\t<\/div>\n\t\t<\/div>\n\t\t\t\t\t<\/div>\n\t\t<\/section>\n\t\t\t\t<\/div>\n\t\t","protected":false},"excerpt":{"rendered":"<p>Tamamlanan Projeler Ana Sayfa \u2192 MERKEZ OF\u0130S B\u0130NASI Merkez ofis binas\u0131 kaba i\u015fler yap\u0131m\u0131 (Kaba i\u015fler ve ince i\u015fler yap\u0131m [&hellip;]<\/p>\n","protected":false},"author":1,"featured_media":0,"parent":0,"menu_order":0,"comment_status":"closed","ping_status":"closed","template":"elementor_header_footer","meta":{"site-sidebar-layout":"no-sidebar","site-content-layout":"","ast-site-content-layout":"full-width-container","site-content-style":"default","site-sidebar-style":"default","ast-global-header-display":"","ast-banner-title-visibility":"","ast-main-header-display":"","ast-hfb-above-header-display":"","ast-hfb-below-header-display":"","ast-hfb-mobile-header-display":"","site-post-title":"disabled","ast-breadcrumbs-content":"","ast-featured-img":"disabled","footer-sml-layout":"","theme-transparent-header-meta":"","adv-header-id-meta":"","stick-header-meta":"","header-above-stick-meta":"","header-main-stick-meta":"","header-below-stick-meta":"","astra-migrate-meta-layouts":"default","ast-page-background-enabled":"default","ast-page-background-meta":{"desktop":{"background-color":"var(--ast-global-color-5)","background-image":"","background-repeat":"repeat","background-position":"center center","background-size":"auto","background-attachment":"scroll","background-type":"","background-media":"","overlay-type":"","overlay-color":"","overlay-opacity":"","overlay-gradient":""},"tablet":{"background-color":"","background-image":"","background-repeat":"repeat","background-position":"center center","background-size":"auto","background-attachment":"scroll","background-type":"","background-media":"","overlay-type":"","overlay-color":"","overlay-opacity":"","overlay-gradient":""},"mobile":{"background-color":"","background-image":"","background-repeat":"repeat","background-position":"center center","background-size":"auto","background-attachment":"scroll","background-type":"","background-media":"","overlay-type":"","overlay-color":"","overlay-opacity":"","overlay-gradient":""}},"ast-content-background-meta":{"desktop":{"background-color":"var(--ast-global-color-4)","background-image":"","background-repeat":"repeat","background-position":"center center","background-size":"auto","background-attachment":"scroll","background-type":"","background-media":"","overlay-type":"","overlay-color":"","overlay-opacity":"","overlay-gradient":""},"tablet":{"background-color":"var(--ast-global-color-4)","background-image":"","background-repeat":"repeat","background-position":"center center","background-size":"auto","background-attachment":"scroll","background-type":"","background-media":"","overlay-type":"","overlay-color":"","overlay-opacity":"","overlay-gradient":""},"mobile":{"background-color":"var(--ast-global-color-4)","background-image":"","background-repeat":"repeat","background-position":"center center","background-size":"auto","background-attachment":"scroll","background-type":"","background-media":"","overlay-type":"","overlay-color":"","overlay-opacity":"","overlay-gradient":""}},"footnotes":""},"class_list":["post-316","page","type-page","status-publish","hentry"],"_links":{"self":[{"href":"https:\/\/de-co.com.tr\/index.php\/wp-json\/wp\/v2\/pages\/316","targetHints":{"allow":["GET"]}}],"collection":[{"href":"https:\/\/de-co.com.tr\/index.php\/wp-json\/wp\/v2\/pages"}],"about":[{"href":"https:\/\/de-co.com.tr\/index.php\/wp-json\/wp\/v2\/types\/page"}],"author":[{"embeddable":true,"href":"https:\/\/de-co.com.tr\/index.php\/wp-json\/wp\/v2\/users\/1"}],"replies":[{"embeddable":true,"href":"https:\/\/de-co.com.tr\/index.php\/wp-json\/wp\/v2\/comments?post=316"}],"version-history":[{"count":7,"href":"https:\/\/de-co.com.tr\/index.php\/wp-json\/wp\/v2\/pages\/316\/revisions"}],"predecessor-version":[{"id":425,"href":"https:\/\/de-co.com.tr\/index.php\/wp-json\/wp\/v2\/pages\/316\/revisions\/425"}],"wp:attachment":[{"href":"https:\/\/de-co.com.tr\/index.php\/wp-json\/wp\/v2\/media?parent=316"}],"curies":[{"name":"wp","href":"https:\/\/api.w.org\/{rel}","templated":true}]}}