{"id":311,"date":"2025-04-22T22:40:20","date_gmt":"2025-04-22T19:40:20","guid":{"rendered":"http:\/\/de-co.com.tr\/?page_id=311"},"modified":"2025-04-23T13:27:34","modified_gmt":"2025-04-23T10:27:34","slug":"golbasi-12-villa","status":"publish","type":"page","link":"https:\/\/de-co.com.tr\/index.php\/golbasi-12-villa\/","title":{"rendered":"G\u00d6LBA\u015eI 12 V\u0130LLA"},"content":{"rendered":"\t\t<div data-elementor-type=\"wp-page\" data-elementor-id=\"311\" class=\"elementor elementor-311\">\n\t\t\t\t\t\t<section class=\"elementor-section elementor-top-section elementor-element elementor-element-336711e elementor-section-boxed elementor-section-height-default elementor-section-height-default\" data-id=\"336711e\" data-element_type=\"section\" data-settings=\"{&quot;background_background&quot;:&quot;classic&quot;}\">\n\t\t\t\t\t\t<div class=\"elementor-container elementor-column-gap-default\">\n\t\t\t\t\t<div class=\"elementor-column elementor-col-100 elementor-top-column elementor-element elementor-element-b985bdb\" data-id=\"b985bdb\" data-element_type=\"column\">\n\t\t\t<div class=\"elementor-widget-wrap elementor-element-populated\">\n\t\t\t\t\t\t<div class=\"elementor-element elementor-element-4495a79 elementor-widget elementor-widget-spacer\" data-id=\"4495a79\" data-element_type=\"widget\" data-widget_type=\"spacer.default\">\n\t\t\t\t<div class=\"elementor-widget-container\">\n\t\t\t\t\t\t\t<div class=\"elementor-spacer\">\n\t\t\t<div class=\"elementor-spacer-inner\"><\/div>\n\t\t<\/div>\n\t\t\t\t\t\t<\/div>\n\t\t\t\t<\/div>\n\t\t\t\t<div class=\"elementor-element elementor-element-fa3e060 elementor-widget elementor-widget-heading\" data-id=\"fa3e060\" data-element_type=\"widget\" data-widget_type=\"heading.default\">\n\t\t\t\t<div class=\"elementor-widget-container\">\n\t\t\t\t\t<h2 class=\"elementor-heading-title elementor-size-default\">Tamamlanan Projeler<\/h2>\t\t\t\t<\/div>\n\t\t\t\t<\/div>\n\t\t\t\t<div class=\"elementor-element elementor-element-8b4a6c6 elementor-widget elementor-widget-text-editor\" data-id=\"8b4a6c6\" data-element_type=\"widget\" data-widget_type=\"text-editor.default\">\n\t\t\t\t<div class=\"elementor-widget-container\">\n\t\t\t\t\t\t\t\t\t<p>Ana Sayfa \u2192 G\u00d6LBA\u015eI 12 V\u0130LLA<\/p>\t\t\t\t\t\t\t\t<\/div>\n\t\t\t\t<\/div>\n\t\t\t\t\t<\/div>\n\t\t<\/div>\n\t\t\t\t\t<\/div>\n\t\t<\/section>\n\t\t\t\t<section class=\"elementor-section elementor-top-section elementor-element elementor-element-a7676fc elementor-section-boxed elementor-section-height-default elementor-section-height-default\" data-id=\"a7676fc\" data-element_type=\"section\">\n\t\t\t\t\t\t<div class=\"elementor-container elementor-column-gap-default\">\n\t\t\t\t\t<div class=\"elementor-column elementor-col-100 elementor-top-column elementor-element elementor-element-fce24cc\" data-id=\"fce24cc\" data-element_type=\"column\">\n\t\t\t<div class=\"elementor-widget-wrap elementor-element-populated\">\n\t\t\t\t\t\t<div class=\"elementor-element elementor-element-17330c9 elementor-widget elementor-widget-heading\" data-id=\"17330c9\" data-element_type=\"widget\" data-widget_type=\"heading.default\">\n\t\t\t\t<div class=\"elementor-widget-container\">\n\t\t\t\t\t<h2 class=\"elementor-heading-title elementor-size-default\">G\u00f6lba\u015f\u0131 12 villa yap\u0131m i\u015fi (Kal\u0131p demir beton yap\u0131m i\u015fi) - G\u00f6lba\u015f\u0131 \/ Ankara, in\u015faat yap\u0131m\u0131.\nProje ba\u015flama tarihi: 01.06.2024 - Proje biti\u015f tarihi: 15.03.2025\n<\/h2>\t\t\t\t<\/div>\n\t\t\t\t<\/div>\n\t\t\t\t\t<\/div>\n\t\t<\/div>\n\t\t\t\t\t<\/div>\n\t\t<\/section>\n\t\t\t\t<section class=\"elementor-section elementor-top-section elementor-element elementor-element-635c7bf elementor-section-boxed elementor-section-height-default elementor-section-height-default\" data-id=\"635c7bf\" data-element_type=\"section\">\n\t\t\t\t\t\t<div class=\"elementor-container elementor-column-gap-default\">\n\t\t\t\t\t<div class=\"elementor-column elementor-col-100 elementor-top-column elementor-element elementor-element-159b409\" data-id=\"159b409\" data-element_type=\"column\">\n\t\t\t<div class=\"elementor-widget-wrap elementor-element-populated\">\n\t\t\t\t\t\t<div class=\"elementor-element elementor-element-ea44dd3 gallery-spacing-custom elementor-widget elementor-widget-image-gallery\" data-id=\"ea44dd3\" data-element_type=\"widget\" data-widget_type=\"image-gallery.default\">\n\t\t\t\t<div class=\"elementor-widget-container\">\n\t\t\t\t\t\t\t<div class=\"elementor-image-gallery\">\n\t\t\t<div id='gallery-1' class='gallery galleryid-311 gallery-columns-3 gallery-size-full'><figure class='gallery-item'>\n\t\t\t<div class='gallery-icon landscape'>\n\t\t\t\t<a data-elementor-open-lightbox=\"yes\" data-elementor-lightbox-slideshow=\"ea44dd3\" data-e-action-hash=\"#elementor-action%3Aaction%3Dlightbox%26settings%3DeyJpZCI6MjM4LCJ1cmwiOiJodHRwczpcL1wvZGUtY28uY29tLnRyXC93cC1jb250ZW50XC91cGxvYWRzXC8yMDI1XC8wNFwvMzZjZDYyNGQtNWU3Zi00ZDA0LWE1MTktZjg2MTA0ODRjZWNiLmpwZyIsInNsaWRlc2hvdyI6ImVhNDRkZDMifQ%3D%3D\" href='https:\/\/de-co.com.tr\/wp-content\/uploads\/2025\/04\/36cd624d-5e7f-4d04-a519-f8610484cecb.jpg'><img fetchpriority=\"high\" decoding=\"async\" width=\"1600\" height=\"1200\" src=\"https:\/\/de-co.com.tr\/wp-content\/uploads\/2025\/04\/36cd624d-5e7f-4d04-a519-f8610484cecb.jpg\" class=\"attachment-full size-full\" alt=\"\" srcset=\"https:\/\/de-co.com.tr\/wp-content\/uploads\/2025\/04\/36cd624d-5e7f-4d04-a519-f8610484cecb.jpg 1600w, https:\/\/de-co.com.tr\/wp-content\/uploads\/2025\/04\/36cd624d-5e7f-4d04-a519-f8610484cecb-300x225.jpg 300w, https:\/\/de-co.com.tr\/wp-content\/uploads\/2025\/04\/36cd624d-5e7f-4d04-a519-f8610484cecb-1024x768.jpg 1024w, https:\/\/de-co.com.tr\/wp-content\/uploads\/2025\/04\/36cd624d-5e7f-4d04-a519-f8610484cecb-768x576.jpg 768w, https:\/\/de-co.com.tr\/wp-content\/uploads\/2025\/04\/36cd624d-5e7f-4d04-a519-f8610484cecb-1536x1152.jpg 1536w\" sizes=\"(max-width: 1600px) 100vw, 1600px\" \/><\/a>\n\t\t\t<\/div><\/figure><figure class='gallery-item'>\n\t\t\t<div class='gallery-icon landscape'>\n\t\t\t\t<a data-elementor-open-lightbox=\"yes\" data-elementor-lightbox-slideshow=\"ea44dd3\" data-e-action-hash=\"#elementor-action%3Aaction%3Dlightbox%26settings%3DeyJpZCI6MjM5LCJ1cmwiOiJodHRwczpcL1wvZGUtY28uY29tLnRyXC93cC1jb250ZW50XC91cGxvYWRzXC8yMDI1XC8wNFwvNzZlM2VjZWItYzYxZi00NDUwLTkzYWQtZjBiNjRlN2MwODEyLmpwZyIsInNsaWRlc2hvdyI6ImVhNDRkZDMifQ%3D%3D\" href='https:\/\/de-co.com.tr\/wp-content\/uploads\/2025\/04\/76e3eceb-c61f-4450-93ad-f0b64e7c0812.jpg'><img decoding=\"async\" width=\"1600\" height=\"1200\" src=\"https:\/\/de-co.com.tr\/wp-content\/uploads\/2025\/04\/76e3eceb-c61f-4450-93ad-f0b64e7c0812.jpg\" class=\"attachment-full size-full\" alt=\"\" srcset=\"https:\/\/de-co.com.tr\/wp-content\/uploads\/2025\/04\/76e3eceb-c61f-4450-93ad-f0b64e7c0812.jpg 1600w, https:\/\/de-co.com.tr\/wp-content\/uploads\/2025\/04\/76e3eceb-c61f-4450-93ad-f0b64e7c0812-300x225.jpg 300w, https:\/\/de-co.com.tr\/wp-content\/uploads\/2025\/04\/76e3eceb-c61f-4450-93ad-f0b64e7c0812-1024x768.jpg 1024w, https:\/\/de-co.com.tr\/wp-content\/uploads\/2025\/04\/76e3eceb-c61f-4450-93ad-f0b64e7c0812-768x576.jpg 768w, https:\/\/de-co.com.tr\/wp-content\/uploads\/2025\/04\/76e3eceb-c61f-4450-93ad-f0b64e7c0812-1536x1152.jpg 1536w\" sizes=\"(max-width: 1600px) 100vw, 1600px\" \/><\/a>\n\t\t\t<\/div><\/figure><figure class='gallery-item'>\n\t\t\t<div class='gallery-icon landscape'>\n\t\t\t\t<a data-elementor-open-lightbox=\"yes\" data-elementor-lightbox-slideshow=\"ea44dd3\" data-e-action-hash=\"#elementor-action%3Aaction%3Dlightbox%26settings%3DeyJpZCI6MjQwLCJ1cmwiOiJodHRwczpcL1wvZGUtY28uY29tLnRyXC93cC1jb250ZW50XC91cGxvYWRzXC8yMDI1XC8wNFwvNTUwODEwNjQtZTFlNC00NWE3LWIxYjctNjg1ZmUwMzU4NjVmLmpwZyIsInNsaWRlc2hvdyI6ImVhNDRkZDMifQ%3D%3D\" href='https:\/\/de-co.com.tr\/wp-content\/uploads\/2025\/04\/55081064-e1e4-45a7-b1b7-685fe035865f.jpg'><img decoding=\"async\" width=\"1600\" height=\"900\" src=\"https:\/\/de-co.com.tr\/wp-content\/uploads\/2025\/04\/55081064-e1e4-45a7-b1b7-685fe035865f.jpg\" class=\"attachment-full size-full\" alt=\"\" srcset=\"https:\/\/de-co.com.tr\/wp-content\/uploads\/2025\/04\/55081064-e1e4-45a7-b1b7-685fe035865f.jpg 1600w, https:\/\/de-co.com.tr\/wp-content\/uploads\/2025\/04\/55081064-e1e4-45a7-b1b7-685fe035865f-300x169.jpg 300w, https:\/\/de-co.com.tr\/wp-content\/uploads\/2025\/04\/55081064-e1e4-45a7-b1b7-685fe035865f-1024x576.jpg 1024w, https:\/\/de-co.com.tr\/wp-content\/uploads\/2025\/04\/55081064-e1e4-45a7-b1b7-685fe035865f-768x432.jpg 768w, https:\/\/de-co.com.tr\/wp-content\/uploads\/2025\/04\/55081064-e1e4-45a7-b1b7-685fe035865f-1536x864.jpg 1536w\" sizes=\"(max-width: 1600px) 100vw, 1600px\" \/><\/a>\n\t\t\t<\/div><\/figure><figure class='gallery-item'>\n\t\t\t<div class='gallery-icon landscape'>\n\t\t\t\t<a data-elementor-open-lightbox=\"yes\" data-elementor-lightbox-slideshow=\"ea44dd3\" data-e-action-hash=\"#elementor-action%3Aaction%3Dlightbox%26settings%3DeyJpZCI6MjQxLCJ1cmwiOiJodHRwczpcL1wvZGUtY28uY29tLnRyXC93cC1jb250ZW50XC91cGxvYWRzXC8yMDI1XC8wNFwvZWE0NTVlNjMtMzA1Zi00MWU2LTg3MGMtNzk2YjA3ZDUxOTY5LmpwZyIsInNsaWRlc2hvdyI6ImVhNDRkZDMifQ%3D%3D\" href='https:\/\/de-co.com.tr\/wp-content\/uploads\/2025\/04\/ea455e63-305f-41e6-870c-796b07d51969.jpg'><img loading=\"lazy\" decoding=\"async\" width=\"1600\" height=\"900\" src=\"https:\/\/de-co.com.tr\/wp-content\/uploads\/2025\/04\/ea455e63-305f-41e6-870c-796b07d51969.jpg\" class=\"attachment-full size-full\" alt=\"\" srcset=\"https:\/\/de-co.com.tr\/wp-content\/uploads\/2025\/04\/ea455e63-305f-41e6-870c-796b07d51969.jpg 1600w, https:\/\/de-co.com.tr\/wp-content\/uploads\/2025\/04\/ea455e63-305f-41e6-870c-796b07d51969-300x169.jpg 300w, https:\/\/de-co.com.tr\/wp-content\/uploads\/2025\/04\/ea455e63-305f-41e6-870c-796b07d51969-1024x576.jpg 1024w, https:\/\/de-co.com.tr\/wp-content\/uploads\/2025\/04\/ea455e63-305f-41e6-870c-796b07d51969-768x432.jpg 768w, https:\/\/de-co.com.tr\/wp-content\/uploads\/2025\/04\/ea455e63-305f-41e6-870c-796b07d51969-1536x864.jpg 1536w\" sizes=\"(max-width: 1600px) 100vw, 1600px\" \/><\/a>\n\t\t\t<\/div><\/figure>\n\t\t<\/div>\n\t\t<\/div>\n\t\t\t\t\t\t<\/div>\n\t\t\t\t<\/div>\n\t\t\t\t\t<\/div>\n\t\t<\/div>\n\t\t\t\t\t<\/div>\n\t\t<\/section>\n\t\t\t\t<\/div>\n\t\t","protected":false},"excerpt":{"rendered":"<p>Tamamlanan Projeler Ana Sayfa \u2192 G\u00d6LBA\u015eI 12 V\u0130LLA G\u00f6lba\u015f\u0131 12 villa yap\u0131m i\u015fi (Kal\u0131p demir beton yap\u0131m i\u015fi) &#8211; G\u00f6lba\u015f\u0131 [&hellip;]<\/p>\n","protected":false},"author":1,"featured_media":0,"parent":0,"menu_order":0,"comment_status":"closed","ping_status":"closed","template":"elementor_header_footer","meta":{"site-sidebar-layout":"no-sidebar","site-content-layout":"","ast-site-content-layout":"full-width-container","site-content-style":"default","site-sidebar-style":"default","ast-global-header-display":"","ast-banner-title-visibility":"","ast-main-header-display":"","ast-hfb-above-header-display":"","ast-hfb-below-header-display":"","ast-hfb-mobile-header-display":"","site-post-title":"disabled","ast-breadcrumbs-content":"","ast-featured-img":"disabled","footer-sml-layout":"","theme-transparent-header-meta":"","adv-header-id-meta":"","stick-header-meta":"","header-above-stick-meta":"","header-main-stick-meta":"","header-below-stick-meta":"","astra-migrate-meta-layouts":"default","ast-page-background-enabled":"default","ast-page-background-meta":{"desktop":{"background-color":"var(--ast-global-color-5)","background-image":"","background-repeat":"repeat","background-position":"center center","background-size":"auto","background-attachment":"scroll","background-type":"","background-media":"","overlay-type":"","overlay-color":"","overlay-opacity":"","overlay-gradient":""},"tablet":{"background-color":"","background-image":"","background-repeat":"repeat","background-position":"center center","background-size":"auto","background-attachment":"scroll","background-type":"","background-media":"","overlay-type":"","overlay-color":"","overlay-opacity":"","overlay-gradient":""},"mobile":{"background-color":"","background-image":"","background-repeat":"repeat","background-position":"center center","background-size":"auto","background-attachment":"scroll","background-type":"","background-media":"","overlay-type":"","overlay-color":"","overlay-opacity":"","overlay-gradient":""}},"ast-content-background-meta":{"desktop":{"background-color":"var(--ast-global-color-4)","background-image":"","background-repeat":"repeat","background-position":"center center","background-size":"auto","background-attachment":"scroll","background-type":"","background-media":"","overlay-type":"","overlay-color":"","overlay-opacity":"","overlay-gradient":""},"tablet":{"background-color":"var(--ast-global-color-4)","background-image":"","background-repeat":"repeat","background-position":"center center","background-size":"auto","background-attachment":"scroll","background-type":"","background-media":"","overlay-type":"","overlay-color":"","overlay-opacity":"","overlay-gradient":""},"mobile":{"background-color":"var(--ast-global-color-4)","background-image":"","background-repeat":"repeat","background-position":"center center","background-size":"auto","background-attachment":"scroll","background-type":"","background-media":"","overlay-type":"","overlay-color":"","overlay-opacity":"","overlay-gradient":""}},"footnotes":""},"class_list":["post-311","page","type-page","status-publish","hentry"],"_links":{"self":[{"href":"https:\/\/de-co.com.tr\/index.php\/wp-json\/wp\/v2\/pages\/311","targetHints":{"allow":["GET"]}}],"collection":[{"href":"https:\/\/de-co.com.tr\/index.php\/wp-json\/wp\/v2\/pages"}],"about":[{"href":"https:\/\/de-co.com.tr\/index.php\/wp-json\/wp\/v2\/types\/page"}],"author":[{"embeddable":true,"href":"https:\/\/de-co.com.tr\/index.php\/wp-json\/wp\/v2\/users\/1"}],"replies":[{"embeddable":true,"href":"https:\/\/de-co.com.tr\/index.php\/wp-json\/wp\/v2\/comments?post=311"}],"version-history":[{"count":7,"href":"https:\/\/de-co.com.tr\/index.php\/wp-json\/wp\/v2\/pages\/311\/revisions"}],"predecessor-version":[{"id":422,"href":"https:\/\/de-co.com.tr\/index.php\/wp-json\/wp\/v2\/pages\/311\/revisions\/422"}],"wp:attachment":[{"href":"https:\/\/de-co.com.tr\/index.php\/wp-json\/wp\/v2\/media?parent=311"}],"curies":[{"name":"wp","href":"https:\/\/api.w.org\/{rel}","templated":true}]}}