{"id":305,"date":"2025-04-22T22:39:09","date_gmt":"2025-04-22T19:39:09","guid":{"rendered":"http:\/\/de-co.com.tr\/?page_id=305"},"modified":"2025-04-23T13:27:20","modified_gmt":"2025-04-23T10:27:20","slug":"mke-kirikkale-yeni-arazi","status":"publish","type":"page","link":"https:\/\/de-co.com.tr\/index.php\/mke-kirikkale-yeni-arazi\/","title":{"rendered":"MKE KIRIKKALE YEN\u0130 ARAZ\u0130\u00a0"},"content":{"rendered":"\t\t<div data-elementor-type=\"wp-page\" data-elementor-id=\"305\" class=\"elementor elementor-305\">\n\t\t\t\t\t\t<section class=\"elementor-section elementor-top-section elementor-element elementor-element-0604a33 elementor-section-boxed elementor-section-height-default elementor-section-height-default\" data-id=\"0604a33\" data-element_type=\"section\" data-settings=\"{&quot;background_background&quot;:&quot;classic&quot;}\">\n\t\t\t\t\t\t<div class=\"elementor-container elementor-column-gap-default\">\n\t\t\t\t\t<div class=\"elementor-column elementor-col-100 elementor-top-column elementor-element elementor-element-cccc414\" data-id=\"cccc414\" data-element_type=\"column\">\n\t\t\t<div class=\"elementor-widget-wrap elementor-element-populated\">\n\t\t\t\t\t\t<div class=\"elementor-element elementor-element-4a08570 elementor-widget elementor-widget-spacer\" data-id=\"4a08570\" data-element_type=\"widget\" data-widget_type=\"spacer.default\">\n\t\t\t\t<div class=\"elementor-widget-container\">\n\t\t\t\t\t\t\t<div class=\"elementor-spacer\">\n\t\t\t<div class=\"elementor-spacer-inner\"><\/div>\n\t\t<\/div>\n\t\t\t\t\t\t<\/div>\n\t\t\t\t<\/div>\n\t\t\t\t<div class=\"elementor-element elementor-element-2cebf75 elementor-widget elementor-widget-heading\" data-id=\"2cebf75\" data-element_type=\"widget\" data-widget_type=\"heading.default\">\n\t\t\t\t<div class=\"elementor-widget-container\">\n\t\t\t\t\t<h2 class=\"elementor-heading-title elementor-size-default\">Tamamlanan Projeler<\/h2>\t\t\t\t<\/div>\n\t\t\t\t<\/div>\n\t\t\t\t<div class=\"elementor-element elementor-element-45de544 elementor-widget elementor-widget-text-editor\" data-id=\"45de544\" data-element_type=\"widget\" data-widget_type=\"text-editor.default\">\n\t\t\t\t<div class=\"elementor-widget-container\">\n\t\t\t\t\t\t\t\t\t<p>Ana Sayfa \u2192 MKE KIRIKKALE YEN\u0130 ARAZ\u0130<\/p>\t\t\t\t\t\t\t\t<\/div>\n\t\t\t\t<\/div>\n\t\t\t\t\t<\/div>\n\t\t<\/div>\n\t\t\t\t\t<\/div>\n\t\t<\/section>\n\t\t\t\t<section class=\"elementor-section elementor-top-section elementor-element elementor-element-dc469aa elementor-section-boxed elementor-section-height-default elementor-section-height-default\" data-id=\"dc469aa\" data-element_type=\"section\">\n\t\t\t\t\t\t<div class=\"elementor-container elementor-column-gap-default\">\n\t\t\t\t\t<div class=\"elementor-column elementor-col-100 elementor-top-column elementor-element elementor-element-729a109\" data-id=\"729a109\" data-element_type=\"column\">\n\t\t\t<div class=\"elementor-widget-wrap elementor-element-populated\">\n\t\t\t\t\t\t<div class=\"elementor-element elementor-element-200ed91 elementor-widget elementor-widget-heading\" data-id=\"200ed91\" data-element_type=\"widget\" data-widget_type=\"heading.default\">\n\t\t\t\t<div class=\"elementor-widget-container\">\n\t\t\t\t\t<h2 class=\"elementor-heading-title elementor-size-default\">MKE K\u0131r\u0131kkale yeni arazi 4 adet depo yap\u0131m i\u015fi (Kaba i\u015fler ve ince i\u015fler yap\u0131m i\u015fi) - K\u0131r\u0131kkale, in\u015faat yap\u0131m\u0131.\nProje ba\u015flama tarihi: 10.01.2025 - Proje biti\u015f tarihi: 10.04.2025<\/h2>\t\t\t\t<\/div>\n\t\t\t\t<\/div>\n\t\t\t\t\t<\/div>\n\t\t<\/div>\n\t\t\t\t\t<\/div>\n\t\t<\/section>\n\t\t\t\t<section class=\"elementor-section elementor-top-section elementor-element elementor-element-c10303b elementor-section-boxed elementor-section-height-default elementor-section-height-default\" data-id=\"c10303b\" data-element_type=\"section\">\n\t\t\t\t\t\t<div class=\"elementor-container elementor-column-gap-default\">\n\t\t\t\t\t<div class=\"elementor-column elementor-col-100 elementor-top-column elementor-element elementor-element-81cda7f\" data-id=\"81cda7f\" data-element_type=\"column\">\n\t\t\t<div class=\"elementor-widget-wrap elementor-element-populated\">\n\t\t\t\t\t\t<div class=\"elementor-element elementor-element-7c74a27 gallery-spacing-custom elementor-widget elementor-widget-image-gallery\" data-id=\"7c74a27\" data-element_type=\"widget\" data-widget_type=\"image-gallery.default\">\n\t\t\t\t<div class=\"elementor-widget-container\">\n\t\t\t\t\t\t\t<div class=\"elementor-image-gallery\">\n\t\t\t<div id='gallery-1' class='gallery galleryid-305 gallery-columns-3 gallery-size-full'><figure class='gallery-item'>\n\t\t\t<div class='gallery-icon landscape'>\n\t\t\t\t<a data-elementor-open-lightbox=\"yes\" data-elementor-lightbox-slideshow=\"7c74a27\" data-e-action-hash=\"#elementor-action%3Aaction%3Dlightbox%26settings%3DeyJpZCI6MjQ2LCJ1cmwiOiJodHRwczpcL1wvZGUtY28uY29tLnRyXC93cC1jb250ZW50XC91cGxvYWRzXC8yMDI1XC8wNFwvZDk0NTAxNWItZTY4Zi00NTlkLWFjNGUtYjM1YTk5MjUwYjRiLmpwZyIsInNsaWRlc2hvdyI6IjdjNzRhMjcifQ%3D%3D\" href='https:\/\/de-co.com.tr\/wp-content\/uploads\/2025\/04\/d945015b-e68f-459d-ac4e-b35a99250b4b.jpg'><img fetchpriority=\"high\" decoding=\"async\" width=\"1600\" height=\"900\" src=\"https:\/\/de-co.com.tr\/wp-content\/uploads\/2025\/04\/d945015b-e68f-459d-ac4e-b35a99250b4b.jpg\" class=\"attachment-full size-full\" alt=\"\" srcset=\"https:\/\/de-co.com.tr\/wp-content\/uploads\/2025\/04\/d945015b-e68f-459d-ac4e-b35a99250b4b.jpg 1600w, https:\/\/de-co.com.tr\/wp-content\/uploads\/2025\/04\/d945015b-e68f-459d-ac4e-b35a99250b4b-300x169.jpg 300w, https:\/\/de-co.com.tr\/wp-content\/uploads\/2025\/04\/d945015b-e68f-459d-ac4e-b35a99250b4b-1024x576.jpg 1024w, https:\/\/de-co.com.tr\/wp-content\/uploads\/2025\/04\/d945015b-e68f-459d-ac4e-b35a99250b4b-768x432.jpg 768w, https:\/\/de-co.com.tr\/wp-content\/uploads\/2025\/04\/d945015b-e68f-459d-ac4e-b35a99250b4b-1536x864.jpg 1536w\" sizes=\"(max-width: 1600px) 100vw, 1600px\" \/><\/a>\n\t\t\t<\/div><\/figure><figure class='gallery-item'>\n\t\t\t<div class='gallery-icon landscape'>\n\t\t\t\t<a data-elementor-open-lightbox=\"yes\" data-elementor-lightbox-slideshow=\"7c74a27\" data-e-action-hash=\"#elementor-action%3Aaction%3Dlightbox%26settings%3DeyJpZCI6MjQ1LCJ1cmwiOiJodHRwczpcL1wvZGUtY28uY29tLnRyXC93cC1jb250ZW50XC91cGxvYWRzXC8yMDI1XC8wNFwvY2IzOThlZWItMWFlNS00NTk1LTgxN2YtZDgwYTkxNGMxODY2LmpwZyIsInNsaWRlc2hvdyI6IjdjNzRhMjcifQ%3D%3D\" href='https:\/\/de-co.com.tr\/wp-content\/uploads\/2025\/04\/cb398eeb-1ae5-4595-817f-d80a914c1866.jpg'><img decoding=\"async\" width=\"1600\" height=\"900\" src=\"https:\/\/de-co.com.tr\/wp-content\/uploads\/2025\/04\/cb398eeb-1ae5-4595-817f-d80a914c1866.jpg\" class=\"attachment-full size-full\" alt=\"\" srcset=\"https:\/\/de-co.com.tr\/wp-content\/uploads\/2025\/04\/cb398eeb-1ae5-4595-817f-d80a914c1866.jpg 1600w, https:\/\/de-co.com.tr\/wp-content\/uploads\/2025\/04\/cb398eeb-1ae5-4595-817f-d80a914c1866-300x169.jpg 300w, https:\/\/de-co.com.tr\/wp-content\/uploads\/2025\/04\/cb398eeb-1ae5-4595-817f-d80a914c1866-1024x576.jpg 1024w, https:\/\/de-co.com.tr\/wp-content\/uploads\/2025\/04\/cb398eeb-1ae5-4595-817f-d80a914c1866-768x432.jpg 768w, https:\/\/de-co.com.tr\/wp-content\/uploads\/2025\/04\/cb398eeb-1ae5-4595-817f-d80a914c1866-1536x864.jpg 1536w\" sizes=\"(max-width: 1600px) 100vw, 1600px\" \/><\/a>\n\t\t\t<\/div><\/figure><figure class='gallery-item'>\n\t\t\t<div class='gallery-icon landscape'>\n\t\t\t\t<a data-elementor-open-lightbox=\"yes\" data-elementor-lightbox-slideshow=\"7c74a27\" data-e-action-hash=\"#elementor-action%3Aaction%3Dlightbox%26settings%3DeyJpZCI6MjQ0LCJ1cmwiOiJodHRwczpcL1wvZGUtY28uY29tLnRyXC93cC1jb250ZW50XC91cGxvYWRzXC8yMDI1XC8wNFwvODg4M2RhYTktMGI4Yi00YTZjLWE3MDUtYTM0ZWUyODY5YTFiLmpwZyIsInNsaWRlc2hvdyI6IjdjNzRhMjcifQ%3D%3D\" href='https:\/\/de-co.com.tr\/wp-content\/uploads\/2025\/04\/8883daa9-0b8b-4a6c-a705-a34ee2869a1b.jpg'><img decoding=\"async\" width=\"1600\" height=\"900\" src=\"https:\/\/de-co.com.tr\/wp-content\/uploads\/2025\/04\/8883daa9-0b8b-4a6c-a705-a34ee2869a1b.jpg\" class=\"attachment-full size-full\" alt=\"\" srcset=\"https:\/\/de-co.com.tr\/wp-content\/uploads\/2025\/04\/8883daa9-0b8b-4a6c-a705-a34ee2869a1b.jpg 1600w, https:\/\/de-co.com.tr\/wp-content\/uploads\/2025\/04\/8883daa9-0b8b-4a6c-a705-a34ee2869a1b-300x169.jpg 300w, https:\/\/de-co.com.tr\/wp-content\/uploads\/2025\/04\/8883daa9-0b8b-4a6c-a705-a34ee2869a1b-1024x576.jpg 1024w, https:\/\/de-co.com.tr\/wp-content\/uploads\/2025\/04\/8883daa9-0b8b-4a6c-a705-a34ee2869a1b-768x432.jpg 768w, https:\/\/de-co.com.tr\/wp-content\/uploads\/2025\/04\/8883daa9-0b8b-4a6c-a705-a34ee2869a1b-1536x864.jpg 1536w\" sizes=\"(max-width: 1600px) 100vw, 1600px\" \/><\/a>\n\t\t\t<\/div><\/figure>\n\t\t<\/div>\n\t\t<\/div>\n\t\t\t\t\t\t<\/div>\n\t\t\t\t<\/div>\n\t\t\t\t\t<\/div>\n\t\t<\/div>\n\t\t\t\t\t<\/div>\n\t\t<\/section>\n\t\t\t\t<\/div>\n\t\t","protected":false},"excerpt":{"rendered":"<p>Tamamlanan Projeler Ana Sayfa \u2192 MKE KIRIKKALE YEN\u0130 ARAZ\u0130 MKE K\u0131r\u0131kkale yeni arazi 4 adet depo yap\u0131m i\u015fi (Kaba i\u015fler [&hellip;]<\/p>\n","protected":false},"author":1,"featured_media":0,"parent":0,"menu_order":0,"comment_status":"closed","ping_status":"closed","template":"elementor_header_footer","meta":{"site-sidebar-layout":"no-sidebar","site-content-layout":"","ast-site-content-layout":"full-width-container","site-content-style":"default","site-sidebar-style":"default","ast-global-header-display":"","ast-banner-title-visibility":"","ast-main-header-display":"","ast-hfb-above-header-display":"","ast-hfb-below-header-display":"","ast-hfb-mobile-header-display":"","site-post-title":"disabled","ast-breadcrumbs-content":"","ast-featured-img":"disabled","footer-sml-layout":"","theme-transparent-header-meta":"","adv-header-id-meta":"","stick-header-meta":"","header-above-stick-meta":"","header-main-stick-meta":"","header-below-stick-meta":"","astra-migrate-meta-layouts":"default","ast-page-background-enabled":"default","ast-page-background-meta":{"desktop":{"background-color":"var(--ast-global-color-5)","background-image":"","background-repeat":"repeat","background-position":"center center","background-size":"auto","background-attachment":"scroll","background-type":"","background-media":"","overlay-type":"","overlay-color":"","overlay-opacity":"","overlay-gradient":""},"tablet":{"background-color":"","background-image":"","background-repeat":"repeat","background-position":"center center","background-size":"auto","background-attachment":"scroll","background-type":"","background-media":"","overlay-type":"","overlay-color":"","overlay-opacity":"","overlay-gradient":""},"mobile":{"background-color":"","background-image":"","background-repeat":"repeat","background-position":"center center","background-size":"auto","background-attachment":"scroll","background-type":"","background-media":"","overlay-type":"","overlay-color":"","overlay-opacity":"","overlay-gradient":""}},"ast-content-background-meta":{"desktop":{"background-color":"var(--ast-global-color-4)","background-image":"","background-repeat":"repeat","background-position":"center center","background-size":"auto","background-attachment":"scroll","background-type":"","background-media":"","overlay-type":"","overlay-color":"","overlay-opacity":"","overlay-gradient":""},"tablet":{"background-color":"var(--ast-global-color-4)","background-image":"","background-repeat":"repeat","background-position":"center center","background-size":"auto","background-attachment":"scroll","background-type":"","background-media":"","overlay-type":"","overlay-color":"","overlay-opacity":"","overlay-gradient":""},"mobile":{"background-color":"var(--ast-global-color-4)","background-image":"","background-repeat":"repeat","background-position":"center center","background-size":"auto","background-attachment":"scroll","background-type":"","background-media":"","overlay-type":"","overlay-color":"","overlay-opacity":"","overlay-gradient":""}},"footnotes":""},"class_list":["post-305","page","type-page","status-publish","hentry"],"_links":{"self":[{"href":"https:\/\/de-co.com.tr\/index.php\/wp-json\/wp\/v2\/pages\/305","targetHints":{"allow":["GET"]}}],"collection":[{"href":"https:\/\/de-co.com.tr\/index.php\/wp-json\/wp\/v2\/pages"}],"about":[{"href":"https:\/\/de-co.com.tr\/index.php\/wp-json\/wp\/v2\/types\/page"}],"author":[{"embeddable":true,"href":"https:\/\/de-co.com.tr\/index.php\/wp-json\/wp\/v2\/users\/1"}],"replies":[{"embeddable":true,"href":"https:\/\/de-co.com.tr\/index.php\/wp-json\/wp\/v2\/comments?post=305"}],"version-history":[{"count":7,"href":"https:\/\/de-co.com.tr\/index.php\/wp-json\/wp\/v2\/pages\/305\/revisions"}],"predecessor-version":[{"id":419,"href":"https:\/\/de-co.com.tr\/index.php\/wp-json\/wp\/v2\/pages\/305\/revisions\/419"}],"wp:attachment":[{"href":"https:\/\/de-co.com.tr\/index.php\/wp-json\/wp\/v2\/media?parent=305"}],"curies":[{"name":"wp","href":"https:\/\/api.w.org\/{rel}","templated":true}]}}