{"id":300,"date":"2025-04-22T22:33:40","date_gmt":"2025-04-22T19:33:40","guid":{"rendered":"http:\/\/de-co.com.tr\/?page_id=300"},"modified":"2025-04-23T13:26:26","modified_gmt":"2025-04-23T10:26:26","slug":"casamia-golbasi-20-villa","status":"publish","type":"page","link":"https:\/\/de-co.com.tr\/index.php\/casamia-golbasi-20-villa\/","title":{"rendered":"CASAM\u0130A \u00a0G\u00d6LBA\u015eI 20 V\u0130LLA\u00a0"},"content":{"rendered":"\t\t<div data-elementor-type=\"wp-page\" data-elementor-id=\"300\" class=\"elementor elementor-300\">\n\t\t\t\t\t\t<section class=\"elementor-section elementor-top-section elementor-element elementor-element-5b0c065 elementor-section-boxed elementor-section-height-default elementor-section-height-default\" data-id=\"5b0c065\" data-element_type=\"section\" data-settings=\"{&quot;background_background&quot;:&quot;classic&quot;}\">\n\t\t\t\t\t\t<div class=\"elementor-container elementor-column-gap-default\">\n\t\t\t\t\t<div class=\"elementor-column elementor-col-100 elementor-top-column elementor-element elementor-element-4785ad3\" data-id=\"4785ad3\" data-element_type=\"column\">\n\t\t\t<div class=\"elementor-widget-wrap elementor-element-populated\">\n\t\t\t\t\t\t<div class=\"elementor-element elementor-element-e977ede elementor-widget elementor-widget-spacer\" data-id=\"e977ede\" data-element_type=\"widget\" data-widget_type=\"spacer.default\">\n\t\t\t\t<div class=\"elementor-widget-container\">\n\t\t\t\t\t\t\t<div class=\"elementor-spacer\">\n\t\t\t<div class=\"elementor-spacer-inner\"><\/div>\n\t\t<\/div>\n\t\t\t\t\t\t<\/div>\n\t\t\t\t<\/div>\n\t\t\t\t<div class=\"elementor-element elementor-element-8411405 elementor-widget elementor-widget-heading\" data-id=\"8411405\" data-element_type=\"widget\" data-widget_type=\"heading.default\">\n\t\t\t\t<div class=\"elementor-widget-container\">\n\t\t\t\t\t<h2 class=\"elementor-heading-title elementor-size-default\">Tamamlanan Projeler<\/h2>\t\t\t\t<\/div>\n\t\t\t\t<\/div>\n\t\t\t\t<div class=\"elementor-element elementor-element-f967672 elementor-widget elementor-widget-text-editor\" data-id=\"f967672\" data-element_type=\"widget\" data-widget_type=\"text-editor.default\">\n\t\t\t\t<div class=\"elementor-widget-container\">\n\t\t\t\t\t\t\t\t\t<p>Ana Sayfa \u2192 CASAM\u0130A \u00a0G\u00d6LBA\u015eI 20 V\u0130LLA<\/p>\t\t\t\t\t\t\t\t<\/div>\n\t\t\t\t<\/div>\n\t\t\t\t\t<\/div>\n\t\t<\/div>\n\t\t\t\t\t<\/div>\n\t\t<\/section>\n\t\t\t\t<section class=\"elementor-section elementor-top-section elementor-element elementor-element-8e85469 elementor-section-boxed elementor-section-height-default elementor-section-height-default\" data-id=\"8e85469\" data-element_type=\"section\">\n\t\t\t\t\t\t<div class=\"elementor-container elementor-column-gap-default\">\n\t\t\t\t\t<div class=\"elementor-column elementor-col-100 elementor-top-column elementor-element elementor-element-3756886\" data-id=\"3756886\" data-element_type=\"column\">\n\t\t\t<div class=\"elementor-widget-wrap elementor-element-populated\">\n\t\t\t\t\t\t<div class=\"elementor-element elementor-element-047a5f7 elementor-widget elementor-widget-heading\" data-id=\"047a5f7\" data-element_type=\"widget\" data-widget_type=\"heading.default\">\n\t\t\t\t<div class=\"elementor-widget-container\">\n\t\t\t\t\t<h2 class=\"elementor-heading-title elementor-size-default\">Casamia G\u00f6lba\u015f\u0131 20 villa yap\u0131m i\u015fi (\u0130nce i\u015fler yap\u0131m i\u015fi) - G\u00f6lba\u015f\u0131 \/ Ankara, in\u015faat yap\u0131m\u0131.\nProje ba\u015flama tarihi: 01.06.2022 - Proje biti\u015f tarihi: 30.10.2023<\/h2>\t\t\t\t<\/div>\n\t\t\t\t<\/div>\n\t\t\t\t\t<\/div>\n\t\t<\/div>\n\t\t\t\t\t<\/div>\n\t\t<\/section>\n\t\t\t\t<section class=\"elementor-section elementor-top-section elementor-element elementor-element-0d99a62 elementor-section-boxed elementor-section-height-default elementor-section-height-default\" data-id=\"0d99a62\" data-element_type=\"section\">\n\t\t\t\t\t\t<div class=\"elementor-container elementor-column-gap-default\">\n\t\t\t\t\t<div class=\"elementor-column elementor-col-100 elementor-top-column elementor-element elementor-element-839b2fe\" data-id=\"839b2fe\" data-element_type=\"column\">\n\t\t\t<div class=\"elementor-widget-wrap elementor-element-populated\">\n\t\t\t\t\t\t<div class=\"elementor-element elementor-element-8d44d00 gallery-spacing-custom elementor-widget elementor-widget-image-gallery\" data-id=\"8d44d00\" data-element_type=\"widget\" data-widget_type=\"image-gallery.default\">\n\t\t\t\t<div class=\"elementor-widget-container\">\n\t\t\t\t\t\t\t<div class=\"elementor-image-gallery\">\n\t\t\t<div id='gallery-1' class='gallery galleryid-300 gallery-columns-3 gallery-size-full'><figure class='gallery-item'>\n\t\t\t<div class='gallery-icon landscape'>\n\t\t\t\t<a data-elementor-open-lightbox=\"yes\" data-elementor-lightbox-slideshow=\"8d44d00\" data-e-action-hash=\"#elementor-action%3Aaction%3Dlightbox%26settings%3DeyJpZCI6MjI5LCJ1cmwiOiJodHRwczpcL1wvZGUtY28uY29tLnRyXC93cC1jb250ZW50XC91cGxvYWRzXC8yMDI1XC8wNFwvMGI3MzY1ZjctNGIyMy00YmZhLWIzNWEtZGY0OTM0NGVlMTZkLmpwZyIsInNsaWRlc2hvdyI6IjhkNDRkMDAifQ%3D%3D\" href='https:\/\/de-co.com.tr\/wp-content\/uploads\/2025\/04\/0b7365f7-4b23-4bfa-b35a-df49344ee16d.jpg'><img fetchpriority=\"high\" decoding=\"async\" width=\"2048\" height=\"1536\" src=\"https:\/\/de-co.com.tr\/wp-content\/uploads\/2025\/04\/0b7365f7-4b23-4bfa-b35a-df49344ee16d.jpg\" class=\"attachment-full size-full\" alt=\"\" srcset=\"https:\/\/de-co.com.tr\/wp-content\/uploads\/2025\/04\/0b7365f7-4b23-4bfa-b35a-df49344ee16d.jpg 2048w, https:\/\/de-co.com.tr\/wp-content\/uploads\/2025\/04\/0b7365f7-4b23-4bfa-b35a-df49344ee16d-300x225.jpg 300w, https:\/\/de-co.com.tr\/wp-content\/uploads\/2025\/04\/0b7365f7-4b23-4bfa-b35a-df49344ee16d-1024x768.jpg 1024w, https:\/\/de-co.com.tr\/wp-content\/uploads\/2025\/04\/0b7365f7-4b23-4bfa-b35a-df49344ee16d-768x576.jpg 768w, https:\/\/de-co.com.tr\/wp-content\/uploads\/2025\/04\/0b7365f7-4b23-4bfa-b35a-df49344ee16d-1536x1152.jpg 1536w\" sizes=\"(max-width: 2048px) 100vw, 2048px\" \/><\/a>\n\t\t\t<\/div><\/figure><figure class='gallery-item'>\n\t\t\t<div class='gallery-icon landscape'>\n\t\t\t\t<a data-elementor-open-lightbox=\"yes\" data-elementor-lightbox-slideshow=\"8d44d00\" data-e-action-hash=\"#elementor-action%3Aaction%3Dlightbox%26settings%3DeyJpZCI6MjMyLCJ1cmwiOiJodHRwczpcL1wvZGUtY28uY29tLnRyXC93cC1jb250ZW50XC91cGxvYWRzXC8yMDI1XC8wNFwvY2M2MTY5MzAtYzAzNy00ZTc1LTk4NTEtZDQ0MTY0N2Y5ZWVlLmpwZyIsInNsaWRlc2hvdyI6IjhkNDRkMDAifQ%3D%3D\" href='https:\/\/de-co.com.tr\/wp-content\/uploads\/2025\/04\/cc616930-c037-4e75-9851-d441647f9eee.jpg'><img decoding=\"async\" width=\"1600\" height=\"747\" src=\"https:\/\/de-co.com.tr\/wp-content\/uploads\/2025\/04\/cc616930-c037-4e75-9851-d441647f9eee.jpg\" class=\"attachment-full size-full\" alt=\"\" srcset=\"https:\/\/de-co.com.tr\/wp-content\/uploads\/2025\/04\/cc616930-c037-4e75-9851-d441647f9eee.jpg 1600w, https:\/\/de-co.com.tr\/wp-content\/uploads\/2025\/04\/cc616930-c037-4e75-9851-d441647f9eee-300x140.jpg 300w, https:\/\/de-co.com.tr\/wp-content\/uploads\/2025\/04\/cc616930-c037-4e75-9851-d441647f9eee-1024x478.jpg 1024w, https:\/\/de-co.com.tr\/wp-content\/uploads\/2025\/04\/cc616930-c037-4e75-9851-d441647f9eee-768x359.jpg 768w, https:\/\/de-co.com.tr\/wp-content\/uploads\/2025\/04\/cc616930-c037-4e75-9851-d441647f9eee-1536x717.jpg 1536w\" sizes=\"(max-width: 1600px) 100vw, 1600px\" \/><\/a>\n\t\t\t<\/div><\/figure><figure class='gallery-item'>\n\t\t\t<div class='gallery-icon landscape'>\n\t\t\t\t<a data-elementor-open-lightbox=\"yes\" data-elementor-lightbox-slideshow=\"8d44d00\" data-e-action-hash=\"#elementor-action%3Aaction%3Dlightbox%26settings%3DeyJpZCI6MjMxLCJ1cmwiOiJodHRwczpcL1wvZGUtY28uY29tLnRyXC93cC1jb250ZW50XC91cGxvYWRzXC8yMDI1XC8wNFwvYzk1NjRmNDAtMjg3My00YzZhLTk0ZjAtNDUzNTUxM2FhOTkyLmpwZyIsInNsaWRlc2hvdyI6IjhkNDRkMDAifQ%3D%3D\" href='https:\/\/de-co.com.tr\/wp-content\/uploads\/2025\/04\/c9564f40-2873-4c6a-94f0-4535513aa992.jpg'><img decoding=\"async\" width=\"2048\" height=\"1536\" src=\"https:\/\/de-co.com.tr\/wp-content\/uploads\/2025\/04\/c9564f40-2873-4c6a-94f0-4535513aa992.jpg\" class=\"attachment-full size-full\" alt=\"\" srcset=\"https:\/\/de-co.com.tr\/wp-content\/uploads\/2025\/04\/c9564f40-2873-4c6a-94f0-4535513aa992.jpg 2048w, https:\/\/de-co.com.tr\/wp-content\/uploads\/2025\/04\/c9564f40-2873-4c6a-94f0-4535513aa992-300x225.jpg 300w, https:\/\/de-co.com.tr\/wp-content\/uploads\/2025\/04\/c9564f40-2873-4c6a-94f0-4535513aa992-1024x768.jpg 1024w, https:\/\/de-co.com.tr\/wp-content\/uploads\/2025\/04\/c9564f40-2873-4c6a-94f0-4535513aa992-768x576.jpg 768w, https:\/\/de-co.com.tr\/wp-content\/uploads\/2025\/04\/c9564f40-2873-4c6a-94f0-4535513aa992-1536x1152.jpg 1536w\" sizes=\"(max-width: 2048px) 100vw, 2048px\" \/><\/a>\n\t\t\t<\/div><\/figure><figure class='gallery-item'>\n\t\t\t<div class='gallery-icon portrait'>\n\t\t\t\t<a data-elementor-open-lightbox=\"yes\" data-elementor-lightbox-slideshow=\"8d44d00\" data-e-action-hash=\"#elementor-action%3Aaction%3Dlightbox%26settings%3DeyJpZCI6MjMwLCJ1cmwiOiJodHRwczpcL1wvZGUtY28uY29tLnRyXC93cC1jb250ZW50XC91cGxvYWRzXC8yMDI1XC8wNFwvMTA1MmExMDQtOGZlZC00ODgzLWFmMjYtOTMyY2Q0ZTFlYWE2LmpwZyIsInNsaWRlc2hvdyI6IjhkNDRkMDAifQ%3D%3D\" href='https:\/\/de-co.com.tr\/wp-content\/uploads\/2025\/04\/1052a104-8fed-4883-af26-932cd4e1eaa6.jpg'><img loading=\"lazy\" decoding=\"async\" width=\"1536\" height=\"2048\" src=\"https:\/\/de-co.com.tr\/wp-content\/uploads\/2025\/04\/1052a104-8fed-4883-af26-932cd4e1eaa6.jpg\" class=\"attachment-full size-full\" alt=\"\" srcset=\"https:\/\/de-co.com.tr\/wp-content\/uploads\/2025\/04\/1052a104-8fed-4883-af26-932cd4e1eaa6.jpg 1536w, https:\/\/de-co.com.tr\/wp-content\/uploads\/2025\/04\/1052a104-8fed-4883-af26-932cd4e1eaa6-225x300.jpg 225w, https:\/\/de-co.com.tr\/wp-content\/uploads\/2025\/04\/1052a104-8fed-4883-af26-932cd4e1eaa6-768x1024.jpg 768w, https:\/\/de-co.com.tr\/wp-content\/uploads\/2025\/04\/1052a104-8fed-4883-af26-932cd4e1eaa6-1152x1536.jpg 1152w\" sizes=\"(max-width: 1536px) 100vw, 1536px\" \/><\/a>\n\t\t\t<\/div><\/figure>\n\t\t<\/div>\n\t\t<\/div>\n\t\t\t\t\t\t<\/div>\n\t\t\t\t<\/div>\n\t\t\t\t\t<\/div>\n\t\t<\/div>\n\t\t\t\t\t<\/div>\n\t\t<\/section>\n\t\t\t\t<\/div>\n\t\t","protected":false},"excerpt":{"rendered":"<p>Tamamlanan Projeler Ana Sayfa \u2192 CASAM\u0130A \u00a0G\u00d6LBA\u015eI 20 V\u0130LLA Casamia G\u00f6lba\u015f\u0131 20 villa yap\u0131m i\u015fi (\u0130nce i\u015fler yap\u0131m i\u015fi) &#8211; [&hellip;]<\/p>\n","protected":false},"author":1,"featured_media":0,"parent":0,"menu_order":0,"comment_status":"closed","ping_status":"closed","template":"elementor_header_footer","meta":{"site-sidebar-layout":"no-sidebar","site-content-layout":"","ast-site-content-layout":"full-width-container","site-content-style":"default","site-sidebar-style":"default","ast-global-header-display":"","ast-banner-title-visibility":"","ast-main-header-display":"","ast-hfb-above-header-display":"","ast-hfb-below-header-display":"","ast-hfb-mobile-header-display":"","site-post-title":"disabled","ast-breadcrumbs-content":"","ast-featured-img":"disabled","footer-sml-layout":"","theme-transparent-header-meta":"","adv-header-id-meta":"","stick-header-meta":"","header-above-stick-meta":"","header-main-stick-meta":"","header-below-stick-meta":"","astra-migrate-meta-layouts":"default","ast-page-background-enabled":"default","ast-page-background-meta":{"desktop":{"background-color":"var(--ast-global-color-5)","background-image":"","background-repeat":"repeat","background-position":"center center","background-size":"auto","background-attachment":"scroll","background-type":"","background-media":"","overlay-type":"","overlay-color":"","overlay-opacity":"","overlay-gradient":""},"tablet":{"background-color":"","background-image":"","background-repeat":"repeat","background-position":"center center","background-size":"auto","background-attachment":"scroll","background-type":"","background-media":"","overlay-type":"","overlay-color":"","overlay-opacity":"","overlay-gradient":""},"mobile":{"background-color":"","background-image":"","background-repeat":"repeat","background-position":"center center","background-size":"auto","background-attachment":"scroll","background-type":"","background-media":"","overlay-type":"","overlay-color":"","overlay-opacity":"","overlay-gradient":""}},"ast-content-background-meta":{"desktop":{"background-color":"var(--ast-global-color-4)","background-image":"","background-repeat":"repeat","background-position":"center center","background-size":"auto","background-attachment":"scroll","background-type":"","background-media":"","overlay-type":"","overlay-color":"","overlay-opacity":"","overlay-gradient":""},"tablet":{"background-color":"var(--ast-global-color-4)","background-image":"","background-repeat":"repeat","background-position":"center center","background-size":"auto","background-attachment":"scroll","background-type":"","background-media":"","overlay-type":"","overlay-color":"","overlay-opacity":"","overlay-gradient":""},"mobile":{"background-color":"var(--ast-global-color-4)","background-image":"","background-repeat":"repeat","background-position":"center center","background-size":"auto","background-attachment":"scroll","background-type":"","background-media":"","overlay-type":"","overlay-color":"","overlay-opacity":"","overlay-gradient":""}},"footnotes":""},"class_list":["post-300","page","type-page","status-publish","hentry"],"_links":{"self":[{"href":"https:\/\/de-co.com.tr\/index.php\/wp-json\/wp\/v2\/pages\/300","targetHints":{"allow":["GET"]}}],"collection":[{"href":"https:\/\/de-co.com.tr\/index.php\/wp-json\/wp\/v2\/pages"}],"about":[{"href":"https:\/\/de-co.com.tr\/index.php\/wp-json\/wp\/v2\/types\/page"}],"author":[{"embeddable":true,"href":"https:\/\/de-co.com.tr\/index.php\/wp-json\/wp\/v2\/users\/1"}],"replies":[{"embeddable":true,"href":"https:\/\/de-co.com.tr\/index.php\/wp-json\/wp\/v2\/comments?post=300"}],"version-history":[{"count":7,"href":"https:\/\/de-co.com.tr\/index.php\/wp-json\/wp\/v2\/pages\/300\/revisions"}],"predecessor-version":[{"id":413,"href":"https:\/\/de-co.com.tr\/index.php\/wp-json\/wp\/v2\/pages\/300\/revisions\/413"}],"wp:attachment":[{"href":"https:\/\/de-co.com.tr\/index.php\/wp-json\/wp\/v2\/media?parent=300"}],"curies":[{"name":"wp","href":"https:\/\/api.w.org\/{rel}","templated":true}]}}