{"id":290,"date":"2025-04-22T22:26:54","date_gmt":"2025-04-22T19:26:54","guid":{"rendered":"http:\/\/de-co.com.tr\/?page_id=290"},"modified":"2025-04-23T13:26:40","modified_gmt":"2025-04-23T10:26:40","slug":"kirikkale-il-jandarma-komutanligi","status":"publish","type":"page","link":"https:\/\/de-co.com.tr\/index.php\/kirikkale-il-jandarma-komutanligi\/","title":{"rendered":"KIRIKKALE \u0130L JANDARMA KOMUTANLI\u011eI"},"content":{"rendered":"\t\t<div data-elementor-type=\"wp-page\" data-elementor-id=\"290\" class=\"elementor elementor-290\">\n\t\t\t\t\t\t<section class=\"elementor-section elementor-top-section elementor-element elementor-element-ca799da elementor-section-boxed elementor-section-height-default elementor-section-height-default\" data-id=\"ca799da\" data-element_type=\"section\" data-settings=\"{&quot;background_background&quot;:&quot;classic&quot;}\">\n\t\t\t\t\t\t<div class=\"elementor-container elementor-column-gap-default\">\n\t\t\t\t\t<div class=\"elementor-column elementor-col-100 elementor-top-column elementor-element elementor-element-590352f\" data-id=\"590352f\" data-element_type=\"column\">\n\t\t\t<div class=\"elementor-widget-wrap elementor-element-populated\">\n\t\t\t\t\t\t<div class=\"elementor-element elementor-element-7be83dd elementor-widget elementor-widget-spacer\" data-id=\"7be83dd\" data-element_type=\"widget\" data-widget_type=\"spacer.default\">\n\t\t\t\t<div class=\"elementor-widget-container\">\n\t\t\t\t\t\t\t<div class=\"elementor-spacer\">\n\t\t\t<div class=\"elementor-spacer-inner\"><\/div>\n\t\t<\/div>\n\t\t\t\t\t\t<\/div>\n\t\t\t\t<\/div>\n\t\t\t\t<div class=\"elementor-element elementor-element-37b3e22 elementor-widget elementor-widget-heading\" data-id=\"37b3e22\" data-element_type=\"widget\" data-widget_type=\"heading.default\">\n\t\t\t\t<div class=\"elementor-widget-container\">\n\t\t\t\t\t<h2 class=\"elementor-heading-title elementor-size-default\">Tamamlanan Projeler<\/h2>\t\t\t\t<\/div>\n\t\t\t\t<\/div>\n\t\t\t\t<div class=\"elementor-element elementor-element-572a943 elementor-widget elementor-widget-text-editor\" data-id=\"572a943\" data-element_type=\"widget\" data-widget_type=\"text-editor.default\">\n\t\t\t\t<div class=\"elementor-widget-container\">\n\t\t\t\t\t\t\t\t\t<p>Ana Sayfa \u2192 KIRIKKALE \u0130L JANDARMA KOMUTANLI\u011eI<\/p>\t\t\t\t\t\t\t\t<\/div>\n\t\t\t\t<\/div>\n\t\t\t\t\t<\/div>\n\t\t<\/div>\n\t\t\t\t\t<\/div>\n\t\t<\/section>\n\t\t\t\t<section class=\"elementor-section elementor-top-section elementor-element elementor-element-c37d6c1 elementor-section-boxed elementor-section-height-default elementor-section-height-default\" data-id=\"c37d6c1\" data-element_type=\"section\">\n\t\t\t\t\t\t<div class=\"elementor-container elementor-column-gap-default\">\n\t\t\t\t\t<div class=\"elementor-column elementor-col-100 elementor-top-column elementor-element elementor-element-476b03a\" data-id=\"476b03a\" data-element_type=\"column\">\n\t\t\t<div class=\"elementor-widget-wrap elementor-element-populated\">\n\t\t\t\t\t\t<div class=\"elementor-element elementor-element-1014412 elementor-widget elementor-widget-heading\" data-id=\"1014412\" data-element_type=\"widget\" data-widget_type=\"heading.default\">\n\t\t\t\t<div class=\"elementor-widget-container\">\n\t\t\t\t\t<h2 class=\"elementor-heading-title elementor-size-default\">K\u0131r\u0131kkale \u0130l Jandarma Komutanl\u0131\u011f\u0131 (\u0130nce i\u015fler yap\u0131m i\u015fi) - Yah\u015fihan \/ K\u0131r\u0131kkale, in\u015faat yap\u0131m\u0131.\nProje ba\u015flama tarihi: 01.06.2023 - Proje biti\u015f tarihi: 20.03.2025\n<\/h2>\t\t\t\t<\/div>\n\t\t\t\t<\/div>\n\t\t\t\t\t<\/div>\n\t\t<\/div>\n\t\t\t\t\t<\/div>\n\t\t<\/section>\n\t\t\t\t<section class=\"elementor-section elementor-top-section elementor-element elementor-element-85adf14 elementor-section-boxed elementor-section-height-default elementor-section-height-default\" data-id=\"85adf14\" data-element_type=\"section\">\n\t\t\t\t\t\t<div class=\"elementor-container elementor-column-gap-default\">\n\t\t\t\t\t<div class=\"elementor-column elementor-col-100 elementor-top-column elementor-element elementor-element-917488f\" data-id=\"917488f\" data-element_type=\"column\">\n\t\t\t<div class=\"elementor-widget-wrap elementor-element-populated\">\n\t\t\t\t\t\t<div class=\"elementor-element elementor-element-179d080 gallery-spacing-custom elementor-widget elementor-widget-image-gallery\" data-id=\"179d080\" data-element_type=\"widget\" data-widget_type=\"image-gallery.default\">\n\t\t\t\t<div class=\"elementor-widget-container\">\n\t\t\t\t\t\t\t<div class=\"elementor-image-gallery\">\n\t\t\t<div id='gallery-1' class='gallery galleryid-290 gallery-columns-3 gallery-size-full'><figure class='gallery-item'>\n\t\t\t<div class='gallery-icon landscape'>\n\t\t\t\t<a data-elementor-open-lightbox=\"yes\" data-elementor-lightbox-slideshow=\"179d080\" data-e-action-hash=\"#elementor-action%3Aaction%3Dlightbox%26settings%3DeyJpZCI6MjMzLCJ1cmwiOiJodHRwczpcL1wvZGUtY28uY29tLnRyXC93cC1jb250ZW50XC91cGxvYWRzXC8yMDI1XC8wNFwvNGI1MzM3NjgtZWU4Mi00ZmIwLWJlYjAtNmZiOWNkOWVmY2E2LTEuanBnIiwic2xpZGVzaG93IjoiMTc5ZDA4MCJ9\" href='https:\/\/de-co.com.tr\/wp-content\/uploads\/2025\/04\/4b533768-ee82-4fb0-beb0-6fb9cd9efca6-1.jpg'><img fetchpriority=\"high\" decoding=\"async\" width=\"1600\" height=\"1200\" src=\"https:\/\/de-co.com.tr\/wp-content\/uploads\/2025\/04\/4b533768-ee82-4fb0-beb0-6fb9cd9efca6-1.jpg\" class=\"attachment-full size-full\" alt=\"\" srcset=\"https:\/\/de-co.com.tr\/wp-content\/uploads\/2025\/04\/4b533768-ee82-4fb0-beb0-6fb9cd9efca6-1.jpg 1600w, https:\/\/de-co.com.tr\/wp-content\/uploads\/2025\/04\/4b533768-ee82-4fb0-beb0-6fb9cd9efca6-1-300x225.jpg 300w, https:\/\/de-co.com.tr\/wp-content\/uploads\/2025\/04\/4b533768-ee82-4fb0-beb0-6fb9cd9efca6-1-1024x768.jpg 1024w, https:\/\/de-co.com.tr\/wp-content\/uploads\/2025\/04\/4b533768-ee82-4fb0-beb0-6fb9cd9efca6-1-768x576.jpg 768w, https:\/\/de-co.com.tr\/wp-content\/uploads\/2025\/04\/4b533768-ee82-4fb0-beb0-6fb9cd9efca6-1-1536x1152.jpg 1536w\" sizes=\"(max-width: 1600px) 100vw, 1600px\" \/><\/a>\n\t\t\t<\/div><\/figure><figure class='gallery-item'>\n\t\t\t<div class='gallery-icon landscape'>\n\t\t\t\t<a data-elementor-open-lightbox=\"yes\" data-elementor-lightbox-slideshow=\"179d080\" data-e-action-hash=\"#elementor-action%3Aaction%3Dlightbox%26settings%3DeyJpZCI6MjM0LCJ1cmwiOiJodHRwczpcL1wvZGUtY28uY29tLnRyXC93cC1jb250ZW50XC91cGxvYWRzXC8yMDI1XC8wNFwvNTYxMDA5YjYtZWNhOS00ZmI0LThmZTctMjc4ZTNhMjE0NjgwLTEuanBnIiwic2xpZGVzaG93IjoiMTc5ZDA4MCJ9\" data-elementor-lightbox-title=\"561009b6-eca9-4fb4-8fe7-278e3a214680\" href='https:\/\/de-co.com.tr\/wp-content\/uploads\/2025\/04\/561009b6-eca9-4fb4-8fe7-278e3a214680-1.jpg'><img decoding=\"async\" width=\"1600\" height=\"1200\" src=\"https:\/\/de-co.com.tr\/wp-content\/uploads\/2025\/04\/561009b6-eca9-4fb4-8fe7-278e3a214680-1.jpg\" class=\"attachment-full size-full\" alt=\"\" srcset=\"https:\/\/de-co.com.tr\/wp-content\/uploads\/2025\/04\/561009b6-eca9-4fb4-8fe7-278e3a214680-1.jpg 1600w, https:\/\/de-co.com.tr\/wp-content\/uploads\/2025\/04\/561009b6-eca9-4fb4-8fe7-278e3a214680-1-300x225.jpg 300w, https:\/\/de-co.com.tr\/wp-content\/uploads\/2025\/04\/561009b6-eca9-4fb4-8fe7-278e3a214680-1-1024x768.jpg 1024w, https:\/\/de-co.com.tr\/wp-content\/uploads\/2025\/04\/561009b6-eca9-4fb4-8fe7-278e3a214680-1-768x576.jpg 768w, https:\/\/de-co.com.tr\/wp-content\/uploads\/2025\/04\/561009b6-eca9-4fb4-8fe7-278e3a214680-1-1536x1152.jpg 1536w\" sizes=\"(max-width: 1600px) 100vw, 1600px\" \/><\/a>\n\t\t\t<\/div><\/figure><figure class='gallery-item'>\n\t\t\t<div class='gallery-icon landscape'>\n\t\t\t\t<a data-elementor-open-lightbox=\"yes\" data-elementor-lightbox-slideshow=\"179d080\" data-e-action-hash=\"#elementor-action%3Aaction%3Dlightbox%26settings%3DeyJpZCI6MjM1LCJ1cmwiOiJodHRwczpcL1wvZGUtY28uY29tLnRyXC93cC1jb250ZW50XC91cGxvYWRzXC8yMDI1XC8wNFwvYzk3NjIwMTgtM2E2MC00MTYwLThhOTEtMTNlZDA4YWEyZjJlLTEuanBnIiwic2xpZGVzaG93IjoiMTc5ZDA4MCJ9\" data-elementor-lightbox-title=\"561009b6-eca9-4fb4-8fe7-278e3a214680\" href='https:\/\/de-co.com.tr\/wp-content\/uploads\/2025\/04\/c9762018-3a60-4160-8a91-13ed08aa2f2e-1.jpg'><img decoding=\"async\" width=\"1600\" height=\"1200\" src=\"https:\/\/de-co.com.tr\/wp-content\/uploads\/2025\/04\/c9762018-3a60-4160-8a91-13ed08aa2f2e-1.jpg\" class=\"attachment-full size-full\" alt=\"\" srcset=\"https:\/\/de-co.com.tr\/wp-content\/uploads\/2025\/04\/c9762018-3a60-4160-8a91-13ed08aa2f2e-1.jpg 1600w, https:\/\/de-co.com.tr\/wp-content\/uploads\/2025\/04\/c9762018-3a60-4160-8a91-13ed08aa2f2e-1-300x225.jpg 300w, https:\/\/de-co.com.tr\/wp-content\/uploads\/2025\/04\/c9762018-3a60-4160-8a91-13ed08aa2f2e-1-1024x768.jpg 1024w, https:\/\/de-co.com.tr\/wp-content\/uploads\/2025\/04\/c9762018-3a60-4160-8a91-13ed08aa2f2e-1-768x576.jpg 768w, https:\/\/de-co.com.tr\/wp-content\/uploads\/2025\/04\/c9762018-3a60-4160-8a91-13ed08aa2f2e-1-1536x1152.jpg 1536w\" sizes=\"(max-width: 1600px) 100vw, 1600px\" \/><\/a>\n\t\t\t<\/div><\/figure><figure class='gallery-item'>\n\t\t\t<div class='gallery-icon landscape'>\n\t\t\t\t<a data-elementor-open-lightbox=\"yes\" data-elementor-lightbox-slideshow=\"179d080\" data-e-action-hash=\"#elementor-action%3Aaction%3Dlightbox%26settings%3DeyJpZCI6MjM2LCJ1cmwiOiJodHRwczpcL1wvZGUtY28uY29tLnRyXC93cC1jb250ZW50XC91cGxvYWRzXC8yMDI1XC8wNFwvZWM2ZDViYzYtZGJiZC00ZmIwLWFhMjItYTNhYzVlMjQ1ZjQ5LTEuanBnIiwic2xpZGVzaG93IjoiMTc5ZDA4MCJ9\" data-elementor-lightbox-title=\"561009b6-eca9-4fb4-8fe7-278e3a214680\" href='https:\/\/de-co.com.tr\/wp-content\/uploads\/2025\/04\/ec6d5bc6-dbbd-4fb0-aa22-a3ac5e245f49-1.jpg'><img loading=\"lazy\" decoding=\"async\" width=\"1600\" height=\"1200\" src=\"https:\/\/de-co.com.tr\/wp-content\/uploads\/2025\/04\/ec6d5bc6-dbbd-4fb0-aa22-a3ac5e245f49-1.jpg\" class=\"attachment-full size-full\" alt=\"\" srcset=\"https:\/\/de-co.com.tr\/wp-content\/uploads\/2025\/04\/ec6d5bc6-dbbd-4fb0-aa22-a3ac5e245f49-1.jpg 1600w, https:\/\/de-co.com.tr\/wp-content\/uploads\/2025\/04\/ec6d5bc6-dbbd-4fb0-aa22-a3ac5e245f49-1-300x225.jpg 300w, https:\/\/de-co.com.tr\/wp-content\/uploads\/2025\/04\/ec6d5bc6-dbbd-4fb0-aa22-a3ac5e245f49-1-1024x768.jpg 1024w, https:\/\/de-co.com.tr\/wp-content\/uploads\/2025\/04\/ec6d5bc6-dbbd-4fb0-aa22-a3ac5e245f49-1-768x576.jpg 768w, https:\/\/de-co.com.tr\/wp-content\/uploads\/2025\/04\/ec6d5bc6-dbbd-4fb0-aa22-a3ac5e245f49-1-1536x1152.jpg 1536w\" sizes=\"(max-width: 1600px) 100vw, 1600px\" \/><\/a>\n\t\t\t<\/div><\/figure><figure class='gallery-item'>\n\t\t\t<div class='gallery-icon landscape'>\n\t\t\t\t<a data-elementor-open-lightbox=\"yes\" data-elementor-lightbox-slideshow=\"179d080\" data-e-action-hash=\"#elementor-action%3Aaction%3Dlightbox%26settings%3DeyJpZCI6MjM3LCJ1cmwiOiJodHRwczpcL1wvZGUtY28uY29tLnRyXC93cC1jb250ZW50XC91cGxvYWRzXC8yMDI1XC8wNFwvZmFlMjNkMDktZGJhZS00MDUwLTlkZTQtZWRhNDZlMGM0Y2M0LTEuanBnIiwic2xpZGVzaG93IjoiMTc5ZDA4MCJ9\" data-elementor-lightbox-title=\"561009b6-eca9-4fb4-8fe7-278e3a214680\" href='https:\/\/de-co.com.tr\/wp-content\/uploads\/2025\/04\/fae23d09-dbae-4050-9de4-eda46e0c4cc4-1.jpg'><img loading=\"lazy\" decoding=\"async\" width=\"1600\" height=\"1200\" src=\"https:\/\/de-co.com.tr\/wp-content\/uploads\/2025\/04\/fae23d09-dbae-4050-9de4-eda46e0c4cc4-1.jpg\" class=\"attachment-full size-full\" alt=\"\" srcset=\"https:\/\/de-co.com.tr\/wp-content\/uploads\/2025\/04\/fae23d09-dbae-4050-9de4-eda46e0c4cc4-1.jpg 1600w, https:\/\/de-co.com.tr\/wp-content\/uploads\/2025\/04\/fae23d09-dbae-4050-9de4-eda46e0c4cc4-1-300x225.jpg 300w, https:\/\/de-co.com.tr\/wp-content\/uploads\/2025\/04\/fae23d09-dbae-4050-9de4-eda46e0c4cc4-1-1024x768.jpg 1024w, https:\/\/de-co.com.tr\/wp-content\/uploads\/2025\/04\/fae23d09-dbae-4050-9de4-eda46e0c4cc4-1-768x576.jpg 768w, https:\/\/de-co.com.tr\/wp-content\/uploads\/2025\/04\/fae23d09-dbae-4050-9de4-eda46e0c4cc4-1-1536x1152.jpg 1536w\" sizes=\"(max-width: 1600px) 100vw, 1600px\" \/><\/a>\n\t\t\t<\/div><\/figure>\n\t\t<\/div>\n\t\t<\/div>\n\t\t\t\t\t\t<\/div>\n\t\t\t\t<\/div>\n\t\t\t\t\t<\/div>\n\t\t<\/div>\n\t\t\t\t\t<\/div>\n\t\t<\/section>\n\t\t\t\t<\/div>\n\t\t","protected":false},"excerpt":{"rendered":"<p>Tamamlanan Projeler Ana Sayfa \u2192 KIRIKKALE \u0130L JANDARMA KOMUTANLI\u011eI K\u0131r\u0131kkale \u0130l Jandarma Komutanl\u0131\u011f\u0131 (\u0130nce i\u015fler yap\u0131m i\u015fi) &#8211; Yah\u015fihan \/ [&hellip;]<\/p>\n","protected":false},"author":1,"featured_media":0,"parent":0,"menu_order":0,"comment_status":"closed","ping_status":"closed","template":"elementor_header_footer","meta":{"site-sidebar-layout":"no-sidebar","site-content-layout":"","ast-site-content-layout":"full-width-container","site-content-style":"default","site-sidebar-style":"default","ast-global-header-display":"","ast-banner-title-visibility":"","ast-main-header-display":"","ast-hfb-above-header-display":"","ast-hfb-below-header-display":"","ast-hfb-mobile-header-display":"","site-post-title":"disabled","ast-breadcrumbs-content":"","ast-featured-img":"disabled","footer-sml-layout":"","theme-transparent-header-meta":"","adv-header-id-meta":"","stick-header-meta":"","header-above-stick-meta":"","header-main-stick-meta":"","header-below-stick-meta":"","astra-migrate-meta-layouts":"default","ast-page-background-enabled":"default","ast-page-background-meta":{"desktop":{"background-color":"var(--ast-global-color-5)","background-image":"","background-repeat":"repeat","background-position":"center center","background-size":"auto","background-attachment":"scroll","background-type":"","background-media":"","overlay-type":"","overlay-color":"","overlay-opacity":"","overlay-gradient":""},"tablet":{"background-color":"","background-image":"","background-repeat":"repeat","background-position":"center center","background-size":"auto","background-attachment":"scroll","background-type":"","background-media":"","overlay-type":"","overlay-color":"","overlay-opacity":"","overlay-gradient":""},"mobile":{"background-color":"","background-image":"","background-repeat":"repeat","background-position":"center center","background-size":"auto","background-attachment":"scroll","background-type":"","background-media":"","overlay-type":"","overlay-color":"","overlay-opacity":"","overlay-gradient":""}},"ast-content-background-meta":{"desktop":{"background-color":"var(--ast-global-color-4)","background-image":"","background-repeat":"repeat","background-position":"center center","background-size":"auto","background-attachment":"scroll","background-type":"","background-media":"","overlay-type":"","overlay-color":"","overlay-opacity":"","overlay-gradient":""},"tablet":{"background-color":"var(--ast-global-color-4)","background-image":"","background-repeat":"repeat","background-position":"center center","background-size":"auto","background-attachment":"scroll","background-type":"","background-media":"","overlay-type":"","overlay-color":"","overlay-opacity":"","overlay-gradient":""},"mobile":{"background-color":"var(--ast-global-color-4)","background-image":"","background-repeat":"repeat","background-position":"center center","background-size":"auto","background-attachment":"scroll","background-type":"","background-media":"","overlay-type":"","overlay-color":"","overlay-opacity":"","overlay-gradient":""}},"footnotes":""},"class_list":["post-290","page","type-page","status-publish","hentry"],"_links":{"self":[{"href":"https:\/\/de-co.com.tr\/index.php\/wp-json\/wp\/v2\/pages\/290","targetHints":{"allow":["GET"]}}],"collection":[{"href":"https:\/\/de-co.com.tr\/index.php\/wp-json\/wp\/v2\/pages"}],"about":[{"href":"https:\/\/de-co.com.tr\/index.php\/wp-json\/wp\/v2\/types\/page"}],"author":[{"embeddable":true,"href":"https:\/\/de-co.com.tr\/index.php\/wp-json\/wp\/v2\/users\/1"}],"replies":[{"embeddable":true,"href":"https:\/\/de-co.com.tr\/index.php\/wp-json\/wp\/v2\/comments?post=290"}],"version-history":[{"count":7,"href":"https:\/\/de-co.com.tr\/index.php\/wp-json\/wp\/v2\/pages\/290\/revisions"}],"predecessor-version":[{"id":416,"href":"https:\/\/de-co.com.tr\/index.php\/wp-json\/wp\/v2\/pages\/290\/revisions\/416"}],"wp:attachment":[{"href":"https:\/\/de-co.com.tr\/index.php\/wp-json\/wp\/v2\/media?parent=290"}],"curies":[{"name":"wp","href":"https:\/\/api.w.org\/{rel}","templated":true}]}}