{"id":284,"date":"2025-04-22T22:23:47","date_gmt":"2025-04-22T19:23:47","guid":{"rendered":"http:\/\/de-co.com.tr\/?page_id=284"},"modified":"2025-04-23T13:24:43","modified_gmt":"2025-04-23T10:24:43","slug":"man-fabrikasi","status":"publish","type":"page","link":"https:\/\/de-co.com.tr\/index.php\/man-fabrikasi\/","title":{"rendered":"MAN FABR\u0130KASI\u00a0"},"content":{"rendered":"\t\t<div data-elementor-type=\"wp-page\" data-elementor-id=\"284\" class=\"elementor elementor-284\">\n\t\t\t\t\t\t<section class=\"elementor-section elementor-top-section elementor-element elementor-element-71e164f elementor-section-boxed elementor-section-height-default elementor-section-height-default\" data-id=\"71e164f\" data-element_type=\"section\" data-settings=\"{&quot;background_background&quot;:&quot;classic&quot;}\">\n\t\t\t\t\t\t<div class=\"elementor-container elementor-column-gap-default\">\n\t\t\t\t\t<div class=\"elementor-column elementor-col-100 elementor-top-column elementor-element elementor-element-e1e7ac2\" data-id=\"e1e7ac2\" data-element_type=\"column\">\n\t\t\t<div class=\"elementor-widget-wrap elementor-element-populated\">\n\t\t\t\t\t\t<div class=\"elementor-element elementor-element-9cc4581 elementor-widget elementor-widget-spacer\" data-id=\"9cc4581\" data-element_type=\"widget\" data-widget_type=\"spacer.default\">\n\t\t\t\t<div class=\"elementor-widget-container\">\n\t\t\t\t\t\t\t<div class=\"elementor-spacer\">\n\t\t\t<div class=\"elementor-spacer-inner\"><\/div>\n\t\t<\/div>\n\t\t\t\t\t\t<\/div>\n\t\t\t\t<\/div>\n\t\t\t\t<div class=\"elementor-element elementor-element-39d43a8 elementor-widget elementor-widget-heading\" data-id=\"39d43a8\" data-element_type=\"widget\" data-widget_type=\"heading.default\">\n\t\t\t\t<div class=\"elementor-widget-container\">\n\t\t\t\t\t<h2 class=\"elementor-heading-title elementor-size-default\">Tamamlanan Projeler<\/h2>\t\t\t\t<\/div>\n\t\t\t\t<\/div>\n\t\t\t\t<div class=\"elementor-element elementor-element-b8b91a3 elementor-widget elementor-widget-text-editor\" data-id=\"b8b91a3\" data-element_type=\"widget\" data-widget_type=\"text-editor.default\">\n\t\t\t\t<div class=\"elementor-widget-container\">\n\t\t\t\t\t\t\t\t\t<p>Ana Sayfa \u2192MAN FABR\u0130KASI LABR. KABA \u0130\u015eLER ( KALIP VE DEM\u0130R)<\/p>\t\t\t\t\t\t\t\t<\/div>\n\t\t\t\t<\/div>\n\t\t\t\t\t<\/div>\n\t\t<\/div>\n\t\t\t\t\t<\/div>\n\t\t<\/section>\n\t\t\t\t<section class=\"elementor-section elementor-top-section elementor-element elementor-element-7d6ff8e elementor-section-boxed elementor-section-height-default elementor-section-height-default\" data-id=\"7d6ff8e\" data-element_type=\"section\">\n\t\t\t\t\t\t<div class=\"elementor-container elementor-column-gap-default\">\n\t\t\t\t\t<div class=\"elementor-column elementor-col-100 elementor-top-column elementor-element elementor-element-56286d6\" data-id=\"56286d6\" data-element_type=\"column\">\n\t\t\t<div class=\"elementor-widget-wrap elementor-element-populated\">\n\t\t\t\t\t\t<div class=\"elementor-element elementor-element-0fe5284 elementor-widget elementor-widget-heading\" data-id=\"0fe5284\" data-element_type=\"widget\" data-widget_type=\"heading.default\">\n\t\t\t\t<div class=\"elementor-widget-container\">\n\t\t\t\t\t<h2 class=\"elementor-heading-title elementor-size-default\">Man fabrikas\u0131 labr. kaba i\u015fler (Kal\u0131p ve demir) - \u00c7ubuk \/ Ankara, in\u015faat yap\u0131m\u0131.\nProje ba\u015flama tarihi: 10.01.2023 - Proje biti\u015f tarihi: 30.01.2024<\/h2>\t\t\t\t<\/div>\n\t\t\t\t<\/div>\n\t\t\t\t\t<\/div>\n\t\t<\/div>\n\t\t\t\t\t<\/div>\n\t\t<\/section>\n\t\t\t\t<section class=\"elementor-section elementor-top-section elementor-element elementor-element-22f5b20 elementor-section-boxed elementor-section-height-default elementor-section-height-default\" data-id=\"22f5b20\" data-element_type=\"section\">\n\t\t\t\t\t\t<div class=\"elementor-container elementor-column-gap-default\">\n\t\t\t\t\t<div class=\"elementor-column elementor-col-100 elementor-top-column elementor-element elementor-element-6d64977\" data-id=\"6d64977\" data-element_type=\"column\">\n\t\t\t<div class=\"elementor-widget-wrap elementor-element-populated\">\n\t\t\t\t\t\t<div class=\"elementor-element elementor-element-2317e2d gallery-spacing-custom elementor-widget elementor-widget-image-gallery\" data-id=\"2317e2d\" data-element_type=\"widget\" data-widget_type=\"image-gallery.default\">\n\t\t\t\t<div class=\"elementor-widget-container\">\n\t\t\t\t\t\t\t<div class=\"elementor-image-gallery\">\n\t\t\t<div id='gallery-1' class='gallery galleryid-284 gallery-columns-3 gallery-size-full'><figure class='gallery-item'>\n\t\t\t<div class='gallery-icon landscape'>\n\t\t\t\t<a data-elementor-open-lightbox=\"yes\" data-elementor-lightbox-slideshow=\"2317e2d\" data-e-action-hash=\"#elementor-action%3Aaction%3Dlightbox%26settings%3DeyJpZCI6MTk3LCJ1cmwiOiJodHRwczpcL1wvZGUtY28uY29tLnRyXC93cC1jb250ZW50XC91cGxvYWRzXC8yMDI1XC8wNFwvN2VlNTliNjktNmZiZC00ZjNlLWE2MmEtOTU1MzY4MWVlZWVhLmpwZyIsInNsaWRlc2hvdyI6IjIzMTdlMmQifQ%3D%3D\" href='https:\/\/de-co.com.tr\/wp-content\/uploads\/2025\/04\/7ee59b69-6fbd-4f3e-a62a-9553681eeeea.jpg'><img fetchpriority=\"high\" decoding=\"async\" width=\"1600\" height=\"1131\" src=\"https:\/\/de-co.com.tr\/wp-content\/uploads\/2025\/04\/7ee59b69-6fbd-4f3e-a62a-9553681eeeea.jpg\" class=\"attachment-full size-full\" alt=\"\" srcset=\"https:\/\/de-co.com.tr\/wp-content\/uploads\/2025\/04\/7ee59b69-6fbd-4f3e-a62a-9553681eeeea.jpg 1600w, https:\/\/de-co.com.tr\/wp-content\/uploads\/2025\/04\/7ee59b69-6fbd-4f3e-a62a-9553681eeeea-300x212.jpg 300w, https:\/\/de-co.com.tr\/wp-content\/uploads\/2025\/04\/7ee59b69-6fbd-4f3e-a62a-9553681eeeea-1024x724.jpg 1024w, https:\/\/de-co.com.tr\/wp-content\/uploads\/2025\/04\/7ee59b69-6fbd-4f3e-a62a-9553681eeeea-768x543.jpg 768w, https:\/\/de-co.com.tr\/wp-content\/uploads\/2025\/04\/7ee59b69-6fbd-4f3e-a62a-9553681eeeea-1536x1086.jpg 1536w\" sizes=\"(max-width: 1600px) 100vw, 1600px\" \/><\/a>\n\t\t\t<\/div><\/figure><figure class='gallery-item'>\n\t\t\t<div class='gallery-icon landscape'>\n\t\t\t\t<a data-elementor-open-lightbox=\"yes\" data-elementor-lightbox-slideshow=\"2317e2d\" data-e-action-hash=\"#elementor-action%3Aaction%3Dlightbox%26settings%3DeyJpZCI6MTk4LCJ1cmwiOiJodHRwczpcL1wvZGUtY28uY29tLnRyXC93cC1jb250ZW50XC91cGxvYWRzXC8yMDI1XC8wNFwvOWNmMTYyOTAtZGI1ZC00NjY0LWFmMDctNWFhMjg1YzljZDYwLmpwZyIsInNsaWRlc2hvdyI6IjIzMTdlMmQifQ%3D%3D\" href='https:\/\/de-co.com.tr\/wp-content\/uploads\/2025\/04\/9cf16290-db5d-4664-af07-5aa285c9cd60.jpg'><img decoding=\"async\" width=\"2048\" height=\"1536\" src=\"https:\/\/de-co.com.tr\/wp-content\/uploads\/2025\/04\/9cf16290-db5d-4664-af07-5aa285c9cd60.jpg\" class=\"attachment-full size-full\" alt=\"\" srcset=\"https:\/\/de-co.com.tr\/wp-content\/uploads\/2025\/04\/9cf16290-db5d-4664-af07-5aa285c9cd60.jpg 2048w, https:\/\/de-co.com.tr\/wp-content\/uploads\/2025\/04\/9cf16290-db5d-4664-af07-5aa285c9cd60-300x225.jpg 300w, https:\/\/de-co.com.tr\/wp-content\/uploads\/2025\/04\/9cf16290-db5d-4664-af07-5aa285c9cd60-1024x768.jpg 1024w, https:\/\/de-co.com.tr\/wp-content\/uploads\/2025\/04\/9cf16290-db5d-4664-af07-5aa285c9cd60-768x576.jpg 768w, https:\/\/de-co.com.tr\/wp-content\/uploads\/2025\/04\/9cf16290-db5d-4664-af07-5aa285c9cd60-1536x1152.jpg 1536w\" sizes=\"(max-width: 2048px) 100vw, 2048px\" \/><\/a>\n\t\t\t<\/div><\/figure><figure class='gallery-item'>\n\t\t\t<div class='gallery-icon landscape'>\n\t\t\t\t<a data-elementor-open-lightbox=\"yes\" data-elementor-lightbox-slideshow=\"2317e2d\" data-e-action-hash=\"#elementor-action%3Aaction%3Dlightbox%26settings%3DeyJpZCI6MTk5LCJ1cmwiOiJodHRwczpcL1wvZGUtY28uY29tLnRyXC93cC1jb250ZW50XC91cGxvYWRzXC8yMDI1XC8wNFwvNTllZWEyNjQtNjU3Yi00NDdhLTkwNzgtMWRjOWJjNDA0YjkyLmpwZyIsInNsaWRlc2hvdyI6IjIzMTdlMmQifQ%3D%3D\" href='https:\/\/de-co.com.tr\/wp-content\/uploads\/2025\/04\/59eea264-657b-447a-9078-1dc9bc404b92.jpg'><img decoding=\"async\" width=\"1600\" height=\"1131\" src=\"https:\/\/de-co.com.tr\/wp-content\/uploads\/2025\/04\/59eea264-657b-447a-9078-1dc9bc404b92.jpg\" class=\"attachment-full size-full\" alt=\"\" srcset=\"https:\/\/de-co.com.tr\/wp-content\/uploads\/2025\/04\/59eea264-657b-447a-9078-1dc9bc404b92.jpg 1600w, https:\/\/de-co.com.tr\/wp-content\/uploads\/2025\/04\/59eea264-657b-447a-9078-1dc9bc404b92-300x212.jpg 300w, https:\/\/de-co.com.tr\/wp-content\/uploads\/2025\/04\/59eea264-657b-447a-9078-1dc9bc404b92-1024x724.jpg 1024w, https:\/\/de-co.com.tr\/wp-content\/uploads\/2025\/04\/59eea264-657b-447a-9078-1dc9bc404b92-768x543.jpg 768w, https:\/\/de-co.com.tr\/wp-content\/uploads\/2025\/04\/59eea264-657b-447a-9078-1dc9bc404b92-1536x1086.jpg 1536w\" sizes=\"(max-width: 1600px) 100vw, 1600px\" \/><\/a>\n\t\t\t<\/div><\/figure><figure class='gallery-item'>\n\t\t\t<div class='gallery-icon landscape'>\n\t\t\t\t<a data-elementor-open-lightbox=\"yes\" data-elementor-lightbox-slideshow=\"2317e2d\" data-e-action-hash=\"#elementor-action%3Aaction%3Dlightbox%26settings%3DeyJpZCI6MjAwLCJ1cmwiOiJodHRwczpcL1wvZGUtY28uY29tLnRyXC93cC1jb250ZW50XC91cGxvYWRzXC8yMDI1XC8wNFwvODNjMGRkM2UtZDZjNS00ODg3LWFjMmUtNzVkNDQ5NmE0MzFiLmpwZyIsInNsaWRlc2hvdyI6IjIzMTdlMmQifQ%3D%3D\" href='https:\/\/de-co.com.tr\/wp-content\/uploads\/2025\/04\/83c0dd3e-d6c5-4887-ac2e-75d4496a431b.jpg'><img loading=\"lazy\" decoding=\"async\" width=\"1600\" height=\"1200\" src=\"https:\/\/de-co.com.tr\/wp-content\/uploads\/2025\/04\/83c0dd3e-d6c5-4887-ac2e-75d4496a431b.jpg\" class=\"attachment-full size-full\" alt=\"\" srcset=\"https:\/\/de-co.com.tr\/wp-content\/uploads\/2025\/04\/83c0dd3e-d6c5-4887-ac2e-75d4496a431b.jpg 1600w, https:\/\/de-co.com.tr\/wp-content\/uploads\/2025\/04\/83c0dd3e-d6c5-4887-ac2e-75d4496a431b-300x225.jpg 300w, https:\/\/de-co.com.tr\/wp-content\/uploads\/2025\/04\/83c0dd3e-d6c5-4887-ac2e-75d4496a431b-1024x768.jpg 1024w, https:\/\/de-co.com.tr\/wp-content\/uploads\/2025\/04\/83c0dd3e-d6c5-4887-ac2e-75d4496a431b-768x576.jpg 768w, https:\/\/de-co.com.tr\/wp-content\/uploads\/2025\/04\/83c0dd3e-d6c5-4887-ac2e-75d4496a431b-1536x1152.jpg 1536w\" sizes=\"(max-width: 1600px) 100vw, 1600px\" \/><\/a>\n\t\t\t<\/div><\/figure><figure class='gallery-item'>\n\t\t\t<div class='gallery-icon landscape'>\n\t\t\t\t<a data-elementor-open-lightbox=\"yes\" data-elementor-lightbox-slideshow=\"2317e2d\" data-e-action-hash=\"#elementor-action%3Aaction%3Dlightbox%26settings%3DeyJpZCI6MjAxLCJ1cmwiOiJodHRwczpcL1wvZGUtY28uY29tLnRyXC93cC1jb250ZW50XC91cGxvYWRzXC8yMDI1XC8wNFwvMTcwZWM5MTctZGVhZC00ZGExLTg0N2YtYTI4NjhiNmQyYzQyLmpwZyIsInNsaWRlc2hvdyI6IjIzMTdlMmQifQ%3D%3D\" href='https:\/\/de-co.com.tr\/wp-content\/uploads\/2025\/04\/170ec917-dead-4da1-847f-a2868b6d2c42.jpg'><img loading=\"lazy\" decoding=\"async\" width=\"2048\" height=\"1536\" src=\"https:\/\/de-co.com.tr\/wp-content\/uploads\/2025\/04\/170ec917-dead-4da1-847f-a2868b6d2c42.jpg\" class=\"attachment-full size-full\" alt=\"\" srcset=\"https:\/\/de-co.com.tr\/wp-content\/uploads\/2025\/04\/170ec917-dead-4da1-847f-a2868b6d2c42.jpg 2048w, https:\/\/de-co.com.tr\/wp-content\/uploads\/2025\/04\/170ec917-dead-4da1-847f-a2868b6d2c42-300x225.jpg 300w, https:\/\/de-co.com.tr\/wp-content\/uploads\/2025\/04\/170ec917-dead-4da1-847f-a2868b6d2c42-1024x768.jpg 1024w, https:\/\/de-co.com.tr\/wp-content\/uploads\/2025\/04\/170ec917-dead-4da1-847f-a2868b6d2c42-768x576.jpg 768w, https:\/\/de-co.com.tr\/wp-content\/uploads\/2025\/04\/170ec917-dead-4da1-847f-a2868b6d2c42-1536x1152.jpg 1536w\" sizes=\"(max-width: 2048px) 100vw, 2048px\" \/><\/a>\n\t\t\t<\/div><\/figure><figure class='gallery-item'>\n\t\t\t<div class='gallery-icon landscape'>\n\t\t\t\t<a data-elementor-open-lightbox=\"yes\" data-elementor-lightbox-slideshow=\"2317e2d\" data-e-action-hash=\"#elementor-action%3Aaction%3Dlightbox%26settings%3DeyJpZCI6MjAyLCJ1cmwiOiJodHRwczpcL1wvZGUtY28uY29tLnRyXC93cC1jb250ZW50XC91cGxvYWRzXC8yMDI1XC8wNFwvYjZiNDU3YjEtM2Y5YS00NDQwLTkwMjctM2E5NDJiYWZlNjdjLmpwZyIsInNsaWRlc2hvdyI6IjIzMTdlMmQifQ%3D%3D\" href='https:\/\/de-co.com.tr\/wp-content\/uploads\/2025\/04\/b6b457b1-3f9a-4440-9027-3a942bafe67c.jpg'><img loading=\"lazy\" decoding=\"async\" width=\"2048\" height=\"1536\" src=\"https:\/\/de-co.com.tr\/wp-content\/uploads\/2025\/04\/b6b457b1-3f9a-4440-9027-3a942bafe67c.jpg\" class=\"attachment-full size-full\" alt=\"\" srcset=\"https:\/\/de-co.com.tr\/wp-content\/uploads\/2025\/04\/b6b457b1-3f9a-4440-9027-3a942bafe67c.jpg 2048w, https:\/\/de-co.com.tr\/wp-content\/uploads\/2025\/04\/b6b457b1-3f9a-4440-9027-3a942bafe67c-300x225.jpg 300w, https:\/\/de-co.com.tr\/wp-content\/uploads\/2025\/04\/b6b457b1-3f9a-4440-9027-3a942bafe67c-1024x768.jpg 1024w, https:\/\/de-co.com.tr\/wp-content\/uploads\/2025\/04\/b6b457b1-3f9a-4440-9027-3a942bafe67c-768x576.jpg 768w, https:\/\/de-co.com.tr\/wp-content\/uploads\/2025\/04\/b6b457b1-3f9a-4440-9027-3a942bafe67c-1536x1152.jpg 1536w\" sizes=\"(max-width: 2048px) 100vw, 2048px\" \/><\/a>\n\t\t\t<\/div><\/figure><figure class='gallery-item'>\n\t\t\t<div class='gallery-icon landscape'>\n\t\t\t\t<a data-elementor-open-lightbox=\"yes\" data-elementor-lightbox-slideshow=\"2317e2d\" data-e-action-hash=\"#elementor-action%3Aaction%3Dlightbox%26settings%3DeyJpZCI6MjAzLCJ1cmwiOiJodHRwczpcL1wvZGUtY28uY29tLnRyXC93cC1jb250ZW50XC91cGxvYWRzXC8yMDI1XC8wNFwvZjZmZmI5ZTYtZDBjZC00NDY5LWI0ZTAtNzNkZDZhN2IyZTc4LmpwZyIsInNsaWRlc2hvdyI6IjIzMTdlMmQifQ%3D%3D\" href='https:\/\/de-co.com.tr\/wp-content\/uploads\/2025\/04\/f6ffb9e6-d0cd-4469-b4e0-73dd6a7b2e78.jpg'><img loading=\"lazy\" decoding=\"async\" width=\"1600\" height=\"1131\" src=\"https:\/\/de-co.com.tr\/wp-content\/uploads\/2025\/04\/f6ffb9e6-d0cd-4469-b4e0-73dd6a7b2e78.jpg\" class=\"attachment-full size-full\" alt=\"\" srcset=\"https:\/\/de-co.com.tr\/wp-content\/uploads\/2025\/04\/f6ffb9e6-d0cd-4469-b4e0-73dd6a7b2e78.jpg 1600w, https:\/\/de-co.com.tr\/wp-content\/uploads\/2025\/04\/f6ffb9e6-d0cd-4469-b4e0-73dd6a7b2e78-300x212.jpg 300w, https:\/\/de-co.com.tr\/wp-content\/uploads\/2025\/04\/f6ffb9e6-d0cd-4469-b4e0-73dd6a7b2e78-1024x724.jpg 1024w, https:\/\/de-co.com.tr\/wp-content\/uploads\/2025\/04\/f6ffb9e6-d0cd-4469-b4e0-73dd6a7b2e78-768x543.jpg 768w, https:\/\/de-co.com.tr\/wp-content\/uploads\/2025\/04\/f6ffb9e6-d0cd-4469-b4e0-73dd6a7b2e78-1536x1086.jpg 1536w\" sizes=\"(max-width: 1600px) 100vw, 1600px\" \/><\/a>\n\t\t\t<\/div><\/figure><figure class='gallery-item'>\n\t\t\t<div class='gallery-icon landscape'>\n\t\t\t\t<a data-elementor-open-lightbox=\"yes\" data-elementor-lightbox-slideshow=\"2317e2d\" data-e-action-hash=\"#elementor-action%3Aaction%3Dlightbox%26settings%3DeyJpZCI6MTk2LCJ1cmwiOiJodHRwczpcL1wvZGUtY28uY29tLnRyXC93cC1jb250ZW50XC91cGxvYWRzXC8yMDI1XC8wNFwvNWRhMGU4YzUtOGMwMy00YzkwLWE1MTAtNjBlNTI1OTBjODE3LmpwZyIsInNsaWRlc2hvdyI6IjIzMTdlMmQifQ%3D%3D\" href='https:\/\/de-co.com.tr\/wp-content\/uploads\/2025\/04\/5da0e8c5-8c03-4c90-a510-60e52590c817.jpg'><img loading=\"lazy\" decoding=\"async\" width=\"2048\" height=\"1536\" src=\"https:\/\/de-co.com.tr\/wp-content\/uploads\/2025\/04\/5da0e8c5-8c03-4c90-a510-60e52590c817.jpg\" class=\"attachment-full size-full\" alt=\"\" srcset=\"https:\/\/de-co.com.tr\/wp-content\/uploads\/2025\/04\/5da0e8c5-8c03-4c90-a510-60e52590c817.jpg 2048w, https:\/\/de-co.com.tr\/wp-content\/uploads\/2025\/04\/5da0e8c5-8c03-4c90-a510-60e52590c817-300x225.jpg 300w, https:\/\/de-co.com.tr\/wp-content\/uploads\/2025\/04\/5da0e8c5-8c03-4c90-a510-60e52590c817-1024x768.jpg 1024w, https:\/\/de-co.com.tr\/wp-content\/uploads\/2025\/04\/5da0e8c5-8c03-4c90-a510-60e52590c817-768x576.jpg 768w, https:\/\/de-co.com.tr\/wp-content\/uploads\/2025\/04\/5da0e8c5-8c03-4c90-a510-60e52590c817-1536x1152.jpg 1536w\" sizes=\"(max-width: 2048px) 100vw, 2048px\" \/><\/a>\n\t\t\t<\/div><\/figure>\n\t\t<\/div>\n\t\t<\/div>\n\t\t\t\t\t\t<\/div>\n\t\t\t\t<\/div>\n\t\t\t\t\t<\/div>\n\t\t<\/div>\n\t\t\t\t\t<\/div>\n\t\t<\/section>\n\t\t\t\t<\/div>\n\t\t","protected":false},"excerpt":{"rendered":"<p>Tamamlanan Projeler Ana Sayfa \u2192MAN FABR\u0130KASI LABR. KABA \u0130\u015eLER ( KALIP VE DEM\u0130R) Man fabrikas\u0131 labr. kaba i\u015fler (Kal\u0131p ve [&hellip;]<\/p>\n","protected":false},"author":1,"featured_media":0,"parent":0,"menu_order":0,"comment_status":"closed","ping_status":"closed","template":"elementor_header_footer","meta":{"site-sidebar-layout":"no-sidebar","site-content-layout":"","ast-site-content-layout":"full-width-container","site-content-style":"default","site-sidebar-style":"default","ast-global-header-display":"","ast-banner-title-visibility":"","ast-main-header-display":"","ast-hfb-above-header-display":"","ast-hfb-below-header-display":"","ast-hfb-mobile-header-display":"","site-post-title":"disabled","ast-breadcrumbs-content":"","ast-featured-img":"disabled","footer-sml-layout":"","theme-transparent-header-meta":"","adv-header-id-meta":"","stick-header-meta":"","header-above-stick-meta":"","header-main-stick-meta":"","header-below-stick-meta":"","astra-migrate-meta-layouts":"default","ast-page-background-enabled":"default","ast-page-background-meta":{"desktop":{"background-color":"var(--ast-global-color-5)","background-image":"","background-repeat":"repeat","background-position":"center center","background-size":"auto","background-attachment":"scroll","background-type":"","background-media":"","overlay-type":"","overlay-color":"","overlay-opacity":"","overlay-gradient":""},"tablet":{"background-color":"","background-image":"","background-repeat":"repeat","background-position":"center center","background-size":"auto","background-attachment":"scroll","background-type":"","background-media":"","overlay-type":"","overlay-color":"","overlay-opacity":"","overlay-gradient":""},"mobile":{"background-color":"","background-image":"","background-repeat":"repeat","background-position":"center center","background-size":"auto","background-attachment":"scroll","background-type":"","background-media":"","overlay-type":"","overlay-color":"","overlay-opacity":"","overlay-gradient":""}},"ast-content-background-meta":{"desktop":{"background-color":"var(--ast-global-color-4)","background-image":"","background-repeat":"repeat","background-position":"center center","background-size":"auto","background-attachment":"scroll","background-type":"","background-media":"","overlay-type":"","overlay-color":"","overlay-opacity":"","overlay-gradient":""},"tablet":{"background-color":"var(--ast-global-color-4)","background-image":"","background-repeat":"repeat","background-position":"center center","background-size":"auto","background-attachment":"scroll","background-type":"","background-media":"","overlay-type":"","overlay-color":"","overlay-opacity":"","overlay-gradient":""},"mobile":{"background-color":"var(--ast-global-color-4)","background-image":"","background-repeat":"repeat","background-position":"center center","background-size":"auto","background-attachment":"scroll","background-type":"","background-media":"","overlay-type":"","overlay-color":"","overlay-opacity":"","overlay-gradient":""}},"footnotes":""},"class_list":["post-284","page","type-page","status-publish","hentry"],"_links":{"self":[{"href":"https:\/\/de-co.com.tr\/index.php\/wp-json\/wp\/v2\/pages\/284","targetHints":{"allow":["GET"]}}],"collection":[{"href":"https:\/\/de-co.com.tr\/index.php\/wp-json\/wp\/v2\/pages"}],"about":[{"href":"https:\/\/de-co.com.tr\/index.php\/wp-json\/wp\/v2\/types\/page"}],"author":[{"embeddable":true,"href":"https:\/\/de-co.com.tr\/index.php\/wp-json\/wp\/v2\/users\/1"}],"replies":[{"embeddable":true,"href":"https:\/\/de-co.com.tr\/index.php\/wp-json\/wp\/v2\/comments?post=284"}],"version-history":[{"count":7,"href":"https:\/\/de-co.com.tr\/index.php\/wp-json\/wp\/v2\/pages\/284\/revisions"}],"predecessor-version":[{"id":404,"href":"https:\/\/de-co.com.tr\/index.php\/wp-json\/wp\/v2\/pages\/284\/revisions\/404"}],"wp:attachment":[{"href":"https:\/\/de-co.com.tr\/index.php\/wp-json\/wp\/v2\/media?parent=284"}],"curies":[{"name":"wp","href":"https:\/\/api.w.org\/{rel}","templated":true}]}}