{"id":279,"date":"2025-04-22T22:21:42","date_gmt":"2025-04-22T19:21:42","guid":{"rendered":"http:\/\/de-co.com.tr\/?page_id=279"},"modified":"2025-04-23T13:25:14","modified_gmt":"2025-04-23T10:25:14","slug":"incek-8-villa","status":"publish","type":"page","link":"https:\/\/de-co.com.tr\/index.php\/incek-8-villa\/","title":{"rendered":"\u0130NCEK 8 V\u0130LLA"},"content":{"rendered":"\t\t<div data-elementor-type=\"wp-page\" data-elementor-id=\"279\" class=\"elementor elementor-279\">\n\t\t\t\t\t\t<section class=\"elementor-section elementor-top-section elementor-element elementor-element-925e926 elementor-section-boxed elementor-section-height-default elementor-section-height-default\" data-id=\"925e926\" data-element_type=\"section\" data-settings=\"{&quot;background_background&quot;:&quot;classic&quot;}\">\n\t\t\t\t\t\t<div class=\"elementor-container elementor-column-gap-default\">\n\t\t\t\t\t<div class=\"elementor-column elementor-col-100 elementor-top-column elementor-element elementor-element-4850f86\" data-id=\"4850f86\" data-element_type=\"column\">\n\t\t\t<div class=\"elementor-widget-wrap elementor-element-populated\">\n\t\t\t\t\t\t<div class=\"elementor-element elementor-element-e793627 elementor-widget elementor-widget-spacer\" data-id=\"e793627\" data-element_type=\"widget\" data-widget_type=\"spacer.default\">\n\t\t\t\t<div class=\"elementor-widget-container\">\n\t\t\t\t\t\t\t<div class=\"elementor-spacer\">\n\t\t\t<div class=\"elementor-spacer-inner\"><\/div>\n\t\t<\/div>\n\t\t\t\t\t\t<\/div>\n\t\t\t\t<\/div>\n\t\t\t\t<div class=\"elementor-element elementor-element-99e8606 elementor-widget elementor-widget-heading\" data-id=\"99e8606\" data-element_type=\"widget\" data-widget_type=\"heading.default\">\n\t\t\t\t<div class=\"elementor-widget-container\">\n\t\t\t\t\t<h2 class=\"elementor-heading-title elementor-size-default\">Tamamlanan Projeler<\/h2>\t\t\t\t<\/div>\n\t\t\t\t<\/div>\n\t\t\t\t<div class=\"elementor-element elementor-element-0dd53ae elementor-widget elementor-widget-text-editor\" data-id=\"0dd53ae\" data-element_type=\"widget\" data-widget_type=\"text-editor.default\">\n\t\t\t\t<div class=\"elementor-widget-container\">\n\t\t\t\t\t\t\t\t\t<p>Ana Sayfa \u2192 \u0130NCEK 8 V\u0130LLA KABA \u0130NCE \u0130\u015eLER\u0130<\/p>\t\t\t\t\t\t\t\t<\/div>\n\t\t\t\t<\/div>\n\t\t\t\t\t<\/div>\n\t\t<\/div>\n\t\t\t\t\t<\/div>\n\t\t<\/section>\n\t\t\t\t<section class=\"elementor-section elementor-top-section elementor-element elementor-element-c0fb622 elementor-section-boxed elementor-section-height-default elementor-section-height-default\" data-id=\"c0fb622\" data-element_type=\"section\">\n\t\t\t\t\t\t<div class=\"elementor-container elementor-column-gap-default\">\n\t\t\t\t\t<div class=\"elementor-column elementor-col-100 elementor-top-column elementor-element elementor-element-0442a0f\" data-id=\"0442a0f\" data-element_type=\"column\">\n\t\t\t<div class=\"elementor-widget-wrap elementor-element-populated\">\n\t\t\t\t\t\t<div class=\"elementor-element elementor-element-5ed1033 elementor-widget elementor-widget-heading\" data-id=\"5ed1033\" data-element_type=\"widget\" data-widget_type=\"heading.default\">\n\t\t\t\t<div class=\"elementor-widget-container\">\n\t\t\t\t\t<h2 class=\"elementor-heading-title elementor-size-default\">\u0130ncek 8 villa kaba ince i\u015fleri (Kaba i\u015fler yap\u0131m i\u015fi) - \u0130ncek \/ Ankara, in\u015faat yap\u0131m\u0131.\nProje ba\u015flama tarihi: 16.09.2023 - Proje biti\u015f tarihi: 15.06.2024<\/h2>\t\t\t\t<\/div>\n\t\t\t\t<\/div>\n\t\t\t\t\t<\/div>\n\t\t<\/div>\n\t\t\t\t\t<\/div>\n\t\t<\/section>\n\t\t\t\t<section class=\"elementor-section elementor-top-section elementor-element elementor-element-a05d4e1 elementor-section-boxed elementor-section-height-default elementor-section-height-default\" data-id=\"a05d4e1\" data-element_type=\"section\">\n\t\t\t\t\t\t<div class=\"elementor-container elementor-column-gap-default\">\n\t\t\t\t\t<div class=\"elementor-column elementor-col-100 elementor-top-column elementor-element elementor-element-b9de5a3\" data-id=\"b9de5a3\" data-element_type=\"column\">\n\t\t\t<div class=\"elementor-widget-wrap elementor-element-populated\">\n\t\t\t\t\t\t<div class=\"elementor-element elementor-element-a883396 gallery-spacing-custom elementor-widget elementor-widget-image-gallery\" data-id=\"a883396\" data-element_type=\"widget\" data-widget_type=\"image-gallery.default\">\n\t\t\t\t<div class=\"elementor-widget-container\">\n\t\t\t\t\t\t\t<div class=\"elementor-image-gallery\">\n\t\t\t<div id='gallery-1' class='gallery galleryid-279 gallery-columns-3 gallery-size-full'><figure class='gallery-item'>\n\t\t\t<div class='gallery-icon landscape'>\n\t\t\t\t<a data-elementor-open-lightbox=\"yes\" data-elementor-lightbox-slideshow=\"a883396\" data-e-action-hash=\"#elementor-action%3Aaction%3Dlightbox%26settings%3DeyJpZCI6MTk0LCJ1cmwiOiJodHRwczpcL1wvZGUtY28uY29tLnRyXC93cC1jb250ZW50XC91cGxvYWRzXC8yMDI1XC8wNFwvMjA5MGMyZWMtMjJkMS00MzQxLWJlMTktZmE3ZGFlMzhkZDc5LmpwZyIsInNsaWRlc2hvdyI6ImE4ODMzOTYifQ%3D%3D\" href='https:\/\/de-co.com.tr\/wp-content\/uploads\/2025\/04\/2090c2ec-22d1-4341-be19-fa7dae38dd79.jpg'><img fetchpriority=\"high\" decoding=\"async\" width=\"1284\" height=\"724\" src=\"https:\/\/de-co.com.tr\/wp-content\/uploads\/2025\/04\/2090c2ec-22d1-4341-be19-fa7dae38dd79.jpg\" class=\"attachment-full size-full\" alt=\"\" srcset=\"https:\/\/de-co.com.tr\/wp-content\/uploads\/2025\/04\/2090c2ec-22d1-4341-be19-fa7dae38dd79.jpg 1284w, https:\/\/de-co.com.tr\/wp-content\/uploads\/2025\/04\/2090c2ec-22d1-4341-be19-fa7dae38dd79-300x169.jpg 300w, https:\/\/de-co.com.tr\/wp-content\/uploads\/2025\/04\/2090c2ec-22d1-4341-be19-fa7dae38dd79-1024x577.jpg 1024w, https:\/\/de-co.com.tr\/wp-content\/uploads\/2025\/04\/2090c2ec-22d1-4341-be19-fa7dae38dd79-768x433.jpg 768w\" sizes=\"(max-width: 1284px) 100vw, 1284px\" \/><\/a>\n\t\t\t<\/div><\/figure><figure class='gallery-item'>\n\t\t\t<div class='gallery-icon landscape'>\n\t\t\t\t<a data-elementor-open-lightbox=\"yes\" data-elementor-lightbox-slideshow=\"a883396\" data-e-action-hash=\"#elementor-action%3Aaction%3Dlightbox%26settings%3DeyJpZCI6MTk1LCJ1cmwiOiJodHRwczpcL1wvZGUtY28uY29tLnRyXC93cC1jb250ZW50XC91cGxvYWRzXC8yMDI1XC8wNFwvYTcwMzRjYzAtNzE3YS00YzAzLWJlZjctZDFmZTlmYTg1YjlkLmpwZyIsInNsaWRlc2hvdyI6ImE4ODMzOTYifQ%3D%3D\" href='https:\/\/de-co.com.tr\/wp-content\/uploads\/2025\/04\/a7034cc0-717a-4c03-bef7-d1fe9fa85b9d.jpg'><img decoding=\"async\" width=\"1284\" height=\"730\" src=\"https:\/\/de-co.com.tr\/wp-content\/uploads\/2025\/04\/a7034cc0-717a-4c03-bef7-d1fe9fa85b9d.jpg\" class=\"attachment-full size-full\" alt=\"\" srcset=\"https:\/\/de-co.com.tr\/wp-content\/uploads\/2025\/04\/a7034cc0-717a-4c03-bef7-d1fe9fa85b9d.jpg 1284w, https:\/\/de-co.com.tr\/wp-content\/uploads\/2025\/04\/a7034cc0-717a-4c03-bef7-d1fe9fa85b9d-300x171.jpg 300w, https:\/\/de-co.com.tr\/wp-content\/uploads\/2025\/04\/a7034cc0-717a-4c03-bef7-d1fe9fa85b9d-1024x582.jpg 1024w, https:\/\/de-co.com.tr\/wp-content\/uploads\/2025\/04\/a7034cc0-717a-4c03-bef7-d1fe9fa85b9d-768x437.jpg 768w\" sizes=\"(max-width: 1284px) 100vw, 1284px\" \/><\/a>\n\t\t\t<\/div><\/figure>\n\t\t<\/div>\n\t\t<\/div>\n\t\t\t\t\t\t<\/div>\n\t\t\t\t<\/div>\n\t\t\t\t\t<\/div>\n\t\t<\/div>\n\t\t\t\t\t<\/div>\n\t\t<\/section>\n\t\t\t\t<\/div>\n\t\t","protected":false},"excerpt":{"rendered":"<p>Tamamlanan Projeler Ana Sayfa \u2192 \u0130NCEK 8 V\u0130LLA KABA \u0130NCE \u0130\u015eLER\u0130 \u0130ncek 8 villa kaba ince i\u015fleri (Kaba i\u015fler yap\u0131m [&hellip;]<\/p>\n","protected":false},"author":1,"featured_media":0,"parent":0,"menu_order":0,"comment_status":"closed","ping_status":"closed","template":"elementor_header_footer","meta":{"site-sidebar-layout":"no-sidebar","site-content-layout":"","ast-site-content-layout":"full-width-container","site-content-style":"default","site-sidebar-style":"default","ast-global-header-display":"","ast-banner-title-visibility":"","ast-main-header-display":"","ast-hfb-above-header-display":"","ast-hfb-below-header-display":"","ast-hfb-mobile-header-display":"","site-post-title":"disabled","ast-breadcrumbs-content":"","ast-featured-img":"disabled","footer-sml-layout":"","theme-transparent-header-meta":"","adv-header-id-meta":"","stick-header-meta":"","header-above-stick-meta":"","header-main-stick-meta":"","header-below-stick-meta":"","astra-migrate-meta-layouts":"default","ast-page-background-enabled":"default","ast-page-background-meta":{"desktop":{"background-color":"var(--ast-global-color-5)","background-image":"","background-repeat":"repeat","background-position":"center center","background-size":"auto","background-attachment":"scroll","background-type":"","background-media":"","overlay-type":"","overlay-color":"","overlay-opacity":"","overlay-gradient":""},"tablet":{"background-color":"","background-image":"","background-repeat":"repeat","background-position":"center center","background-size":"auto","background-attachment":"scroll","background-type":"","background-media":"","overlay-type":"","overlay-color":"","overlay-opacity":"","overlay-gradient":""},"mobile":{"background-color":"","background-image":"","background-repeat":"repeat","background-position":"center center","background-size":"auto","background-attachment":"scroll","background-type":"","background-media":"","overlay-type":"","overlay-color":"","overlay-opacity":"","overlay-gradient":""}},"ast-content-background-meta":{"desktop":{"background-color":"var(--ast-global-color-4)","background-image":"","background-repeat":"repeat","background-position":"center center","background-size":"auto","background-attachment":"scroll","background-type":"","background-media":"","overlay-type":"","overlay-color":"","overlay-opacity":"","overlay-gradient":""},"tablet":{"background-color":"var(--ast-global-color-4)","background-image":"","background-repeat":"repeat","background-position":"center center","background-size":"auto","background-attachment":"scroll","background-type":"","background-media":"","overlay-type":"","overlay-color":"","overlay-opacity":"","overlay-gradient":""},"mobile":{"background-color":"var(--ast-global-color-4)","background-image":"","background-repeat":"repeat","background-position":"center center","background-size":"auto","background-attachment":"scroll","background-type":"","background-media":"","overlay-type":"","overlay-color":"","overlay-opacity":"","overlay-gradient":""}},"footnotes":""},"class_list":["post-279","page","type-page","status-publish","hentry"],"_links":{"self":[{"href":"https:\/\/de-co.com.tr\/index.php\/wp-json\/wp\/v2\/pages\/279","targetHints":{"allow":["GET"]}}],"collection":[{"href":"https:\/\/de-co.com.tr\/index.php\/wp-json\/wp\/v2\/pages"}],"about":[{"href":"https:\/\/de-co.com.tr\/index.php\/wp-json\/wp\/v2\/types\/page"}],"author":[{"embeddable":true,"href":"https:\/\/de-co.com.tr\/index.php\/wp-json\/wp\/v2\/users\/1"}],"replies":[{"embeddable":true,"href":"https:\/\/de-co.com.tr\/index.php\/wp-json\/wp\/v2\/comments?post=279"}],"version-history":[{"count":7,"href":"https:\/\/de-co.com.tr\/index.php\/wp-json\/wp\/v2\/pages\/279\/revisions"}],"predecessor-version":[{"id":407,"href":"https:\/\/de-co.com.tr\/index.php\/wp-json\/wp\/v2\/pages\/279\/revisions\/407"}],"wp:attachment":[{"href":"https:\/\/de-co.com.tr\/index.php\/wp-json\/wp\/v2\/media?parent=279"}],"curies":[{"name":"wp","href":"https:\/\/api.w.org\/{rel}","templated":true}]}}