{"id":273,"date":"2025-04-22T22:19:37","date_gmt":"2025-04-22T19:19:37","guid":{"rendered":"http:\/\/de-co.com.tr\/?page_id=273"},"modified":"2025-04-23T13:24:21","modified_gmt":"2025-04-23T10:24:21","slug":"turkiye-finans-arsiv-depo","status":"publish","type":"page","link":"https:\/\/de-co.com.tr\/index.php\/turkiye-finans-arsiv-depo\/","title":{"rendered":"T\u00dcRK\u0130YE F\u0130NANS AR\u015e\u0130V DEPO"},"content":{"rendered":"\t\t<div data-elementor-type=\"wp-page\" data-elementor-id=\"273\" class=\"elementor elementor-273\">\n\t\t\t\t\t\t<section class=\"elementor-section elementor-top-section elementor-element elementor-element-85f4405 elementor-section-boxed elementor-section-height-default elementor-section-height-default\" data-id=\"85f4405\" data-element_type=\"section\" data-settings=\"{&quot;background_background&quot;:&quot;classic&quot;}\">\n\t\t\t\t\t\t<div class=\"elementor-container elementor-column-gap-default\">\n\t\t\t\t\t<div class=\"elementor-column elementor-col-100 elementor-top-column elementor-element elementor-element-78b8a58\" data-id=\"78b8a58\" data-element_type=\"column\">\n\t\t\t<div class=\"elementor-widget-wrap elementor-element-populated\">\n\t\t\t\t\t\t<div class=\"elementor-element elementor-element-8c90e0e elementor-widget elementor-widget-spacer\" data-id=\"8c90e0e\" data-element_type=\"widget\" data-widget_type=\"spacer.default\">\n\t\t\t\t<div class=\"elementor-widget-container\">\n\t\t\t\t\t\t\t<div class=\"elementor-spacer\">\n\t\t\t<div class=\"elementor-spacer-inner\"><\/div>\n\t\t<\/div>\n\t\t\t\t\t\t<\/div>\n\t\t\t\t<\/div>\n\t\t\t\t<div class=\"elementor-element elementor-element-0f8b23f elementor-widget elementor-widget-heading\" data-id=\"0f8b23f\" data-element_type=\"widget\" data-widget_type=\"heading.default\">\n\t\t\t\t<div class=\"elementor-widget-container\">\n\t\t\t\t\t<h2 class=\"elementor-heading-title elementor-size-default\">Tamamlanan Projeler<\/h2>\t\t\t\t<\/div>\n\t\t\t\t<\/div>\n\t\t\t\t<div class=\"elementor-element elementor-element-3dcba77 elementor-widget elementor-widget-text-editor\" data-id=\"3dcba77\" data-element_type=\"widget\" data-widget_type=\"text-editor.default\">\n\t\t\t\t<div class=\"elementor-widget-container\">\n\t\t\t\t\t\t\t\t\t<p>Ana Sayfa \u2192 T\u00dcRK\u0130YE F\u0130NANS AR\u015e\u0130V DEPO<\/p>\t\t\t\t\t\t\t\t<\/div>\n\t\t\t\t<\/div>\n\t\t\t\t\t<\/div>\n\t\t<\/div>\n\t\t\t\t\t<\/div>\n\t\t<\/section>\n\t\t\t\t<section class=\"elementor-section elementor-top-section elementor-element elementor-element-8f72c96 elementor-section-boxed elementor-section-height-default elementor-section-height-default\" data-id=\"8f72c96\" data-element_type=\"section\">\n\t\t\t\t\t\t<div class=\"elementor-container elementor-column-gap-default\">\n\t\t\t\t\t<div class=\"elementor-column elementor-col-100 elementor-top-column elementor-element elementor-element-c2b4f24\" data-id=\"c2b4f24\" data-element_type=\"column\">\n\t\t\t<div class=\"elementor-widget-wrap elementor-element-populated\">\n\t\t\t\t\t\t<div class=\"elementor-element elementor-element-7670907 elementor-widget elementor-widget-heading\" data-id=\"7670907\" data-element_type=\"widget\" data-widget_type=\"heading.default\">\n\t\t\t\t<div class=\"elementor-widget-container\">\n\t\t\t\t\t<h2 class=\"elementor-heading-title elementor-size-default\">T\u00fcrkiye Finans ar\u015fiv depo i\u015fi (Kaba i\u015fler yap\u0131m i\u015fi) - \u00c7ubuk \/ Ankara, in\u015faat yap\u0131m\u0131.\nProje ba\u015flama tarihi: 10.10.2023 - Proje biti\u015f tarihi: 30.06.2024<\/h2>\t\t\t\t<\/div>\n\t\t\t\t<\/div>\n\t\t\t\t\t<\/div>\n\t\t<\/div>\n\t\t\t\t\t<\/div>\n\t\t<\/section>\n\t\t\t\t<section class=\"elementor-section elementor-top-section elementor-element elementor-element-596e111 elementor-section-boxed elementor-section-height-default elementor-section-height-default\" data-id=\"596e111\" data-element_type=\"section\">\n\t\t\t\t\t\t<div class=\"elementor-container elementor-column-gap-default\">\n\t\t\t\t\t<div class=\"elementor-column elementor-col-100 elementor-top-column elementor-element elementor-element-24e1379\" data-id=\"24e1379\" data-element_type=\"column\">\n\t\t\t<div class=\"elementor-widget-wrap elementor-element-populated\">\n\t\t\t\t\t\t<div class=\"elementor-element elementor-element-8aa935e gallery-spacing-custom elementor-widget elementor-widget-image-gallery\" data-id=\"8aa935e\" data-element_type=\"widget\" data-widget_type=\"image-gallery.default\">\n\t\t\t\t<div class=\"elementor-widget-container\">\n\t\t\t\t\t\t\t<div class=\"elementor-image-gallery\">\n\t\t\t<div id='gallery-1' class='gallery galleryid-273 gallery-columns-3 gallery-size-full'><figure class='gallery-item'>\n\t\t\t<div class='gallery-icon landscape'>\n\t\t\t\t<a data-elementor-open-lightbox=\"yes\" data-elementor-lightbox-slideshow=\"8aa935e\" data-e-action-hash=\"#elementor-action%3Aaction%3Dlightbox%26settings%3DeyJpZCI6MTg5LCJ1cmwiOiJodHRwczpcL1wvZGUtY28uY29tLnRyXC93cC1jb250ZW50XC91cGxvYWRzXC8yMDI1XC8wNFwvNzJjNjkyNGMtNjlkNy00NGZkLTkzNDUtOTc5YzFjMTI3NDliLmpwZyIsInNsaWRlc2hvdyI6IjhhYTkzNWUifQ%3D%3D\" href='https:\/\/de-co.com.tr\/wp-content\/uploads\/2025\/04\/72c6924c-69d7-44fd-9345-979c1c12749b.jpg'><img fetchpriority=\"high\" decoding=\"async\" width=\"1600\" height=\"1204\" src=\"https:\/\/de-co.com.tr\/wp-content\/uploads\/2025\/04\/72c6924c-69d7-44fd-9345-979c1c12749b.jpg\" class=\"attachment-full size-full\" alt=\"\" srcset=\"https:\/\/de-co.com.tr\/wp-content\/uploads\/2025\/04\/72c6924c-69d7-44fd-9345-979c1c12749b.jpg 1600w, https:\/\/de-co.com.tr\/wp-content\/uploads\/2025\/04\/72c6924c-69d7-44fd-9345-979c1c12749b-300x226.jpg 300w, https:\/\/de-co.com.tr\/wp-content\/uploads\/2025\/04\/72c6924c-69d7-44fd-9345-979c1c12749b-1024x771.jpg 1024w, https:\/\/de-co.com.tr\/wp-content\/uploads\/2025\/04\/72c6924c-69d7-44fd-9345-979c1c12749b-768x578.jpg 768w, https:\/\/de-co.com.tr\/wp-content\/uploads\/2025\/04\/72c6924c-69d7-44fd-9345-979c1c12749b-1536x1156.jpg 1536w\" sizes=\"(max-width: 1600px) 100vw, 1600px\" \/><\/a>\n\t\t\t<\/div><\/figure><figure class='gallery-item'>\n\t\t\t<div class='gallery-icon landscape'>\n\t\t\t\t<a data-elementor-open-lightbox=\"yes\" data-elementor-lightbox-slideshow=\"8aa935e\" data-e-action-hash=\"#elementor-action%3Aaction%3Dlightbox%26settings%3DeyJpZCI6MTkwLCJ1cmwiOiJodHRwczpcL1wvZGUtY28uY29tLnRyXC93cC1jb250ZW50XC91cGxvYWRzXC8yMDI1XC8wNFwvNjEzZGFmZmUtMzZmZS00ZDNhLWE1Y2UtN2ZhYTc3YzhlNDlkLmpwZyIsInNsaWRlc2hvdyI6IjhhYTkzNWUifQ%3D%3D\" href='https:\/\/de-co.com.tr\/wp-content\/uploads\/2025\/04\/613daffe-36fe-4d3a-a5ce-7faa77c8e49d.jpg'><img decoding=\"async\" width=\"1600\" height=\"1204\" src=\"https:\/\/de-co.com.tr\/wp-content\/uploads\/2025\/04\/613daffe-36fe-4d3a-a5ce-7faa77c8e49d.jpg\" class=\"attachment-full size-full\" alt=\"\" srcset=\"https:\/\/de-co.com.tr\/wp-content\/uploads\/2025\/04\/613daffe-36fe-4d3a-a5ce-7faa77c8e49d.jpg 1600w, https:\/\/de-co.com.tr\/wp-content\/uploads\/2025\/04\/613daffe-36fe-4d3a-a5ce-7faa77c8e49d-300x226.jpg 300w, https:\/\/de-co.com.tr\/wp-content\/uploads\/2025\/04\/613daffe-36fe-4d3a-a5ce-7faa77c8e49d-1024x771.jpg 1024w, https:\/\/de-co.com.tr\/wp-content\/uploads\/2025\/04\/613daffe-36fe-4d3a-a5ce-7faa77c8e49d-768x578.jpg 768w, https:\/\/de-co.com.tr\/wp-content\/uploads\/2025\/04\/613daffe-36fe-4d3a-a5ce-7faa77c8e49d-1536x1156.jpg 1536w\" sizes=\"(max-width: 1600px) 100vw, 1600px\" \/><\/a>\n\t\t\t<\/div><\/figure><figure class='gallery-item'>\n\t\t\t<div class='gallery-icon portrait'>\n\t\t\t\t<a data-elementor-open-lightbox=\"yes\" data-elementor-lightbox-slideshow=\"8aa935e\" data-e-action-hash=\"#elementor-action%3Aaction%3Dlightbox%26settings%3DeyJpZCI6MTkxLCJ1cmwiOiJodHRwczpcL1wvZGUtY28uY29tLnRyXC93cC1jb250ZW50XC91cGxvYWRzXC8yMDI1XC8wNFwvNjA1MzlmNjMtZDEyMy00NjEyLTlmOTEtNDJlOTM1YTYyYmE4LmpwZyIsInNsaWRlc2hvdyI6IjhhYTkzNWUifQ%3D%3D\" href='https:\/\/de-co.com.tr\/wp-content\/uploads\/2025\/04\/60539f63-d123-4612-9f91-42e935a62ba8.jpg'><img decoding=\"async\" width=\"1200\" height=\"1600\" src=\"https:\/\/de-co.com.tr\/wp-content\/uploads\/2025\/04\/60539f63-d123-4612-9f91-42e935a62ba8.jpg\" class=\"attachment-full size-full\" alt=\"\" srcset=\"https:\/\/de-co.com.tr\/wp-content\/uploads\/2025\/04\/60539f63-d123-4612-9f91-42e935a62ba8.jpg 1200w, https:\/\/de-co.com.tr\/wp-content\/uploads\/2025\/04\/60539f63-d123-4612-9f91-42e935a62ba8-225x300.jpg 225w, https:\/\/de-co.com.tr\/wp-content\/uploads\/2025\/04\/60539f63-d123-4612-9f91-42e935a62ba8-768x1024.jpg 768w, https:\/\/de-co.com.tr\/wp-content\/uploads\/2025\/04\/60539f63-d123-4612-9f91-42e935a62ba8-1152x1536.jpg 1152w\" sizes=\"(max-width: 1200px) 100vw, 1200px\" \/><\/a>\n\t\t\t<\/div><\/figure><figure class='gallery-item'>\n\t\t\t<div class='gallery-icon landscape'>\n\t\t\t\t<a data-elementor-open-lightbox=\"yes\" data-elementor-lightbox-slideshow=\"8aa935e\" data-e-action-hash=\"#elementor-action%3Aaction%3Dlightbox%26settings%3DeyJpZCI6MTkyLCJ1cmwiOiJodHRwczpcL1wvZGUtY28uY29tLnRyXC93cC1jb250ZW50XC91cGxvYWRzXC8yMDI1XC8wNFwvYTZhMWFhMmMtNjQ0MC00ZjFjLWFhNDktNzdiMjIwNTI1NzMwLmpwZyIsInNsaWRlc2hvdyI6IjhhYTkzNWUifQ%3D%3D\" href='https:\/\/de-co.com.tr\/wp-content\/uploads\/2025\/04\/a6a1aa2c-6440-4f1c-aa49-77b220525730.jpg'><img loading=\"lazy\" decoding=\"async\" width=\"1600\" height=\"1204\" src=\"https:\/\/de-co.com.tr\/wp-content\/uploads\/2025\/04\/a6a1aa2c-6440-4f1c-aa49-77b220525730.jpg\" class=\"attachment-full size-full\" alt=\"\" srcset=\"https:\/\/de-co.com.tr\/wp-content\/uploads\/2025\/04\/a6a1aa2c-6440-4f1c-aa49-77b220525730.jpg 1600w, https:\/\/de-co.com.tr\/wp-content\/uploads\/2025\/04\/a6a1aa2c-6440-4f1c-aa49-77b220525730-300x226.jpg 300w, https:\/\/de-co.com.tr\/wp-content\/uploads\/2025\/04\/a6a1aa2c-6440-4f1c-aa49-77b220525730-1024x771.jpg 1024w, https:\/\/de-co.com.tr\/wp-content\/uploads\/2025\/04\/a6a1aa2c-6440-4f1c-aa49-77b220525730-768x578.jpg 768w, https:\/\/de-co.com.tr\/wp-content\/uploads\/2025\/04\/a6a1aa2c-6440-4f1c-aa49-77b220525730-1536x1156.jpg 1536w\" sizes=\"(max-width: 1600px) 100vw, 1600px\" \/><\/a>\n\t\t\t<\/div><\/figure><figure class='gallery-item'>\n\t\t\t<div class='gallery-icon landscape'>\n\t\t\t\t<a data-elementor-open-lightbox=\"yes\" data-elementor-lightbox-slideshow=\"8aa935e\" data-e-action-hash=\"#elementor-action%3Aaction%3Dlightbox%26settings%3DeyJpZCI6MTkzLCJ1cmwiOiJodHRwczpcL1wvZGUtY28uY29tLnRyXC93cC1jb250ZW50XC91cGxvYWRzXC8yMDI1XC8wNFwvYmZkMmJjYTYtODE2MS00NzdjLTk5MTUtZTY0OTdlMDYyMDY0LmpwZyIsInNsaWRlc2hvdyI6IjhhYTkzNWUifQ%3D%3D\" href='https:\/\/de-co.com.tr\/wp-content\/uploads\/2025\/04\/bfd2bca6-8161-477c-9915-e6497e062064.jpg'><img loading=\"lazy\" decoding=\"async\" width=\"1600\" height=\"1204\" src=\"https:\/\/de-co.com.tr\/wp-content\/uploads\/2025\/04\/bfd2bca6-8161-477c-9915-e6497e062064.jpg\" class=\"attachment-full size-full\" alt=\"\" srcset=\"https:\/\/de-co.com.tr\/wp-content\/uploads\/2025\/04\/bfd2bca6-8161-477c-9915-e6497e062064.jpg 1600w, https:\/\/de-co.com.tr\/wp-content\/uploads\/2025\/04\/bfd2bca6-8161-477c-9915-e6497e062064-300x226.jpg 300w, https:\/\/de-co.com.tr\/wp-content\/uploads\/2025\/04\/bfd2bca6-8161-477c-9915-e6497e062064-1024x771.jpg 1024w, https:\/\/de-co.com.tr\/wp-content\/uploads\/2025\/04\/bfd2bca6-8161-477c-9915-e6497e062064-768x578.jpg 768w, https:\/\/de-co.com.tr\/wp-content\/uploads\/2025\/04\/bfd2bca6-8161-477c-9915-e6497e062064-1536x1156.jpg 1536w\" sizes=\"(max-width: 1600px) 100vw, 1600px\" \/><\/a>\n\t\t\t<\/div><\/figure>\n\t\t<\/div>\n\t\t<\/div>\n\t\t\t\t\t\t<\/div>\n\t\t\t\t<\/div>\n\t\t\t\t\t<\/div>\n\t\t<\/div>\n\t\t\t\t\t<\/div>\n\t\t<\/section>\n\t\t\t\t<\/div>\n\t\t","protected":false},"excerpt":{"rendered":"<p>Tamamlanan Projeler Ana Sayfa \u2192 T\u00dcRK\u0130YE F\u0130NANS AR\u015e\u0130V DEPO T\u00fcrkiye Finans ar\u015fiv depo i\u015fi (Kaba i\u015fler yap\u0131m i\u015fi) &#8211; \u00c7ubuk [&hellip;]<\/p>\n","protected":false},"author":1,"featured_media":0,"parent":0,"menu_order":0,"comment_status":"closed","ping_status":"closed","template":"elementor_header_footer","meta":{"site-sidebar-layout":"no-sidebar","site-content-layout":"","ast-site-content-layout":"full-width-container","site-content-style":"default","site-sidebar-style":"default","ast-global-header-display":"","ast-banner-title-visibility":"","ast-main-header-display":"","ast-hfb-above-header-display":"","ast-hfb-below-header-display":"","ast-hfb-mobile-header-display":"","site-post-title":"disabled","ast-breadcrumbs-content":"","ast-featured-img":"disabled","footer-sml-layout":"","theme-transparent-header-meta":"","adv-header-id-meta":"","stick-header-meta":"","header-above-stick-meta":"","header-main-stick-meta":"","header-below-stick-meta":"","astra-migrate-meta-layouts":"default","ast-page-background-enabled":"default","ast-page-background-meta":{"desktop":{"background-color":"var(--ast-global-color-5)","background-image":"","background-repeat":"repeat","background-position":"center center","background-size":"auto","background-attachment":"scroll","background-type":"","background-media":"","overlay-type":"","overlay-color":"","overlay-opacity":"","overlay-gradient":""},"tablet":{"background-color":"","background-image":"","background-repeat":"repeat","background-position":"center center","background-size":"auto","background-attachment":"scroll","background-type":"","background-media":"","overlay-type":"","overlay-color":"","overlay-opacity":"","overlay-gradient":""},"mobile":{"background-color":"","background-image":"","background-repeat":"repeat","background-position":"center center","background-size":"auto","background-attachment":"scroll","background-type":"","background-media":"","overlay-type":"","overlay-color":"","overlay-opacity":"","overlay-gradient":""}},"ast-content-background-meta":{"desktop":{"background-color":"var(--ast-global-color-4)","background-image":"","background-repeat":"repeat","background-position":"center center","background-size":"auto","background-attachment":"scroll","background-type":"","background-media":"","overlay-type":"","overlay-color":"","overlay-opacity":"","overlay-gradient":""},"tablet":{"background-color":"var(--ast-global-color-4)","background-image":"","background-repeat":"repeat","background-position":"center center","background-size":"auto","background-attachment":"scroll","background-type":"","background-media":"","overlay-type":"","overlay-color":"","overlay-opacity":"","overlay-gradient":""},"mobile":{"background-color":"var(--ast-global-color-4)","background-image":"","background-repeat":"repeat","background-position":"center center","background-size":"auto","background-attachment":"scroll","background-type":"","background-media":"","overlay-type":"","overlay-color":"","overlay-opacity":"","overlay-gradient":""}},"footnotes":""},"class_list":["post-273","page","type-page","status-publish","hentry"],"_links":{"self":[{"href":"https:\/\/de-co.com.tr\/index.php\/wp-json\/wp\/v2\/pages\/273","targetHints":{"allow":["GET"]}}],"collection":[{"href":"https:\/\/de-co.com.tr\/index.php\/wp-json\/wp\/v2\/pages"}],"about":[{"href":"https:\/\/de-co.com.tr\/index.php\/wp-json\/wp\/v2\/types\/page"}],"author":[{"embeddable":true,"href":"https:\/\/de-co.com.tr\/index.php\/wp-json\/wp\/v2\/users\/1"}],"replies":[{"embeddable":true,"href":"https:\/\/de-co.com.tr\/index.php\/wp-json\/wp\/v2\/comments?post=273"}],"version-history":[{"count":7,"href":"https:\/\/de-co.com.tr\/index.php\/wp-json\/wp\/v2\/pages\/273\/revisions"}],"predecessor-version":[{"id":401,"href":"https:\/\/de-co.com.tr\/index.php\/wp-json\/wp\/v2\/pages\/273\/revisions\/401"}],"wp:attachment":[{"href":"https:\/\/de-co.com.tr\/index.php\/wp-json\/wp\/v2\/media?parent=273"}],"curies":[{"name":"wp","href":"https:\/\/api.w.org\/{rel}","templated":true}]}}