{"id":262,"date":"2025-04-22T22:14:46","date_gmt":"2025-04-22T19:14:46","guid":{"rendered":"http:\/\/de-co.com.tr\/?page_id=262"},"modified":"2025-04-23T13:22:54","modified_gmt":"2025-04-23T10:22:54","slug":"gaziantep-havalimani-terminal-binasi","status":"publish","type":"page","link":"https:\/\/de-co.com.tr\/index.php\/gaziantep-havalimani-terminal-binasi\/","title":{"rendered":"GAZ\u0130ANTEP HAVAL\u0130MANI TERM\u0130NAL B\u0130NASI"},"content":{"rendered":"\t\t<div data-elementor-type=\"wp-page\" data-elementor-id=\"262\" class=\"elementor elementor-262\">\n\t\t\t\t\t\t<section class=\"elementor-section elementor-top-section elementor-element elementor-element-f3f8772 elementor-section-boxed elementor-section-height-default elementor-section-height-default\" data-id=\"f3f8772\" data-element_type=\"section\" data-settings=\"{&quot;background_background&quot;:&quot;classic&quot;}\">\n\t\t\t\t\t\t<div class=\"elementor-container elementor-column-gap-default\">\n\t\t\t\t\t<div class=\"elementor-column elementor-col-100 elementor-top-column elementor-element elementor-element-d82d33b\" data-id=\"d82d33b\" data-element_type=\"column\">\n\t\t\t<div class=\"elementor-widget-wrap elementor-element-populated\">\n\t\t\t\t\t\t<div class=\"elementor-element elementor-element-21ba5a1 elementor-widget elementor-widget-spacer\" data-id=\"21ba5a1\" data-element_type=\"widget\" data-widget_type=\"spacer.default\">\n\t\t\t\t<div class=\"elementor-widget-container\">\n\t\t\t\t\t\t\t<div class=\"elementor-spacer\">\n\t\t\t<div class=\"elementor-spacer-inner\"><\/div>\n\t\t<\/div>\n\t\t\t\t\t\t<\/div>\n\t\t\t\t<\/div>\n\t\t\t\t<div class=\"elementor-element elementor-element-a8d1f6a elementor-widget elementor-widget-heading\" data-id=\"a8d1f6a\" data-element_type=\"widget\" data-widget_type=\"heading.default\">\n\t\t\t\t<div class=\"elementor-widget-container\">\n\t\t\t\t\t<h2 class=\"elementor-heading-title elementor-size-default\">Tamamlanan Projeler<\/h2>\t\t\t\t<\/div>\n\t\t\t\t<\/div>\n\t\t\t\t<div class=\"elementor-element elementor-element-8d1e340 elementor-widget elementor-widget-text-editor\" data-id=\"8d1e340\" data-element_type=\"widget\" data-widget_type=\"text-editor.default\">\n\t\t\t\t<div class=\"elementor-widget-container\">\n\t\t\t\t\t\t\t\t\t<p>Ana Sayfa \u2192 GAZ\u0130ANTEP HAVAL\u0130MANI TERM\u0130NAL B\u0130NASI<\/p>\t\t\t\t\t\t\t\t<\/div>\n\t\t\t\t<\/div>\n\t\t\t\t\t<\/div>\n\t\t<\/div>\n\t\t\t\t\t<\/div>\n\t\t<\/section>\n\t\t\t\t<section class=\"elementor-section elementor-top-section elementor-element elementor-element-b9ea12d elementor-section-boxed elementor-section-height-default elementor-section-height-default\" data-id=\"b9ea12d\" data-element_type=\"section\">\n\t\t\t\t\t\t<div class=\"elementor-container elementor-column-gap-default\">\n\t\t\t\t\t<div class=\"elementor-column elementor-col-100 elementor-top-column elementor-element elementor-element-7699f6b\" data-id=\"7699f6b\" data-element_type=\"column\">\n\t\t\t<div class=\"elementor-widget-wrap elementor-element-populated\">\n\t\t\t\t\t\t<div class=\"elementor-element elementor-element-d1473e3 elementor-widget elementor-widget-heading\" data-id=\"d1473e3\" data-element_type=\"widget\" data-widget_type=\"heading.default\">\n\t\t\t\t<div class=\"elementor-widget-container\">\n\t\t\t\t\t<h2 class=\"elementor-heading-title elementor-size-default\">Gaziantep Havaliman\u0131 Terminal Binas\u0131 ile Apron yap\u0131m\u0131 (\u0130nce i\u015fler yap\u0131m i\u015fi) - O\u011fuzeli \/ Gaziantep, in\u015faat yap\u0131m\u0131.\nProje ba\u015flama tarihi: 13.03.2021 - Proje biti\u015f tarihi: 15.12.2021<\/h2>\t\t\t\t<\/div>\n\t\t\t\t<\/div>\n\t\t\t\t\t<\/div>\n\t\t<\/div>\n\t\t\t\t\t<\/div>\n\t\t<\/section>\n\t\t\t\t<section class=\"elementor-section elementor-top-section elementor-element elementor-element-fcb4967 elementor-section-boxed elementor-section-height-default elementor-section-height-default\" data-id=\"fcb4967\" data-element_type=\"section\">\n\t\t\t\t\t\t<div class=\"elementor-container elementor-column-gap-default\">\n\t\t\t\t\t<div class=\"elementor-column elementor-col-100 elementor-top-column elementor-element elementor-element-bf809c8\" data-id=\"bf809c8\" data-element_type=\"column\">\n\t\t\t<div class=\"elementor-widget-wrap elementor-element-populated\">\n\t\t\t\t\t\t<div class=\"elementor-element elementor-element-8b0d0f9 gallery-spacing-custom elementor-widget elementor-widget-image-gallery\" data-id=\"8b0d0f9\" data-element_type=\"widget\" data-widget_type=\"image-gallery.default\">\n\t\t\t\t<div class=\"elementor-widget-container\">\n\t\t\t\t\t\t\t<div class=\"elementor-image-gallery\">\n\t\t\t<div id='gallery-1' class='gallery galleryid-262 gallery-columns-3 gallery-size-full'><figure class='gallery-item'>\n\t\t\t<div class='gallery-icon landscape'>\n\t\t\t\t<a data-elementor-open-lightbox=\"yes\" data-elementor-lightbox-slideshow=\"8b0d0f9\" data-e-action-hash=\"#elementor-action%3Aaction%3Dlightbox%26settings%3DeyJpZCI6MTc4LCJ1cmwiOiJodHRwczpcL1wvZGUtY28uY29tLnRyXC93cC1jb250ZW50XC91cGxvYWRzXC8yMDI1XC8wNFwvMjMzMWM1ZmEtOGM1NS00OThjLWIzM2MtZjM0MDExMzI5ZmM0LmpwZyIsInNsaWRlc2hvdyI6IjhiMGQwZjkifQ%3D%3D\" href='https:\/\/de-co.com.tr\/wp-content\/uploads\/2025\/04\/2331c5fa-8c55-498c-b33c-f34011329fc4.jpg'><img fetchpriority=\"high\" decoding=\"async\" width=\"1284\" height=\"964\" src=\"https:\/\/de-co.com.tr\/wp-content\/uploads\/2025\/04\/2331c5fa-8c55-498c-b33c-f34011329fc4.jpg\" class=\"attachment-full size-full\" alt=\"\" srcset=\"https:\/\/de-co.com.tr\/wp-content\/uploads\/2025\/04\/2331c5fa-8c55-498c-b33c-f34011329fc4.jpg 1284w, https:\/\/de-co.com.tr\/wp-content\/uploads\/2025\/04\/2331c5fa-8c55-498c-b33c-f34011329fc4-300x225.jpg 300w, https:\/\/de-co.com.tr\/wp-content\/uploads\/2025\/04\/2331c5fa-8c55-498c-b33c-f34011329fc4-1024x769.jpg 1024w, https:\/\/de-co.com.tr\/wp-content\/uploads\/2025\/04\/2331c5fa-8c55-498c-b33c-f34011329fc4-768x577.jpg 768w\" sizes=\"(max-width: 1284px) 100vw, 1284px\" \/><\/a>\n\t\t\t<\/div><\/figure><figure class='gallery-item'>\n\t\t\t<div class='gallery-icon landscape'>\n\t\t\t\t<a data-elementor-open-lightbox=\"yes\" data-elementor-lightbox-slideshow=\"8b0d0f9\" data-e-action-hash=\"#elementor-action%3Aaction%3Dlightbox%26settings%3DeyJpZCI6MTc5LCJ1cmwiOiJodHRwczpcL1wvZGUtY28uY29tLnRyXC93cC1jb250ZW50XC91cGxvYWRzXC8yMDI1XC8wNFwvYTI5Y2Q2NDctNTZhYi00MDY0LTg5MjItOGM2MjBiODRjMmU2LmpwZyIsInNsaWRlc2hvdyI6IjhiMGQwZjkifQ%3D%3D\" href='https:\/\/de-co.com.tr\/wp-content\/uploads\/2025\/04\/a29cd647-56ab-4064-8922-8c620b84c2e6.jpg'><img decoding=\"async\" width=\"1600\" height=\"1200\" src=\"https:\/\/de-co.com.tr\/wp-content\/uploads\/2025\/04\/a29cd647-56ab-4064-8922-8c620b84c2e6.jpg\" class=\"attachment-full size-full\" alt=\"\" srcset=\"https:\/\/de-co.com.tr\/wp-content\/uploads\/2025\/04\/a29cd647-56ab-4064-8922-8c620b84c2e6.jpg 1600w, https:\/\/de-co.com.tr\/wp-content\/uploads\/2025\/04\/a29cd647-56ab-4064-8922-8c620b84c2e6-300x225.jpg 300w, https:\/\/de-co.com.tr\/wp-content\/uploads\/2025\/04\/a29cd647-56ab-4064-8922-8c620b84c2e6-1024x768.jpg 1024w, https:\/\/de-co.com.tr\/wp-content\/uploads\/2025\/04\/a29cd647-56ab-4064-8922-8c620b84c2e6-768x576.jpg 768w, https:\/\/de-co.com.tr\/wp-content\/uploads\/2025\/04\/a29cd647-56ab-4064-8922-8c620b84c2e6-1536x1152.jpg 1536w\" sizes=\"(max-width: 1600px) 100vw, 1600px\" \/><\/a>\n\t\t\t<\/div><\/figure><figure class='gallery-item'>\n\t\t\t<div class='gallery-icon landscape'>\n\t\t\t\t<a data-elementor-open-lightbox=\"yes\" data-elementor-lightbox-slideshow=\"8b0d0f9\" data-e-action-hash=\"#elementor-action%3Aaction%3Dlightbox%26settings%3DeyJpZCI6MTgyLCJ1cmwiOiJodHRwczpcL1wvZGUtY28uY29tLnRyXC93cC1jb250ZW50XC91cGxvYWRzXC8yMDI1XC8wNFwvZmVlMGVhMGQtN2Y1ZC00NzA1LTkyMzEtNzk3Y2NkYjBhNjliLmpwZyIsInNsaWRlc2hvdyI6IjhiMGQwZjkifQ%3D%3D\" href='https:\/\/de-co.com.tr\/wp-content\/uploads\/2025\/04\/fee0ea0d-7f5d-4705-9231-797ccdb0a69b.jpg'><img decoding=\"async\" width=\"1600\" height=\"1200\" src=\"https:\/\/de-co.com.tr\/wp-content\/uploads\/2025\/04\/fee0ea0d-7f5d-4705-9231-797ccdb0a69b.jpg\" class=\"attachment-full size-full\" alt=\"\" srcset=\"https:\/\/de-co.com.tr\/wp-content\/uploads\/2025\/04\/fee0ea0d-7f5d-4705-9231-797ccdb0a69b.jpg 1600w, https:\/\/de-co.com.tr\/wp-content\/uploads\/2025\/04\/fee0ea0d-7f5d-4705-9231-797ccdb0a69b-300x225.jpg 300w, https:\/\/de-co.com.tr\/wp-content\/uploads\/2025\/04\/fee0ea0d-7f5d-4705-9231-797ccdb0a69b-1024x768.jpg 1024w, https:\/\/de-co.com.tr\/wp-content\/uploads\/2025\/04\/fee0ea0d-7f5d-4705-9231-797ccdb0a69b-768x576.jpg 768w, https:\/\/de-co.com.tr\/wp-content\/uploads\/2025\/04\/fee0ea0d-7f5d-4705-9231-797ccdb0a69b-1536x1152.jpg 1536w\" sizes=\"(max-width: 1600px) 100vw, 1600px\" \/><\/a>\n\t\t\t<\/div><\/figure><figure class='gallery-item'>\n\t\t\t<div class='gallery-icon portrait'>\n\t\t\t\t<a data-elementor-open-lightbox=\"yes\" data-elementor-lightbox-slideshow=\"8b0d0f9\" data-e-action-hash=\"#elementor-action%3Aaction%3Dlightbox%26settings%3DeyJpZCI6MTgxLCJ1cmwiOiJodHRwczpcL1wvZGUtY28uY29tLnRyXC93cC1jb250ZW50XC91cGxvYWRzXC8yMDI1XC8wNFwvZjk0MDUxMzEtMWFmZC00YTI5LWIxY2QtZDgzYzkxNjEwZDRkLmpwZyIsInNsaWRlc2hvdyI6IjhiMGQwZjkifQ%3D%3D\" href='https:\/\/de-co.com.tr\/wp-content\/uploads\/2025\/04\/f9405131-1afd-4a29-b1cd-d83c91610d4d.jpg'><img loading=\"lazy\" decoding=\"async\" width=\"1200\" height=\"1600\" src=\"https:\/\/de-co.com.tr\/wp-content\/uploads\/2025\/04\/f9405131-1afd-4a29-b1cd-d83c91610d4d.jpg\" class=\"attachment-full size-full\" alt=\"\" srcset=\"https:\/\/de-co.com.tr\/wp-content\/uploads\/2025\/04\/f9405131-1afd-4a29-b1cd-d83c91610d4d.jpg 1200w, https:\/\/de-co.com.tr\/wp-content\/uploads\/2025\/04\/f9405131-1afd-4a29-b1cd-d83c91610d4d-225x300.jpg 225w, https:\/\/de-co.com.tr\/wp-content\/uploads\/2025\/04\/f9405131-1afd-4a29-b1cd-d83c91610d4d-768x1024.jpg 768w, https:\/\/de-co.com.tr\/wp-content\/uploads\/2025\/04\/f9405131-1afd-4a29-b1cd-d83c91610d4d-1152x1536.jpg 1152w\" sizes=\"(max-width: 1200px) 100vw, 1200px\" \/><\/a>\n\t\t\t<\/div><\/figure><figure class='gallery-item'>\n\t\t\t<div class='gallery-icon landscape'>\n\t\t\t\t<a data-elementor-open-lightbox=\"yes\" data-elementor-lightbox-slideshow=\"8b0d0f9\" data-e-action-hash=\"#elementor-action%3Aaction%3Dlightbox%26settings%3DeyJpZCI6MTgwLCJ1cmwiOiJodHRwczpcL1wvZGUtY28uY29tLnRyXC93cC1jb250ZW50XC91cGxvYWRzXC8yMDI1XC8wNFwvY2Q0NTI4YjMtN2I5ZS00NmY0LWIxOTgtM2FjNDM1MDE5YmUzLmpwZyIsInNsaWRlc2hvdyI6IjhiMGQwZjkifQ%3D%3D\" href='https:\/\/de-co.com.tr\/wp-content\/uploads\/2025\/04\/cd4528b3-7b9e-46f4-b198-3ac435019be3.jpg'><img loading=\"lazy\" decoding=\"async\" width=\"1600\" height=\"1200\" src=\"https:\/\/de-co.com.tr\/wp-content\/uploads\/2025\/04\/cd4528b3-7b9e-46f4-b198-3ac435019be3.jpg\" class=\"attachment-full size-full\" alt=\"\" srcset=\"https:\/\/de-co.com.tr\/wp-content\/uploads\/2025\/04\/cd4528b3-7b9e-46f4-b198-3ac435019be3.jpg 1600w, https:\/\/de-co.com.tr\/wp-content\/uploads\/2025\/04\/cd4528b3-7b9e-46f4-b198-3ac435019be3-300x225.jpg 300w, https:\/\/de-co.com.tr\/wp-content\/uploads\/2025\/04\/cd4528b3-7b9e-46f4-b198-3ac435019be3-1024x768.jpg 1024w, https:\/\/de-co.com.tr\/wp-content\/uploads\/2025\/04\/cd4528b3-7b9e-46f4-b198-3ac435019be3-768x576.jpg 768w, https:\/\/de-co.com.tr\/wp-content\/uploads\/2025\/04\/cd4528b3-7b9e-46f4-b198-3ac435019be3-1536x1152.jpg 1536w\" sizes=\"(max-width: 1600px) 100vw, 1600px\" \/><\/a>\n\t\t\t<\/div><\/figure>\n\t\t<\/div>\n\t\t<\/div>\n\t\t\t\t\t\t<\/div>\n\t\t\t\t<\/div>\n\t\t\t\t\t<\/div>\n\t\t<\/div>\n\t\t\t\t\t<\/div>\n\t\t<\/section>\n\t\t\t\t<\/div>\n\t\t","protected":false},"excerpt":{"rendered":"<p>Tamamlanan Projeler Ana Sayfa \u2192 GAZ\u0130ANTEP HAVAL\u0130MANI TERM\u0130NAL B\u0130NASI Gaziantep Havaliman\u0131 Terminal Binas\u0131 ile Apron yap\u0131m\u0131 (\u0130nce i\u015fler yap\u0131m i\u015fi) [&hellip;]<\/p>\n","protected":false},"author":1,"featured_media":0,"parent":0,"menu_order":0,"comment_status":"closed","ping_status":"closed","template":"elementor_header_footer","meta":{"site-sidebar-layout":"no-sidebar","site-content-layout":"","ast-site-content-layout":"full-width-container","site-content-style":"default","site-sidebar-style":"default","ast-global-header-display":"","ast-banner-title-visibility":"","ast-main-header-display":"","ast-hfb-above-header-display":"","ast-hfb-below-header-display":"","ast-hfb-mobile-header-display":"","site-post-title":"disabled","ast-breadcrumbs-content":"","ast-featured-img":"disabled","footer-sml-layout":"","theme-transparent-header-meta":"","adv-header-id-meta":"","stick-header-meta":"","header-above-stick-meta":"","header-main-stick-meta":"","header-below-stick-meta":"","astra-migrate-meta-layouts":"default","ast-page-background-enabled":"default","ast-page-background-meta":{"desktop":{"background-color":"var(--ast-global-color-5)","background-image":"","background-repeat":"repeat","background-position":"center center","background-size":"auto","background-attachment":"scroll","background-type":"","background-media":"","overlay-type":"","overlay-color":"","overlay-opacity":"","overlay-gradient":""},"tablet":{"background-color":"","background-image":"","background-repeat":"repeat","background-position":"center center","background-size":"auto","background-attachment":"scroll","background-type":"","background-media":"","overlay-type":"","overlay-color":"","overlay-opacity":"","overlay-gradient":""},"mobile":{"background-color":"","background-image":"","background-repeat":"repeat","background-position":"center center","background-size":"auto","background-attachment":"scroll","background-type":"","background-media":"","overlay-type":"","overlay-color":"","overlay-opacity":"","overlay-gradient":""}},"ast-content-background-meta":{"desktop":{"background-color":"var(--ast-global-color-4)","background-image":"","background-repeat":"repeat","background-position":"center center","background-size":"auto","background-attachment":"scroll","background-type":"","background-media":"","overlay-type":"","overlay-color":"","overlay-opacity":"","overlay-gradient":""},"tablet":{"background-color":"var(--ast-global-color-4)","background-image":"","background-repeat":"repeat","background-position":"center center","background-size":"auto","background-attachment":"scroll","background-type":"","background-media":"","overlay-type":"","overlay-color":"","overlay-opacity":"","overlay-gradient":""},"mobile":{"background-color":"var(--ast-global-color-4)","background-image":"","background-repeat":"repeat","background-position":"center center","background-size":"auto","background-attachment":"scroll","background-type":"","background-media":"","overlay-type":"","overlay-color":"","overlay-opacity":"","overlay-gradient":""}},"footnotes":""},"class_list":["post-262","page","type-page","status-publish","hentry"],"_links":{"self":[{"href":"https:\/\/de-co.com.tr\/index.php\/wp-json\/wp\/v2\/pages\/262","targetHints":{"allow":["GET"]}}],"collection":[{"href":"https:\/\/de-co.com.tr\/index.php\/wp-json\/wp\/v2\/pages"}],"about":[{"href":"https:\/\/de-co.com.tr\/index.php\/wp-json\/wp\/v2\/types\/page"}],"author":[{"embeddable":true,"href":"https:\/\/de-co.com.tr\/index.php\/wp-json\/wp\/v2\/users\/1"}],"replies":[{"embeddable":true,"href":"https:\/\/de-co.com.tr\/index.php\/wp-json\/wp\/v2\/comments?post=262"}],"version-history":[{"count":7,"href":"https:\/\/de-co.com.tr\/index.php\/wp-json\/wp\/v2\/pages\/262\/revisions"}],"predecessor-version":[{"id":395,"href":"https:\/\/de-co.com.tr\/index.php\/wp-json\/wp\/v2\/pages\/262\/revisions\/395"}],"wp:attachment":[{"href":"https:\/\/de-co.com.tr\/index.php\/wp-json\/wp\/v2\/media?parent=262"}],"curies":[{"name":"wp","href":"https:\/\/api.w.org\/{rel}","templated":true}]}}