{"id":147,"date":"2025-04-22T21:19:38","date_gmt":"2025-04-22T18:19:38","guid":{"rendered":"http:\/\/de-co.com.tr\/?page_id=147"},"modified":"2025-04-23T13:34:55","modified_gmt":"2025-04-23T10:34:55","slug":"izmir-ilinde-toplan-5-okul","status":"publish","type":"page","link":"https:\/\/de-co.com.tr\/index.php\/izmir-ilinde-toplan-5-okul\/","title":{"rendered":"\u0130ZM\u0130R \u0130L\u0130NDE TOPLAN 5 OKUL"},"content":{"rendered":"\t\t<div data-elementor-type=\"wp-page\" data-elementor-id=\"147\" class=\"elementor elementor-147\">\n\t\t\t\t\t\t<section class=\"elementor-section elementor-top-section elementor-element elementor-element-e60d10c elementor-section-boxed elementor-section-height-default elementor-section-height-default\" data-id=\"e60d10c\" data-element_type=\"section\" data-settings=\"{&quot;background_background&quot;:&quot;classic&quot;}\">\n\t\t\t\t\t\t<div class=\"elementor-container elementor-column-gap-default\">\n\t\t\t\t\t<div class=\"elementor-column elementor-col-100 elementor-top-column elementor-element elementor-element-a2a590c\" data-id=\"a2a590c\" data-element_type=\"column\">\n\t\t\t<div class=\"elementor-widget-wrap elementor-element-populated\">\n\t\t\t\t\t\t<div class=\"elementor-element elementor-element-68424c5 elementor-widget elementor-widget-spacer\" data-id=\"68424c5\" data-element_type=\"widget\" data-widget_type=\"spacer.default\">\n\t\t\t\t<div class=\"elementor-widget-container\">\n\t\t\t\t\t\t\t<div class=\"elementor-spacer\">\n\t\t\t<div class=\"elementor-spacer-inner\"><\/div>\n\t\t<\/div>\n\t\t\t\t\t\t<\/div>\n\t\t\t\t<\/div>\n\t\t\t\t<div class=\"elementor-element elementor-element-cc094e0 elementor-widget elementor-widget-heading\" data-id=\"cc094e0\" data-element_type=\"widget\" data-widget_type=\"heading.default\">\n\t\t\t\t<div class=\"elementor-widget-container\">\n\t\t\t\t\t<h2 class=\"elementor-heading-title elementor-size-default\">Devam Eden Projeler<\/h2>\t\t\t\t<\/div>\n\t\t\t\t<\/div>\n\t\t\t\t<div class=\"elementor-element elementor-element-dd0cb0f elementor-widget elementor-widget-text-editor\" data-id=\"dd0cb0f\" data-element_type=\"widget\" data-widget_type=\"text-editor.default\">\n\t\t\t\t<div class=\"elementor-widget-container\">\n\t\t\t\t\t\t\t\t\t<p>Ana Sayfa \u2192 Devam Eden Projeler \u2192 \u0130ZM\u0130R \u0130L\u0130NDE TOPLAM 5 OKUL VE EKLENT\u0130LER\u0130 \u0130KMAL YAPIMI<\/p>\t\t\t\t\t\t\t\t<\/div>\n\t\t\t\t<\/div>\n\t\t\t\t\t<\/div>\n\t\t<\/div>\n\t\t\t\t\t<\/div>\n\t\t<\/section>\n\t\t\t\t<section class=\"elementor-section elementor-top-section elementor-element elementor-element-87c25ec elementor-section-boxed elementor-section-height-default elementor-section-height-default\" data-id=\"87c25ec\" data-element_type=\"section\">\n\t\t\t\t\t\t<div class=\"elementor-container elementor-column-gap-default\">\n\t\t\t\t\t<div class=\"elementor-column elementor-col-100 elementor-top-column elementor-element elementor-element-52dbc1e\" data-id=\"52dbc1e\" data-element_type=\"column\">\n\t\t\t<div class=\"elementor-widget-wrap elementor-element-populated\">\n\t\t\t\t\t\t<div class=\"elementor-element elementor-element-e59cbc6 elementor-widget elementor-widget-heading\" data-id=\"e59cbc6\" data-element_type=\"widget\" data-widget_type=\"heading.default\">\n\t\t\t\t<div class=\"elementor-widget-container\">\n\t\t\t\t\t<h2 class=\"elementor-heading-title elementor-size-default\">\u0130zmir ilinde toplam 5 okul ve eklentileri ikmal yap\u0131m i\u015fi (Kaba i\u015fler ve ince i\u015fler yap\u0131m i\u015fi) - \u0130zmir, in\u015faat yap\u0131m\u0131. <br>\nProje ba\u015flama tarihi: 20.02.2024<\/h2>\t\t\t\t<\/div>\n\t\t\t\t<\/div>\n\t\t\t\t\t<\/div>\n\t\t<\/div>\n\t\t\t\t\t<\/div>\n\t\t<\/section>\n\t\t\t\t<section class=\"elementor-section elementor-top-section elementor-element elementor-element-888b6c3 elementor-section-boxed elementor-section-height-default elementor-section-height-default\" data-id=\"888b6c3\" data-element_type=\"section\">\n\t\t\t\t\t\t<div class=\"elementor-container elementor-column-gap-default\">\n\t\t\t\t\t<div class=\"elementor-column elementor-col-100 elementor-top-column elementor-element elementor-element-8adcf9a\" data-id=\"8adcf9a\" data-element_type=\"column\">\n\t\t\t<div class=\"elementor-widget-wrap elementor-element-populated\">\n\t\t\t\t\t\t<div class=\"elementor-element elementor-element-751bfae gallery-spacing-custom elementor-widget elementor-widget-image-gallery\" data-id=\"751bfae\" data-element_type=\"widget\" data-widget_type=\"image-gallery.default\">\n\t\t\t\t<div class=\"elementor-widget-container\">\n\t\t\t\t\t\t\t<div class=\"elementor-image-gallery\">\n\t\t\t<div id='gallery-1' class='gallery galleryid-147 gallery-columns-3 gallery-size-full'><figure class='gallery-item'>\n\t\t\t<div class='gallery-icon landscape'>\n\t\t\t\t<a data-elementor-open-lightbox=\"yes\" data-elementor-lightbox-slideshow=\"751bfae\" data-e-action-hash=\"#elementor-action%3Aaction%3Dlightbox%26settings%3DeyJpZCI6MTIzLCJ1cmwiOiJodHRwczpcL1wvZGUtY28uY29tLnRyXC93cC1jb250ZW50XC91cGxvYWRzXC8yMDI1XC8wNFwvNGRlN2VjZjMtZjNiZC00MGFhLWI2M2ItMWJkMjA0NjlmZTM1LXNjYWxlZC5qcGciLCJzbGlkZXNob3ciOiI3NTFiZmFlIn0%3D\" href='https:\/\/de-co.com.tr\/wp-content\/uploads\/2025\/04\/4de7ecf3-f3bd-40aa-b63b-1bd20469fe35-scaled.jpg'><img fetchpriority=\"high\" decoding=\"async\" width=\"2560\" height=\"1440\" src=\"https:\/\/de-co.com.tr\/wp-content\/uploads\/2025\/04\/4de7ecf3-f3bd-40aa-b63b-1bd20469fe35-scaled.jpg\" class=\"attachment-full size-full\" alt=\"\" srcset=\"https:\/\/de-co.com.tr\/wp-content\/uploads\/2025\/04\/4de7ecf3-f3bd-40aa-b63b-1bd20469fe35-scaled.jpg 2560w, https:\/\/de-co.com.tr\/wp-content\/uploads\/2025\/04\/4de7ecf3-f3bd-40aa-b63b-1bd20469fe35-300x169.jpg 300w, https:\/\/de-co.com.tr\/wp-content\/uploads\/2025\/04\/4de7ecf3-f3bd-40aa-b63b-1bd20469fe35-1024x576.jpg 1024w, https:\/\/de-co.com.tr\/wp-content\/uploads\/2025\/04\/4de7ecf3-f3bd-40aa-b63b-1bd20469fe35-768x432.jpg 768w, https:\/\/de-co.com.tr\/wp-content\/uploads\/2025\/04\/4de7ecf3-f3bd-40aa-b63b-1bd20469fe35-1536x864.jpg 1536w, https:\/\/de-co.com.tr\/wp-content\/uploads\/2025\/04\/4de7ecf3-f3bd-40aa-b63b-1bd20469fe35-2048x1152.jpg 2048w\" sizes=\"(max-width: 2560px) 100vw, 2560px\" \/><\/a>\n\t\t\t<\/div><\/figure><figure class='gallery-item'>\n\t\t\t<div class='gallery-icon landscape'>\n\t\t\t\t<a data-elementor-open-lightbox=\"yes\" data-elementor-lightbox-slideshow=\"751bfae\" data-e-action-hash=\"#elementor-action%3Aaction%3Dlightbox%26settings%3DeyJpZCI6MTI0LCJ1cmwiOiJodHRwczpcL1wvZGUtY28uY29tLnRyXC93cC1jb250ZW50XC91cGxvYWRzXC8yMDI1XC8wNFwvODk4YWMxYzktYTBlYi00ZTA1LTlmZjUtNGU3ZTVlYjllMGFmLmpwZyIsInNsaWRlc2hvdyI6Ijc1MWJmYWUifQ%3D%3D\" href='https:\/\/de-co.com.tr\/wp-content\/uploads\/2025\/04\/898ac1c9-a0eb-4e05-9ff5-4e7e5eb9e0af.jpg'><img decoding=\"async\" width=\"2048\" height=\"1152\" src=\"https:\/\/de-co.com.tr\/wp-content\/uploads\/2025\/04\/898ac1c9-a0eb-4e05-9ff5-4e7e5eb9e0af.jpg\" class=\"attachment-full size-full\" alt=\"\" srcset=\"https:\/\/de-co.com.tr\/wp-content\/uploads\/2025\/04\/898ac1c9-a0eb-4e05-9ff5-4e7e5eb9e0af.jpg 2048w, https:\/\/de-co.com.tr\/wp-content\/uploads\/2025\/04\/898ac1c9-a0eb-4e05-9ff5-4e7e5eb9e0af-300x169.jpg 300w, https:\/\/de-co.com.tr\/wp-content\/uploads\/2025\/04\/898ac1c9-a0eb-4e05-9ff5-4e7e5eb9e0af-1024x576.jpg 1024w, https:\/\/de-co.com.tr\/wp-content\/uploads\/2025\/04\/898ac1c9-a0eb-4e05-9ff5-4e7e5eb9e0af-768x432.jpg 768w, https:\/\/de-co.com.tr\/wp-content\/uploads\/2025\/04\/898ac1c9-a0eb-4e05-9ff5-4e7e5eb9e0af-1536x864.jpg 1536w\" sizes=\"(max-width: 2048px) 100vw, 2048px\" \/><\/a>\n\t\t\t<\/div><\/figure><figure class='gallery-item'>\n\t\t\t<div class='gallery-icon landscape'>\n\t\t\t\t<a data-elementor-open-lightbox=\"yes\" data-elementor-lightbox-slideshow=\"751bfae\" data-e-action-hash=\"#elementor-action%3Aaction%3Dlightbox%26settings%3DeyJpZCI6MTI1LCJ1cmwiOiJodHRwczpcL1wvZGUtY28uY29tLnRyXC93cC1jb250ZW50XC91cGxvYWRzXC8yMDI1XC8wNFwvOTUxZGU2YzUtN2YxMS00YTNiLThlNmQtN2YzYzlkMzIyMjc1LXNjYWxlZC5qcGciLCJzbGlkZXNob3ciOiI3NTFiZmFlIn0%3D\" href='https:\/\/de-co.com.tr\/wp-content\/uploads\/2025\/04\/951de6c5-7f11-4a3b-8e6d-7f3c9d322275-scaled.jpg'><img decoding=\"async\" width=\"2560\" height=\"1440\" src=\"https:\/\/de-co.com.tr\/wp-content\/uploads\/2025\/04\/951de6c5-7f11-4a3b-8e6d-7f3c9d322275-scaled.jpg\" class=\"attachment-full size-full\" alt=\"\" srcset=\"https:\/\/de-co.com.tr\/wp-content\/uploads\/2025\/04\/951de6c5-7f11-4a3b-8e6d-7f3c9d322275-scaled.jpg 2560w, https:\/\/de-co.com.tr\/wp-content\/uploads\/2025\/04\/951de6c5-7f11-4a3b-8e6d-7f3c9d322275-300x169.jpg 300w, https:\/\/de-co.com.tr\/wp-content\/uploads\/2025\/04\/951de6c5-7f11-4a3b-8e6d-7f3c9d322275-1024x576.jpg 1024w, https:\/\/de-co.com.tr\/wp-content\/uploads\/2025\/04\/951de6c5-7f11-4a3b-8e6d-7f3c9d322275-768x432.jpg 768w, https:\/\/de-co.com.tr\/wp-content\/uploads\/2025\/04\/951de6c5-7f11-4a3b-8e6d-7f3c9d322275-1536x864.jpg 1536w, https:\/\/de-co.com.tr\/wp-content\/uploads\/2025\/04\/951de6c5-7f11-4a3b-8e6d-7f3c9d322275-2048x1152.jpg 2048w\" sizes=\"(max-width: 2560px) 100vw, 2560px\" \/><\/a>\n\t\t\t<\/div><\/figure><figure class='gallery-item'>\n\t\t\t<div class='gallery-icon landscape'>\n\t\t\t\t<a data-elementor-open-lightbox=\"yes\" data-elementor-lightbox-slideshow=\"751bfae\" data-e-action-hash=\"#elementor-action%3Aaction%3Dlightbox%26settings%3DeyJpZCI6MTI2LCJ1cmwiOiJodHRwczpcL1wvZGUtY28uY29tLnRyXC93cC1jb250ZW50XC91cGxvYWRzXC8yMDI1XC8wNFwvZjFjZjE1YWQtMzRhMi00NmRmLTlmNWEtNmIyMDA2ZGNjZGQxLXNjYWxlZC5qcGciLCJzbGlkZXNob3ciOiI3NTFiZmFlIn0%3D\" href='https:\/\/de-co.com.tr\/wp-content\/uploads\/2025\/04\/f1cf15ad-34a2-46df-9f5a-6b2006dccdd1-scaled.jpg'><img loading=\"lazy\" decoding=\"async\" width=\"2560\" height=\"1440\" src=\"https:\/\/de-co.com.tr\/wp-content\/uploads\/2025\/04\/f1cf15ad-34a2-46df-9f5a-6b2006dccdd1-scaled.jpg\" class=\"attachment-full size-full\" alt=\"\" srcset=\"https:\/\/de-co.com.tr\/wp-content\/uploads\/2025\/04\/f1cf15ad-34a2-46df-9f5a-6b2006dccdd1-scaled.jpg 2560w, https:\/\/de-co.com.tr\/wp-content\/uploads\/2025\/04\/f1cf15ad-34a2-46df-9f5a-6b2006dccdd1-300x169.jpg 300w, https:\/\/de-co.com.tr\/wp-content\/uploads\/2025\/04\/f1cf15ad-34a2-46df-9f5a-6b2006dccdd1-1024x576.jpg 1024w, https:\/\/de-co.com.tr\/wp-content\/uploads\/2025\/04\/f1cf15ad-34a2-46df-9f5a-6b2006dccdd1-768x432.jpg 768w, https:\/\/de-co.com.tr\/wp-content\/uploads\/2025\/04\/f1cf15ad-34a2-46df-9f5a-6b2006dccdd1-1536x864.jpg 1536w, https:\/\/de-co.com.tr\/wp-content\/uploads\/2025\/04\/f1cf15ad-34a2-46df-9f5a-6b2006dccdd1-2048x1152.jpg 2048w\" sizes=\"(max-width: 2560px) 100vw, 2560px\" \/><\/a>\n\t\t\t<\/div><\/figure>\n\t\t<\/div>\n\t\t<\/div>\n\t\t\t\t\t\t<\/div>\n\t\t\t\t<\/div>\n\t\t\t\t\t<\/div>\n\t\t<\/div>\n\t\t\t\t\t<\/div>\n\t\t<\/section>\n\t\t\t\t<\/div>\n\t\t","protected":false},"excerpt":{"rendered":"<p>Devam Eden Projeler Ana Sayfa \u2192 Devam Eden Projeler \u2192 \u0130ZM\u0130R \u0130L\u0130NDE TOPLAM 5 OKUL VE EKLENT\u0130LER\u0130 \u0130KMAL YAPIMI \u0130zmir [&hellip;]<\/p>\n","protected":false},"author":1,"featured_media":0,"parent":0,"menu_order":0,"comment_status":"closed","ping_status":"closed","template":"elementor_header_footer","meta":{"site-sidebar-layout":"no-sidebar","site-content-layout":"","ast-site-content-layout":"full-width-container","site-content-style":"default","site-sidebar-style":"default","ast-global-header-display":"","ast-banner-title-visibility":"","ast-main-header-display":"","ast-hfb-above-header-display":"","ast-hfb-below-header-display":"","ast-hfb-mobile-header-display":"","site-post-title":"disabled","ast-breadcrumbs-content":"","ast-featured-img":"disabled","footer-sml-layout":"","theme-transparent-header-meta":"","adv-header-id-meta":"","stick-header-meta":"","header-above-stick-meta":"","header-main-stick-meta":"","header-below-stick-meta":"","astra-migrate-meta-layouts":"default","ast-page-background-enabled":"default","ast-page-background-meta":{"desktop":{"background-color":"var(--ast-global-color-5)","background-image":"","background-repeat":"repeat","background-position":"center center","background-size":"auto","background-attachment":"scroll","background-type":"","background-media":"","overlay-type":"","overlay-color":"","overlay-opacity":"","overlay-gradient":""},"tablet":{"background-color":"","background-image":"","background-repeat":"repeat","background-position":"center center","background-size":"auto","background-attachment":"scroll","background-type":"","background-media":"","overlay-type":"","overlay-color":"","overlay-opacity":"","overlay-gradient":""},"mobile":{"background-color":"","background-image":"","background-repeat":"repeat","background-position":"center center","background-size":"auto","background-attachment":"scroll","background-type":"","background-media":"","overlay-type":"","overlay-color":"","overlay-opacity":"","overlay-gradient":""}},"ast-content-background-meta":{"desktop":{"background-color":"var(--ast-global-color-4)","background-image":"","background-repeat":"repeat","background-position":"center center","background-size":"auto","background-attachment":"scroll","background-type":"","background-media":"","overlay-type":"","overlay-color":"","overlay-opacity":"","overlay-gradient":""},"tablet":{"background-color":"var(--ast-global-color-4)","background-image":"","background-repeat":"repeat","background-position":"center center","background-size":"auto","background-attachment":"scroll","background-type":"","background-media":"","overlay-type":"","overlay-color":"","overlay-opacity":"","overlay-gradient":""},"mobile":{"background-color":"var(--ast-global-color-4)","background-image":"","background-repeat":"repeat","background-position":"center center","background-size":"auto","background-attachment":"scroll","background-type":"","background-media":"","overlay-type":"","overlay-color":"","overlay-opacity":"","overlay-gradient":""}},"footnotes":""},"class_list":["post-147","page","type-page","status-publish","hentry"],"_links":{"self":[{"href":"https:\/\/de-co.com.tr\/index.php\/wp-json\/wp\/v2\/pages\/147","targetHints":{"allow":["GET"]}}],"collection":[{"href":"https:\/\/de-co.com.tr\/index.php\/wp-json\/wp\/v2\/pages"}],"about":[{"href":"https:\/\/de-co.com.tr\/index.php\/wp-json\/wp\/v2\/types\/page"}],"author":[{"embeddable":true,"href":"https:\/\/de-co.com.tr\/index.php\/wp-json\/wp\/v2\/users\/1"}],"replies":[{"embeddable":true,"href":"https:\/\/de-co.com.tr\/index.php\/wp-json\/wp\/v2\/comments?post=147"}],"version-history":[{"count":7,"href":"https:\/\/de-co.com.tr\/index.php\/wp-json\/wp\/v2\/pages\/147\/revisions"}],"predecessor-version":[{"id":437,"href":"https:\/\/de-co.com.tr\/index.php\/wp-json\/wp\/v2\/pages\/147\/revisions\/437"}],"wp:attachment":[{"href":"https:\/\/de-co.com.tr\/index.php\/wp-json\/wp\/v2\/media?parent=147"}],"curies":[{"name":"wp","href":"https:\/\/api.w.org\/{rel}","templated":true}]}}