{"id":142,"date":"2025-04-22T21:13:41","date_gmt":"2025-04-22T18:13:41","guid":{"rendered":"http:\/\/de-co.com.tr\/?page_id=142"},"modified":"2025-04-23T13:34:09","modified_gmt":"2025-04-23T10:34:09","slug":"istanbul-bogaz-komutanligi-kisla-ile-yemekhane-binasi","status":"publish","type":"page","link":"https:\/\/de-co.com.tr\/index.php\/istanbul-bogaz-komutanligi-kisla-ile-yemekhane-binasi\/","title":{"rendered":"\u0130stanbul Bo\u011faz Komutanl\u0131\u011f\u0131 K\u0131\u015fla ile Yemekhane Binas\u0131"},"content":{"rendered":"\t\t<div data-elementor-type=\"wp-page\" data-elementor-id=\"142\" class=\"elementor elementor-142\">\n\t\t\t\t\t\t<section class=\"elementor-section elementor-top-section elementor-element elementor-element-c7b29fa elementor-section-boxed elementor-section-height-default elementor-section-height-default\" data-id=\"c7b29fa\" data-element_type=\"section\" data-settings=\"{&quot;background_background&quot;:&quot;classic&quot;}\">\n\t\t\t\t\t\t<div class=\"elementor-container elementor-column-gap-default\">\n\t\t\t\t\t<div class=\"elementor-column elementor-col-100 elementor-top-column elementor-element elementor-element-5cf3ca4\" data-id=\"5cf3ca4\" data-element_type=\"column\">\n\t\t\t<div class=\"elementor-widget-wrap elementor-element-populated\">\n\t\t\t\t\t\t<div class=\"elementor-element elementor-element-98ce540 elementor-widget elementor-widget-spacer\" data-id=\"98ce540\" data-element_type=\"widget\" data-widget_type=\"spacer.default\">\n\t\t\t\t<div class=\"elementor-widget-container\">\n\t\t\t\t\t\t\t<div class=\"elementor-spacer\">\n\t\t\t<div class=\"elementor-spacer-inner\"><\/div>\n\t\t<\/div>\n\t\t\t\t\t\t<\/div>\n\t\t\t\t<\/div>\n\t\t\t\t<div class=\"elementor-element elementor-element-a46d14c elementor-widget elementor-widget-heading\" data-id=\"a46d14c\" data-element_type=\"widget\" data-widget_type=\"heading.default\">\n\t\t\t\t<div class=\"elementor-widget-container\">\n\t\t\t\t\t<h2 class=\"elementor-heading-title elementor-size-default\">Devam Eden Projeler<\/h2>\t\t\t\t<\/div>\n\t\t\t\t<\/div>\n\t\t\t\t<div class=\"elementor-element elementor-element-b956f70 elementor-widget elementor-widget-text-editor\" data-id=\"b956f70\" data-element_type=\"widget\" data-widget_type=\"text-editor.default\">\n\t\t\t\t<div class=\"elementor-widget-container\">\n\t\t\t\t\t\t\t\t\t<p>Ana Sayfa \u2192 Devam Eden Projeler \u2192 \u0130stanbul Bo\u011faz Komutanl\u0131\u011f\u0131 K\u0131\u015fla ile Yemekhane Binas\u0131 Yap\u0131m\u0131<\/p>\t\t\t\t\t\t\t\t<\/div>\n\t\t\t\t<\/div>\n\t\t\t\t\t<\/div>\n\t\t<\/div>\n\t\t\t\t\t<\/div>\n\t\t<\/section>\n\t\t\t\t<section class=\"elementor-section elementor-top-section elementor-element elementor-element-116be90 elementor-section-boxed elementor-section-height-default elementor-section-height-default\" data-id=\"116be90\" data-element_type=\"section\">\n\t\t\t\t\t\t<div class=\"elementor-container elementor-column-gap-default\">\n\t\t\t\t\t<div class=\"elementor-column elementor-col-100 elementor-top-column elementor-element elementor-element-e375d6e\" data-id=\"e375d6e\" data-element_type=\"column\">\n\t\t\t<div class=\"elementor-widget-wrap elementor-element-populated\">\n\t\t\t\t\t\t<div class=\"elementor-element elementor-element-5c0deb5 elementor-widget elementor-widget-heading\" data-id=\"5c0deb5\" data-element_type=\"widget\" data-widget_type=\"heading.default\">\n\t\t\t\t<div class=\"elementor-widget-container\">\n\t\t\t\t\t<h2 class=\"elementor-heading-title elementor-size-default\">\u0130stanbul Bo\u011faz Komutanl\u0131\u011f\u0131 k\u0131\u015fla ile yemekhane binas\u0131 yap\u0131m i\u015fi (\u0130nce i\u015fler yap\u0131m i\u015fi) - Beykoz \/ \u0130stanbul, in\u015faat yap\u0131m\u0131. <br>\nProje ba\u015flama tarihi: 01.04.2025\n<\/h2>\t\t\t\t<\/div>\n\t\t\t\t<\/div>\n\t\t\t\t\t<\/div>\n\t\t<\/div>\n\t\t\t\t\t<\/div>\n\t\t<\/section>\n\t\t\t\t<section class=\"elementor-section elementor-top-section elementor-element elementor-element-0de3278 elementor-section-boxed elementor-section-height-default elementor-section-height-default\" data-id=\"0de3278\" data-element_type=\"section\">\n\t\t\t\t\t\t<div class=\"elementor-container elementor-column-gap-default\">\n\t\t\t\t\t<div class=\"elementor-column elementor-col-100 elementor-top-column elementor-element elementor-element-49e5372\" data-id=\"49e5372\" data-element_type=\"column\">\n\t\t\t<div class=\"elementor-widget-wrap elementor-element-populated\">\n\t\t\t\t\t\t<div class=\"elementor-element elementor-element-d3f52b4 gallery-spacing-custom elementor-widget elementor-widget-image-gallery\" data-id=\"d3f52b4\" data-element_type=\"widget\" data-widget_type=\"image-gallery.default\">\n\t\t\t\t<div class=\"elementor-widget-container\">\n\t\t\t\t\t\t\t<div class=\"elementor-image-gallery\">\n\t\t\t<div id='gallery-1' class='gallery galleryid-142 gallery-columns-3 gallery-size-full'><figure class='gallery-item'>\n\t\t\t<div class='gallery-icon landscape'>\n\t\t\t\t<a data-elementor-open-lightbox=\"yes\" data-elementor-lightbox-slideshow=\"d3f52b4\" data-elementor-lightbox-title=\"R_01\" data-e-action-hash=\"#elementor-action%3Aaction%3Dlightbox%26settings%3DeyJpZCI6MTI3LCJ1cmwiOiJodHRwczpcL1wvZGUtY28uY29tLnRyXC93cC1jb250ZW50XC91cGxvYWRzXC8yMDI1XC8wNFwvUl8wMS1zY2FsZWQuanBnIiwic2xpZGVzaG93IjoiZDNmNTJiNCJ9\" href='https:\/\/de-co.com.tr\/wp-content\/uploads\/2025\/04\/R_01-scaled.jpg'><img fetchpriority=\"high\" decoding=\"async\" width=\"2560\" height=\"1440\" src=\"https:\/\/de-co.com.tr\/wp-content\/uploads\/2025\/04\/R_01-scaled.jpg\" class=\"attachment-full size-full\" alt=\"\" srcset=\"https:\/\/de-co.com.tr\/wp-content\/uploads\/2025\/04\/R_01-scaled.jpg 2560w, https:\/\/de-co.com.tr\/wp-content\/uploads\/2025\/04\/R_01-300x169.jpg 300w, https:\/\/de-co.com.tr\/wp-content\/uploads\/2025\/04\/R_01-1024x576.jpg 1024w, https:\/\/de-co.com.tr\/wp-content\/uploads\/2025\/04\/R_01-768x432.jpg 768w, https:\/\/de-co.com.tr\/wp-content\/uploads\/2025\/04\/R_01-1536x864.jpg 1536w, https:\/\/de-co.com.tr\/wp-content\/uploads\/2025\/04\/R_01-2048x1152.jpg 2048w\" sizes=\"(max-width: 2560px) 100vw, 2560px\" \/><\/a>\n\t\t\t<\/div><\/figure><figure class='gallery-item'>\n\t\t\t<div class='gallery-icon landscape'>\n\t\t\t\t<a data-elementor-open-lightbox=\"yes\" data-elementor-lightbox-slideshow=\"d3f52b4\" data-elementor-lightbox-title=\"R_02\" data-e-action-hash=\"#elementor-action%3Aaction%3Dlightbox%26settings%3DeyJpZCI6MTI4LCJ1cmwiOiJodHRwczpcL1wvZGUtY28uY29tLnRyXC93cC1jb250ZW50XC91cGxvYWRzXC8yMDI1XC8wNFwvUl8wMi1zY2FsZWQuanBnIiwic2xpZGVzaG93IjoiZDNmNTJiNCJ9\" href='https:\/\/de-co.com.tr\/wp-content\/uploads\/2025\/04\/R_02-scaled.jpg'><img decoding=\"async\" width=\"2560\" height=\"1440\" src=\"https:\/\/de-co.com.tr\/wp-content\/uploads\/2025\/04\/R_02-scaled.jpg\" class=\"attachment-full size-full\" alt=\"\" srcset=\"https:\/\/de-co.com.tr\/wp-content\/uploads\/2025\/04\/R_02-scaled.jpg 2560w, https:\/\/de-co.com.tr\/wp-content\/uploads\/2025\/04\/R_02-300x169.jpg 300w, https:\/\/de-co.com.tr\/wp-content\/uploads\/2025\/04\/R_02-1024x576.jpg 1024w, https:\/\/de-co.com.tr\/wp-content\/uploads\/2025\/04\/R_02-768x432.jpg 768w, https:\/\/de-co.com.tr\/wp-content\/uploads\/2025\/04\/R_02-1536x864.jpg 1536w, https:\/\/de-co.com.tr\/wp-content\/uploads\/2025\/04\/R_02-2048x1152.jpg 2048w\" sizes=\"(max-width: 2560px) 100vw, 2560px\" \/><\/a>\n\t\t\t<\/div><\/figure><figure class='gallery-item'>\n\t\t\t<div class='gallery-icon landscape'>\n\t\t\t\t<a data-elementor-open-lightbox=\"yes\" data-elementor-lightbox-slideshow=\"d3f52b4\" data-elementor-lightbox-title=\"R_03\" data-e-action-hash=\"#elementor-action%3Aaction%3Dlightbox%26settings%3DeyJpZCI6MTI5LCJ1cmwiOiJodHRwczpcL1wvZGUtY28uY29tLnRyXC93cC1jb250ZW50XC91cGxvYWRzXC8yMDI1XC8wNFwvUl8wMy1zY2FsZWQuanBnIiwic2xpZGVzaG93IjoiZDNmNTJiNCJ9\" href='https:\/\/de-co.com.tr\/wp-content\/uploads\/2025\/04\/R_03-scaled.jpg'><img decoding=\"async\" width=\"2560\" height=\"1440\" src=\"https:\/\/de-co.com.tr\/wp-content\/uploads\/2025\/04\/R_03-scaled.jpg\" class=\"attachment-full size-full\" alt=\"\" srcset=\"https:\/\/de-co.com.tr\/wp-content\/uploads\/2025\/04\/R_03-scaled.jpg 2560w, https:\/\/de-co.com.tr\/wp-content\/uploads\/2025\/04\/R_03-300x169.jpg 300w, https:\/\/de-co.com.tr\/wp-content\/uploads\/2025\/04\/R_03-1024x576.jpg 1024w, https:\/\/de-co.com.tr\/wp-content\/uploads\/2025\/04\/R_03-768x432.jpg 768w, https:\/\/de-co.com.tr\/wp-content\/uploads\/2025\/04\/R_03-1536x864.jpg 1536w, https:\/\/de-co.com.tr\/wp-content\/uploads\/2025\/04\/R_03-2048x1152.jpg 2048w\" sizes=\"(max-width: 2560px) 100vw, 2560px\" \/><\/a>\n\t\t\t<\/div><\/figure><figure class='gallery-item'>\n\t\t\t<div class='gallery-icon landscape'>\n\t\t\t\t<a data-elementor-open-lightbox=\"yes\" data-elementor-lightbox-slideshow=\"d3f52b4\" data-elementor-lightbox-title=\"R_07\" data-e-action-hash=\"#elementor-action%3Aaction%3Dlightbox%26settings%3DeyJpZCI6MTMyLCJ1cmwiOiJodHRwczpcL1wvZGUtY28uY29tLnRyXC93cC1jb250ZW50XC91cGxvYWRzXC8yMDI1XC8wNFwvUl8wNy1zY2FsZWQuanBnIiwic2xpZGVzaG93IjoiZDNmNTJiNCJ9\" href='https:\/\/de-co.com.tr\/wp-content\/uploads\/2025\/04\/R_07-scaled.jpg'><img loading=\"lazy\" decoding=\"async\" width=\"2560\" height=\"1440\" src=\"https:\/\/de-co.com.tr\/wp-content\/uploads\/2025\/04\/R_07-scaled.jpg\" class=\"attachment-full size-full\" alt=\"\" srcset=\"https:\/\/de-co.com.tr\/wp-content\/uploads\/2025\/04\/R_07-scaled.jpg 2560w, https:\/\/de-co.com.tr\/wp-content\/uploads\/2025\/04\/R_07-300x169.jpg 300w, https:\/\/de-co.com.tr\/wp-content\/uploads\/2025\/04\/R_07-1024x576.jpg 1024w, https:\/\/de-co.com.tr\/wp-content\/uploads\/2025\/04\/R_07-768x432.jpg 768w, https:\/\/de-co.com.tr\/wp-content\/uploads\/2025\/04\/R_07-1536x864.jpg 1536w, https:\/\/de-co.com.tr\/wp-content\/uploads\/2025\/04\/R_07-2048x1152.jpg 2048w\" sizes=\"(max-width: 2560px) 100vw, 2560px\" \/><\/a>\n\t\t\t<\/div><\/figure><figure class='gallery-item'>\n\t\t\t<div class='gallery-icon landscape'>\n\t\t\t\t<a data-elementor-open-lightbox=\"yes\" data-elementor-lightbox-slideshow=\"d3f52b4\" data-elementor-lightbox-title=\"R_05\" data-e-action-hash=\"#elementor-action%3Aaction%3Dlightbox%26settings%3DeyJpZCI6MTMxLCJ1cmwiOiJodHRwczpcL1wvZGUtY28uY29tLnRyXC93cC1jb250ZW50XC91cGxvYWRzXC8yMDI1XC8wNFwvUl8wNS1zY2FsZWQuanBnIiwic2xpZGVzaG93IjoiZDNmNTJiNCJ9\" href='https:\/\/de-co.com.tr\/wp-content\/uploads\/2025\/04\/R_05-scaled.jpg'><img loading=\"lazy\" decoding=\"async\" width=\"2560\" height=\"1440\" src=\"https:\/\/de-co.com.tr\/wp-content\/uploads\/2025\/04\/R_05-scaled.jpg\" class=\"attachment-full size-full\" alt=\"\" srcset=\"https:\/\/de-co.com.tr\/wp-content\/uploads\/2025\/04\/R_05-scaled.jpg 2560w, https:\/\/de-co.com.tr\/wp-content\/uploads\/2025\/04\/R_05-300x169.jpg 300w, https:\/\/de-co.com.tr\/wp-content\/uploads\/2025\/04\/R_05-1024x576.jpg 1024w, https:\/\/de-co.com.tr\/wp-content\/uploads\/2025\/04\/R_05-768x432.jpg 768w, https:\/\/de-co.com.tr\/wp-content\/uploads\/2025\/04\/R_05-1536x864.jpg 1536w, https:\/\/de-co.com.tr\/wp-content\/uploads\/2025\/04\/R_05-2048x1152.jpg 2048w\" sizes=\"(max-width: 2560px) 100vw, 2560px\" \/><\/a>\n\t\t\t<\/div><\/figure><figure class='gallery-item'>\n\t\t\t<div class='gallery-icon landscape'>\n\t\t\t\t<a data-elementor-open-lightbox=\"yes\" data-elementor-lightbox-slideshow=\"d3f52b4\" data-elementor-lightbox-title=\"R_04\" data-e-action-hash=\"#elementor-action%3Aaction%3Dlightbox%26settings%3DeyJpZCI6MTMwLCJ1cmwiOiJodHRwczpcL1wvZGUtY28uY29tLnRyXC93cC1jb250ZW50XC91cGxvYWRzXC8yMDI1XC8wNFwvUl8wNC1zY2FsZWQuanBnIiwic2xpZGVzaG93IjoiZDNmNTJiNCJ9\" href='https:\/\/de-co.com.tr\/wp-content\/uploads\/2025\/04\/R_04-scaled.jpg'><img loading=\"lazy\" decoding=\"async\" width=\"2560\" height=\"1440\" src=\"https:\/\/de-co.com.tr\/wp-content\/uploads\/2025\/04\/R_04-scaled.jpg\" class=\"attachment-full size-full\" alt=\"\" srcset=\"https:\/\/de-co.com.tr\/wp-content\/uploads\/2025\/04\/R_04-scaled.jpg 2560w, https:\/\/de-co.com.tr\/wp-content\/uploads\/2025\/04\/R_04-300x169.jpg 300w, https:\/\/de-co.com.tr\/wp-content\/uploads\/2025\/04\/R_04-1024x576.jpg 1024w, https:\/\/de-co.com.tr\/wp-content\/uploads\/2025\/04\/R_04-768x432.jpg 768w, https:\/\/de-co.com.tr\/wp-content\/uploads\/2025\/04\/R_04-1536x864.jpg 1536w, https:\/\/de-co.com.tr\/wp-content\/uploads\/2025\/04\/R_04-2048x1152.jpg 2048w\" sizes=\"(max-width: 2560px) 100vw, 2560px\" \/><\/a>\n\t\t\t<\/div><\/figure>\n\t\t<\/div>\n\t\t<\/div>\n\t\t\t\t\t\t<\/div>\n\t\t\t\t<\/div>\n\t\t\t\t\t<\/div>\n\t\t<\/div>\n\t\t\t\t\t<\/div>\n\t\t<\/section>\n\t\t\t\t<\/div>\n\t\t","protected":false},"excerpt":{"rendered":"<p>Devam Eden Projeler Ana Sayfa \u2192 Devam Eden Projeler \u2192 \u0130stanbul Bo\u011faz Komutanl\u0131\u011f\u0131 K\u0131\u015fla ile Yemekhane Binas\u0131 Yap\u0131m\u0131 \u0130stanbul Bo\u011faz [&hellip;]<\/p>\n","protected":false},"author":1,"featured_media":0,"parent":0,"menu_order":0,"comment_status":"closed","ping_status":"closed","template":"elementor_header_footer","meta":{"site-sidebar-layout":"no-sidebar","site-content-layout":"","ast-site-content-layout":"full-width-container","site-content-style":"default","site-sidebar-style":"default","ast-global-header-display":"","ast-banner-title-visibility":"","ast-main-header-display":"","ast-hfb-above-header-display":"","ast-hfb-below-header-display":"","ast-hfb-mobile-header-display":"","site-post-title":"disabled","ast-breadcrumbs-content":"","ast-featured-img":"disabled","footer-sml-layout":"","theme-transparent-header-meta":"","adv-header-id-meta":"","stick-header-meta":"","header-above-stick-meta":"","header-main-stick-meta":"","header-below-stick-meta":"","astra-migrate-meta-layouts":"default","ast-page-background-enabled":"default","ast-page-background-meta":{"desktop":{"background-color":"var(--ast-global-color-5)","background-image":"","background-repeat":"repeat","background-position":"center center","background-size":"auto","background-attachment":"scroll","background-type":"","background-media":"","overlay-type":"","overlay-color":"","overlay-opacity":"","overlay-gradient":""},"tablet":{"background-color":"","background-image":"","background-repeat":"repeat","background-position":"center center","background-size":"auto","background-attachment":"scroll","background-type":"","background-media":"","overlay-type":"","overlay-color":"","overlay-opacity":"","overlay-gradient":""},"mobile":{"background-color":"","background-image":"","background-repeat":"repeat","background-position":"center center","background-size":"auto","background-attachment":"scroll","background-type":"","background-media":"","overlay-type":"","overlay-color":"","overlay-opacity":"","overlay-gradient":""}},"ast-content-background-meta":{"desktop":{"background-color":"var(--ast-global-color-4)","background-image":"","background-repeat":"repeat","background-position":"center center","background-size":"auto","background-attachment":"scroll","background-type":"","background-media":"","overlay-type":"","overlay-color":"","overlay-opacity":"","overlay-gradient":""},"tablet":{"background-color":"var(--ast-global-color-4)","background-image":"","background-repeat":"repeat","background-position":"center center","background-size":"auto","background-attachment":"scroll","background-type":"","background-media":"","overlay-type":"","overlay-color":"","overlay-opacity":"","overlay-gradient":""},"mobile":{"background-color":"var(--ast-global-color-4)","background-image":"","background-repeat":"repeat","background-position":"center center","background-size":"auto","background-attachment":"scroll","background-type":"","background-media":"","overlay-type":"","overlay-color":"","overlay-opacity":"","overlay-gradient":""}},"footnotes":""},"class_list":["post-142","page","type-page","status-publish","hentry"],"_links":{"self":[{"href":"https:\/\/de-co.com.tr\/index.php\/wp-json\/wp\/v2\/pages\/142","targetHints":{"allow":["GET"]}}],"collection":[{"href":"https:\/\/de-co.com.tr\/index.php\/wp-json\/wp\/v2\/pages"}],"about":[{"href":"https:\/\/de-co.com.tr\/index.php\/wp-json\/wp\/v2\/types\/page"}],"author":[{"embeddable":true,"href":"https:\/\/de-co.com.tr\/index.php\/wp-json\/wp\/v2\/users\/1"}],"replies":[{"embeddable":true,"href":"https:\/\/de-co.com.tr\/index.php\/wp-json\/wp\/v2\/comments?post=142"}],"version-history":[{"count":10,"href":"https:\/\/de-co.com.tr\/index.php\/wp-json\/wp\/v2\/pages\/142\/revisions"}],"predecessor-version":[{"id":434,"href":"https:\/\/de-co.com.tr\/index.php\/wp-json\/wp\/v2\/pages\/142\/revisions\/434"}],"wp:attachment":[{"href":"https:\/\/de-co.com.tr\/index.php\/wp-json\/wp\/v2\/media?parent=142"}],"curies":[{"name":"wp","href":"https:\/\/api.w.org\/{rel}","templated":true}]}}