{"id":115,"date":"2025-04-22T21:05:01","date_gmt":"2025-04-22T18:05:01","guid":{"rendered":"http:\/\/de-co.com.tr\/?page_id=115"},"modified":"2025-04-22T21:26:06","modified_gmt":"2025-04-22T18:26:06","slug":"devam-eden-projeler","status":"publish","type":"page","link":"https:\/\/de-co.com.tr\/index.php\/devam-eden-projeler\/","title":{"rendered":"Devam Eden Projeler"},"content":{"rendered":"\t\t<div data-elementor-type=\"wp-page\" data-elementor-id=\"115\" class=\"elementor elementor-115\">\n\t\t\t\t\t\t<section class=\"elementor-section elementor-top-section elementor-element elementor-element-bea3bb4 elementor-section-boxed elementor-section-height-default elementor-section-height-default\" data-id=\"bea3bb4\" data-element_type=\"section\" data-settings=\"{&quot;background_background&quot;:&quot;classic&quot;}\">\n\t\t\t\t\t\t<div class=\"elementor-container elementor-column-gap-default\">\n\t\t\t\t\t<div class=\"elementor-column elementor-col-100 elementor-top-column elementor-element elementor-element-2394187\" data-id=\"2394187\" data-element_type=\"column\">\n\t\t\t<div class=\"elementor-widget-wrap elementor-element-populated\">\n\t\t\t\t\t\t<div class=\"elementor-element elementor-element-50f7519 elementor-widget elementor-widget-spacer\" data-id=\"50f7519\" data-element_type=\"widget\" data-widget_type=\"spacer.default\">\n\t\t\t\t<div class=\"elementor-widget-container\">\n\t\t\t\t\t\t\t<div class=\"elementor-spacer\">\n\t\t\t<div class=\"elementor-spacer-inner\"><\/div>\n\t\t<\/div>\n\t\t\t\t\t\t<\/div>\n\t\t\t\t<\/div>\n\t\t\t\t<div class=\"elementor-element elementor-element-778e720 elementor-widget elementor-widget-heading\" data-id=\"778e720\" data-element_type=\"widget\" data-widget_type=\"heading.default\">\n\t\t\t\t<div class=\"elementor-widget-container\">\n\t\t\t\t\t<h2 class=\"elementor-heading-title elementor-size-default\">Devam Eden Projeler<\/h2>\t\t\t\t<\/div>\n\t\t\t\t<\/div>\n\t\t\t\t<div class=\"elementor-element elementor-element-4252ccc elementor-widget elementor-widget-text-editor\" data-id=\"4252ccc\" data-element_type=\"widget\" data-widget_type=\"text-editor.default\">\n\t\t\t\t<div class=\"elementor-widget-container\">\n\t\t\t\t\t\t\t\t\t<p>Ana Sayfa \u2192 Devam Eden Projeler<\/p>\t\t\t\t\t\t\t\t<\/div>\n\t\t\t\t<\/div>\n\t\t\t\t\t<\/div>\n\t\t<\/div>\n\t\t\t\t\t<\/div>\n\t\t<\/section>\n\t\t\t\t<section class=\"elementor-section elementor-top-section elementor-element elementor-element-82e8204 elementor-section-boxed elementor-section-height-default elementor-section-height-default\" data-id=\"82e8204\" data-element_type=\"section\">\n\t\t\t\t\t\t<div class=\"elementor-container elementor-column-gap-default\">\n\t\t\t\t\t<div class=\"elementor-column elementor-col-33 elementor-top-column elementor-element elementor-element-018271e\" data-id=\"018271e\" data-element_type=\"column\">\n\t\t\t<div class=\"elementor-widget-wrap elementor-element-populated\">\n\t\t\t\t\t\t<div class=\"elementor-element elementor-element-b8065d5 elementor-widget elementor-widget-image\" data-id=\"b8065d5\" data-element_type=\"widget\" data-widget_type=\"image.default\">\n\t\t\t\t<div class=\"elementor-widget-container\">\n\t\t\t\t\t\t\t\t\t\t\t\t<figure class=\"wp-caption\">\n\t\t\t\t\t\t\t\t\t\t\t<a href=\"http:\/\/de-co.com.tr\/index.php\/istanbul-bogaz-komutanligi-kisla-ile-yemekhane-binasi\/\">\n\t\t\t\t\t\t\t<img fetchpriority=\"high\" decoding=\"async\" width=\"1024\" height=\"576\" src=\"https:\/\/de-co.com.tr\/wp-content\/uploads\/2025\/04\/R_04-1024x576.jpg\" class=\"attachment-large size-large wp-image-130\" alt=\"\" srcset=\"https:\/\/de-co.com.tr\/wp-content\/uploads\/2025\/04\/R_04-1024x576.jpg 1024w, https:\/\/de-co.com.tr\/wp-content\/uploads\/2025\/04\/R_04-300x169.jpg 300w, https:\/\/de-co.com.tr\/wp-content\/uploads\/2025\/04\/R_04-768x432.jpg 768w, https:\/\/de-co.com.tr\/wp-content\/uploads\/2025\/04\/R_04-1536x864.jpg 1536w, https:\/\/de-co.com.tr\/wp-content\/uploads\/2025\/04\/R_04-2048x1152.jpg 2048w\" sizes=\"(max-width: 1024px) 100vw, 1024px\" \/>\t\t\t\t\t\t\t\t<\/a>\n\t\t\t\t\t\t\t\t\t\t\t<figcaption class=\"widget-image-caption wp-caption-text\">\u0130stanbul Bo\u011faz Komutanl\u0131\u011f\u0131 K\u0131\u015fla ile...<\/figcaption>\n\t\t\t\t\t\t\t\t\t\t<\/figure>\n\t\t\t\t\t\t\t\t\t<\/div>\n\t\t\t\t<\/div>\n\t\t\t\t<div class=\"elementor-element elementor-element-635f346 elementor-widget-divider--view-line elementor-widget elementor-widget-divider\" data-id=\"635f346\" data-element_type=\"widget\" data-widget_type=\"divider.default\">\n\t\t\t\t<div class=\"elementor-widget-container\">\n\t\t\t\t\t\t\t<div class=\"elementor-divider\">\n\t\t\t<span class=\"elementor-divider-separator\">\n\t\t\t\t\t\t<\/span>\n\t\t<\/div>\n\t\t\t\t\t\t<\/div>\n\t\t\t\t<\/div>\n\t\t\t\t\t<\/div>\n\t\t<\/div>\n\t\t\t\t<div class=\"elementor-column elementor-col-33 elementor-top-column elementor-element elementor-element-f747f3e\" data-id=\"f747f3e\" data-element_type=\"column\">\n\t\t\t<div class=\"elementor-widget-wrap elementor-element-populated\">\n\t\t\t\t\t\t<div class=\"elementor-element elementor-element-31f0f96 elementor-widget elementor-widget-image\" data-id=\"31f0f96\" data-element_type=\"widget\" data-widget_type=\"image.default\">\n\t\t\t\t<div class=\"elementor-widget-container\">\n\t\t\t\t\t\t\t\t\t\t\t\t<figure class=\"wp-caption\">\n\t\t\t\t\t\t\t\t\t\t\t<a href=\"http:\/\/de-co.com.tr\/index.php\/izmir-ilinde-toplan-5-okul\/\">\n\t\t\t\t\t\t\t<img decoding=\"async\" width=\"1024\" height=\"576\" src=\"https:\/\/de-co.com.tr\/wp-content\/uploads\/2025\/04\/951de6c5-7f11-4a3b-8e6d-7f3c9d322275-1024x576.jpg\" class=\"attachment-large size-large wp-image-125\" alt=\"\" srcset=\"https:\/\/de-co.com.tr\/wp-content\/uploads\/2025\/04\/951de6c5-7f11-4a3b-8e6d-7f3c9d322275-1024x576.jpg 1024w, https:\/\/de-co.com.tr\/wp-content\/uploads\/2025\/04\/951de6c5-7f11-4a3b-8e6d-7f3c9d322275-300x169.jpg 300w, https:\/\/de-co.com.tr\/wp-content\/uploads\/2025\/04\/951de6c5-7f11-4a3b-8e6d-7f3c9d322275-768x432.jpg 768w, https:\/\/de-co.com.tr\/wp-content\/uploads\/2025\/04\/951de6c5-7f11-4a3b-8e6d-7f3c9d322275-1536x864.jpg 1536w, https:\/\/de-co.com.tr\/wp-content\/uploads\/2025\/04\/951de6c5-7f11-4a3b-8e6d-7f3c9d322275-2048x1152.jpg 2048w\" sizes=\"(max-width: 1024px) 100vw, 1024px\" \/>\t\t\t\t\t\t\t\t<\/a>\n\t\t\t\t\t\t\t\t\t\t\t<figcaption class=\"widget-image-caption wp-caption-text\">\u0130zmir \u0130linde Toplam 5 Okul ve Eklentileri....<\/figcaption>\n\t\t\t\t\t\t\t\t\t\t<\/figure>\n\t\t\t\t\t\t\t\t\t<\/div>\n\t\t\t\t<\/div>\n\t\t\t\t<div class=\"elementor-element elementor-element-c8eae3d elementor-widget-divider--view-line elementor-widget elementor-widget-divider\" data-id=\"c8eae3d\" data-element_type=\"widget\" data-widget_type=\"divider.default\">\n\t\t\t\t<div class=\"elementor-widget-container\">\n\t\t\t\t\t\t\t<div class=\"elementor-divider\">\n\t\t\t<span class=\"elementor-divider-separator\">\n\t\t\t\t\t\t<\/span>\n\t\t<\/div>\n\t\t\t\t\t\t<\/div>\n\t\t\t\t<\/div>\n\t\t\t\t\t<\/div>\n\t\t<\/div>\n\t\t\t\t<div class=\"elementor-column elementor-col-33 elementor-top-column elementor-element elementor-element-77cc546\" data-id=\"77cc546\" data-element_type=\"column\">\n\t\t\t<div class=\"elementor-widget-wrap elementor-element-populated\">\n\t\t\t\t\t\t<div class=\"elementor-element elementor-element-842fd25 elementor-widget elementor-widget-image\" data-id=\"842fd25\" data-element_type=\"widget\" data-widget_type=\"image.default\">\n\t\t\t\t<div class=\"elementor-widget-container\">\n\t\t\t\t\t\t\t\t\t\t\t\t<figure class=\"wp-caption\">\n\t\t\t\t\t\t\t\t\t\t\t<a href=\"http:\/\/de-co.com.tr\/index.php\/izmir-ilinde-toplam-3-okul-ve-eklentileri-ikmal-yapimi\/\">\n\t\t\t\t\t\t\t<img decoding=\"async\" width=\"1024\" height=\"576\" src=\"https:\/\/de-co.com.tr\/wp-content\/uploads\/2025\/04\/825d6e15-503a-401a-9ec2-e6f9c04f0739-1024x576.jpg\" class=\"attachment-large size-large wp-image-120\" alt=\"\" srcset=\"https:\/\/de-co.com.tr\/wp-content\/uploads\/2025\/04\/825d6e15-503a-401a-9ec2-e6f9c04f0739-1024x576.jpg 1024w, https:\/\/de-co.com.tr\/wp-content\/uploads\/2025\/04\/825d6e15-503a-401a-9ec2-e6f9c04f0739-300x169.jpg 300w, https:\/\/de-co.com.tr\/wp-content\/uploads\/2025\/04\/825d6e15-503a-401a-9ec2-e6f9c04f0739-768x432.jpg 768w, https:\/\/de-co.com.tr\/wp-content\/uploads\/2025\/04\/825d6e15-503a-401a-9ec2-e6f9c04f0739-1536x864.jpg 1536w, https:\/\/de-co.com.tr\/wp-content\/uploads\/2025\/04\/825d6e15-503a-401a-9ec2-e6f9c04f0739-2048x1152.jpg 2048w\" sizes=\"(max-width: 1024px) 100vw, 1024px\" \/>\t\t\t\t\t\t\t\t<\/a>\n\t\t\t\t\t\t\t\t\t\t\t<figcaption class=\"widget-image-caption wp-caption-text\">\u0130zmir \u0130linde Toplam 3 Okul ve Eklentileri....<\/figcaption>\n\t\t\t\t\t\t\t\t\t\t<\/figure>\n\t\t\t\t\t\t\t\t\t<\/div>\n\t\t\t\t<\/div>\n\t\t\t\t<div class=\"elementor-element elementor-element-e456cb8 elementor-widget-divider--view-line elementor-widget elementor-widget-divider\" data-id=\"e456cb8\" data-element_type=\"widget\" data-widget_type=\"divider.default\">\n\t\t\t\t<div class=\"elementor-widget-container\">\n\t\t\t\t\t\t\t<div class=\"elementor-divider\">\n\t\t\t<span class=\"elementor-divider-separator\">\n\t\t\t\t\t\t<\/span>\n\t\t<\/div>\n\t\t\t\t\t\t<\/div>\n\t\t\t\t<\/div>\n\t\t\t\t\t<\/div>\n\t\t<\/div>\n\t\t\t\t\t<\/div>\n\t\t<\/section>\n\t\t\t\t<section class=\"elementor-section elementor-top-section elementor-element elementor-element-d829307 elementor-section-boxed elementor-section-height-default elementor-section-height-default\" data-id=\"d829307\" data-element_type=\"section\">\n\t\t\t\t\t\t<div class=\"elementor-container elementor-column-gap-default\">\n\t\t\t\t\t<div class=\"elementor-column elementor-col-33 elementor-top-column elementor-element elementor-element-54a72f1\" data-id=\"54a72f1\" data-element_type=\"column\">\n\t\t\t<div class=\"elementor-widget-wrap elementor-element-populated\">\n\t\t\t\t\t\t<div class=\"elementor-element elementor-element-d5388ab elementor-widget elementor-widget-image\" data-id=\"d5388ab\" data-element_type=\"widget\" data-widget_type=\"image.default\">\n\t\t\t\t<div class=\"elementor-widget-container\">\n\t\t\t\t\t\t\t\t\t\t\t\t<figure class=\"wp-caption\">\n\t\t\t\t\t\t\t\t\t\t\t<a href=\"http:\/\/de-co.com.tr\/index.php\/dokuz-eylul-universite-dis-hekimligi-binasi\/\">\n\t\t\t\t\t\t\t<img loading=\"lazy\" decoding=\"async\" width=\"1024\" height=\"576\" src=\"https:\/\/de-co.com.tr\/wp-content\/uploads\/2025\/04\/db52d54c-20ae-4b14-90ca-56f4c956d46b-1024x576.jpg\" class=\"attachment-large size-large wp-image-135\" alt=\"\" srcset=\"https:\/\/de-co.com.tr\/wp-content\/uploads\/2025\/04\/db52d54c-20ae-4b14-90ca-56f4c956d46b-1024x576.jpg 1024w, https:\/\/de-co.com.tr\/wp-content\/uploads\/2025\/04\/db52d54c-20ae-4b14-90ca-56f4c956d46b-300x169.jpg 300w, https:\/\/de-co.com.tr\/wp-content\/uploads\/2025\/04\/db52d54c-20ae-4b14-90ca-56f4c956d46b-768x432.jpg 768w, https:\/\/de-co.com.tr\/wp-content\/uploads\/2025\/04\/db52d54c-20ae-4b14-90ca-56f4c956d46b-1536x864.jpg 1536w, https:\/\/de-co.com.tr\/wp-content\/uploads\/2025\/04\/db52d54c-20ae-4b14-90ca-56f4c956d46b-2048x1152.jpg 2048w\" sizes=\"(max-width: 1024px) 100vw, 1024px\" \/>\t\t\t\t\t\t\t\t<\/a>\n\t\t\t\t\t\t\t\t\t\t\t<figcaption class=\"widget-image-caption wp-caption-text\">Dokuz Eyl\u00fcl \u00dcniversite Di\u015f Hekimli\u011fi...<\/figcaption>\n\t\t\t\t\t\t\t\t\t\t<\/figure>\n\t\t\t\t\t\t\t\t\t<\/div>\n\t\t\t\t<\/div>\n\t\t\t\t<div class=\"elementor-element elementor-element-f14c90e elementor-widget-divider--view-line elementor-widget elementor-widget-divider\" data-id=\"f14c90e\" data-element_type=\"widget\" data-widget_type=\"divider.default\">\n\t\t\t\t<div class=\"elementor-widget-container\">\n\t\t\t\t\t\t\t<div class=\"elementor-divider\">\n\t\t\t<span class=\"elementor-divider-separator\">\n\t\t\t\t\t\t<\/span>\n\t\t<\/div>\n\t\t\t\t\t\t<\/div>\n\t\t\t\t<\/div>\n\t\t\t\t\t<\/div>\n\t\t<\/div>\n\t\t\t\t<div class=\"elementor-column elementor-col-33 elementor-top-column elementor-element elementor-element-8d1ce95\" data-id=\"8d1ce95\" data-element_type=\"column\">\n\t\t\t<div class=\"elementor-widget-wrap\">\n\t\t\t\t\t\t\t<\/div>\n\t\t<\/div>\n\t\t\t\t<div class=\"elementor-column elementor-col-33 elementor-top-column elementor-element elementor-element-09501e8\" data-id=\"09501e8\" data-element_type=\"column\">\n\t\t\t<div class=\"elementor-widget-wrap\">\n\t\t\t\t\t\t\t<\/div>\n\t\t<\/div>\n\t\t\t\t\t<\/div>\n\t\t<\/section>\n\t\t\t\t<\/div>\n\t\t","protected":false},"excerpt":{"rendered":"<p>Devam Eden Projeler Ana Sayfa \u2192 Devam Eden Projeler \u0130stanbul Bo\u011faz Komutanl\u0131\u011f\u0131 K\u0131\u015fla ile&#8230; \u0130zmir \u0130linde Toplam 5 Okul ve [&hellip;]<\/p>\n","protected":false},"author":1,"featured_media":0,"parent":0,"menu_order":0,"comment_status":"closed","ping_status":"closed","template":"elementor_header_footer","meta":{"site-sidebar-layout":"no-sidebar","site-content-layout":"","ast-site-content-layout":"full-width-container","site-content-style":"default","site-sidebar-style":"default","ast-global-header-display":"","ast-banner-title-visibility":"","ast-main-header-display":"","ast-hfb-above-header-display":"","ast-hfb-below-header-display":"","ast-hfb-mobile-header-display":"","site-post-title":"disabled","ast-breadcrumbs-content":"","ast-featured-img":"disabled","footer-sml-layout":"","theme-transparent-header-meta":"","adv-header-id-meta":"","stick-header-meta":"","header-above-stick-meta":"","header-main-stick-meta":"","header-below-stick-meta":"","astra-migrate-meta-layouts":"default","ast-page-background-enabled":"default","ast-page-background-meta":{"desktop":{"background-color":"var(--ast-global-color-5)","background-image":"","background-repeat":"repeat","background-position":"center center","background-size":"auto","background-attachment":"scroll","background-type":"","background-media":"","overlay-type":"","overlay-color":"","overlay-opacity":"","overlay-gradient":""},"tablet":{"background-color":"","background-image":"","background-repeat":"repeat","background-position":"center center","background-size":"auto","background-attachment":"scroll","background-type":"","background-media":"","overlay-type":"","overlay-color":"","overlay-opacity":"","overlay-gradient":""},"mobile":{"background-color":"","background-image":"","background-repeat":"repeat","background-position":"center center","background-size":"auto","background-attachment":"scroll","background-type":"","background-media":"","overlay-type":"","overlay-color":"","overlay-opacity":"","overlay-gradient":""}},"ast-content-background-meta":{"desktop":{"background-color":"var(--ast-global-color-4)","background-image":"","background-repeat":"repeat","background-position":"center center","background-size":"auto","background-attachment":"scroll","background-type":"","background-media":"","overlay-type":"","overlay-color":"","overlay-opacity":"","overlay-gradient":""},"tablet":{"background-color":"var(--ast-global-color-4)","background-image":"","background-repeat":"repeat","background-position":"center center","background-size":"auto","background-attachment":"scroll","background-type":"","background-media":"","overlay-type":"","overlay-color":"","overlay-opacity":"","overlay-gradient":""},"mobile":{"background-color":"var(--ast-global-color-4)","background-image":"","background-repeat":"repeat","background-position":"center center","background-size":"auto","background-attachment":"scroll","background-type":"","background-media":"","overlay-type":"","overlay-color":"","overlay-opacity":"","overlay-gradient":""}},"footnotes":""},"class_list":["post-115","page","type-page","status-publish","hentry"],"_links":{"self":[{"href":"https:\/\/de-co.com.tr\/index.php\/wp-json\/wp\/v2\/pages\/115","targetHints":{"allow":["GET"]}}],"collection":[{"href":"https:\/\/de-co.com.tr\/index.php\/wp-json\/wp\/v2\/pages"}],"about":[{"href":"https:\/\/de-co.com.tr\/index.php\/wp-json\/wp\/v2\/types\/page"}],"author":[{"embeddable":true,"href":"https:\/\/de-co.com.tr\/index.php\/wp-json\/wp\/v2\/users\/1"}],"replies":[{"embeddable":true,"href":"https:\/\/de-co.com.tr\/index.php\/wp-json\/wp\/v2\/comments?post=115"}],"version-history":[{"count":7,"href":"https:\/\/de-co.com.tr\/index.php\/wp-json\/wp\/v2\/pages\/115\/revisions"}],"predecessor-version":[{"id":168,"href":"https:\/\/de-co.com.tr\/index.php\/wp-json\/wp\/v2\/pages\/115\/revisions\/168"}],"wp:attachment":[{"href":"https:\/\/de-co.com.tr\/index.php\/wp-json\/wp\/v2\/media?parent=115"}],"curies":[{"name":"wp","href":"https:\/\/api.w.org\/{rel}","templated":true}]}}